{"id":2342,"date":"2014-11-11T20:35:05","date_gmt":"2014-11-11T18:35:05","guid":{"rendered":"https:\/\/mydrink.ee\/product\/magyar-feher-bor-white-11-5-300cl-bib\/"},"modified":"2025-11-05T12:18:42","modified_gmt":"2025-11-05T10:18:42","slug":"magyar-feher-bor-white-11-5-300cl-bib","status":"publish","type":"product","link":"https:\/\/mydrink.ee\/fi\/product\/magyar-feher-bor-white-11-5-300cl-bib\/","title":{"rendered":"Magyar Feher Bor White 11,5% 300cl BIB"},"content":{"rendered":"<p>Magyar Feh\u00e9r Bor on enimm\u00fc\u00fcdud valge vein Soomes. M\u00e1traalja viinamarjaistandus asub Budapestist kirdes. Siin valmivad v\u00e4rsked ja aromaatsed veinid, maitselt magusad v\u00f5i poolmagusad.<\/p>\n\n<style>.wp-block-kadence-advancedheading.kt-adv-heading2342_4afbcf-0b_0, .wp-block-kadence-advancedheading.kt-adv-heading2342_4afbcf-0b_0[data-kb-block=\"kb-adv-heading2342_4afbcf-0b_0\"]{font-style:normal;color:#ffffff;}.wp-block-kadence-advancedheading.kt-adv-heading2342_4afbcf-0b_0 mark.kt-highlight, .wp-block-kadence-advancedheading.kt-adv-heading2342_4afbcf-0b_0[data-kb-block=\"kb-adv-heading2342_4afbcf-0b_0\"] mark.kt-highlight{font-style:normal;color:#f76a0c;-webkit-box-decoration-break:clone;box-decoration-break:clone;padding-top:0px;padding-right:0px;padding-bottom:0px;padding-left:0px;}<\/style>\n<p class=\"kt-adv-heading2342_4afbcf-0b_0 wp-block-kadence-advancedheading\" data-kb-block=\"kb-adv-heading2342_4afbcf-0b_0\">mediumsweet<\/p>","protected":false},"excerpt":{"rendered":"<p>Liik:\tLauavein<br \/>\nKastis: 4<br \/>\nMaht: 300CL<br \/>\nAlkoholisisaldus: 11,5%<br \/>\nP\u00e4ritolumaa: Ungari<br \/>\nViinamarjasort: Welschriesling, M\u00fcller-Thurgau<br \/>\nL\u00f5hn: Puuviljane, tunda k\u00fcpset ploomi ja lillenoote.<br \/>\nMaitse: poolmagus, happesus on heas tasakaalus. M\u00f5nusalt puuviljane ja lilleline.<br \/>\nToidusoovitus: Sobib serveerimiseks idamaiste v\u00fcrtsikate roogade k\u00f5rvale v\u00f5i nautimiseks iseseisvalt.<br \/>\nServeerimine:\t8-10 C<\/p>","protected":false},"featured_media":2341,"template":"","meta":{"_acf_changed":false,"_kadence_starter_templates_imported_post":false,"_kad_post_transparent":"","_kad_post_title":"","_kad_post_layout":"","_kad_post_sidebar_id":"","_kad_post_content_style":"","_kad_post_vertical_padding":"","_kad_post_feature":"","_kad_post_feature_position":"","_kad_post_header":false,"_kad_post_footer":false},"product_brand":[],"product_cat":[21,182,120],"product_tag":[],"class_list":{"0":"post-2342","1":"product","2":"type-product","3":"status-publish","4":"has-post-thumbnail","6":"product_cat-valged-veinid","7":"product_cat-pakiveinid-1-veinid","8":"product_cat-pakiveinid-1","10":"first","11":"instock","12":"taxable","13":"shipping-taxable","14":"purchasable","15":"product-type-simple","16":"entry","17":"content-bg","18":"loop-entry"},"acf":[],"_links":{"self":[{"href":"https:\/\/mydrink.ee\/fi\/wp-json\/wp\/v2\/product\/2342","targetHints":{"allow":["GET"]}}],"collection":[{"href":"https:\/\/mydrink.ee\/fi\/wp-json\/wp\/v2\/product"}],"about":[{"href":"https:\/\/mydrink.ee\/fi\/wp-json\/wp\/v2\/types\/product"}],"wp:featuredmedia":[{"embeddable":true,"href":"https:\/\/mydrink.ee\/fi\/wp-json\/wp\/v2\/media\/2341"}],"wp:attachment":[{"href":"https:\/\/mydrink.ee\/fi\/wp-json\/wp\/v2\/media?parent=2342"}],"wp:term":[{"taxonomy":"product_brand","embeddable":true,"href":"https:\/\/mydrink.ee\/fi\/wp-json\/wp\/v2\/product_brand?post=2342"},{"taxonomy":"product_cat","embeddable":true,"href":"https:\/\/mydrink.ee\/fi\/wp-json\/wp\/v2\/product_cat?post=2342"},{"taxonomy":"product_tag","embeddable":true,"href":"https:\/\/mydrink.ee\/fi\/wp-json\/wp\/v2\/product_tag?post=2342"}],"curies":[{"name":"wp","href":"https:\/\/api.w.org\/{rel}","templated":true}]}}