{"id":240,"date":"2012-07-13T10:47:59","date_gmt":"2012-07-13T07:47:59","guid":{"rendered":"https:\/\/mydrink.ee\/product\/cognac-de-luze-vsop-40-vol-70cl-box\/"},"modified":"2026-02-16T17:34:28","modified_gmt":"2026-02-16T15:34:28","slug":"cognac-de-luze-vsop-40-vol-70cl-box","status":"publish","type":"product","link":"https:\/\/mydrink.ee\/fi\/product\/cognac-de-luze-vsop-40-vol-70cl-box\/","title":{"rendered":"COGNAC DE LUZE VSOP 40% vol 70CL BOX"},"content":{"rendered":"<p>De Luze konjakid segatakse kokku mitmest erinevast destillaadist, mis on saadud kuuelt erinevalt Cognac\u00b4i maa-alalt. Konjakisegud k\u00fcpsevad v\u00e4ikestes Limousine tammevaatides.<br \/>\nAastal 1820 asutas parun Alfred de Luze konjakimaja A. de Luze &#038; Fils. Tuginedes Cognaci konjakivalmistamise traditsioonidele, on Alfred de Luze loonud suurep\u00e4rase kvaliteediga konjakite perekonna, mille tunnustuseks on aastal 1927 s\u00f5lmitud leping varustada De Luze konjakitega Taani kuninglikku \u00f5ukonda. De Luze konjak on soositud kvaliteetkonjak Skandinaavias ja standardkonjakite hinnaklassis turuliidrid Taanis, Norras ja Rootsis.<\/p>\n\n<style>.wp-block-kadence-advancedheading.kt-adv-heading240_7de86f-44, .wp-block-kadence-advancedheading.kt-adv-heading240_7de86f-44[data-kb-block=\"kb-adv-heading240_7de86f-44\"]{font-style:normal;}.wp-block-kadence-advancedheading.kt-adv-heading240_7de86f-44 mark.kt-highlight, .wp-block-kadence-advancedheading.kt-adv-heading240_7de86f-44[data-kb-block=\"kb-adv-heading240_7de86f-44\"] mark.kt-highlight{font-style:normal;color:#f76a0c;-webkit-box-decoration-break:clone;box-decoration-break:clone;padding-top:0px;padding-right:0px;padding-bottom:0px;padding-left:0px;}<\/style>\n<p class=\"kt-adv-heading240_7de86f-44 wp-block-kadence-advancedheading\" data-kb-block=\"kb-adv-heading240_7de86f-44\"><\/p>\n\n\n<style>.wp-block-kadence-advancedheading.kt-adv-heading240_1c2a34-a0, .wp-block-kadence-advancedheading.kt-adv-heading240_1c2a34-a0[data-kb-block=\"kb-adv-heading240_1c2a34-a0\"]{font-style:normal;}.wp-block-kadence-advancedheading.kt-adv-heading240_1c2a34-a0 mark.kt-highlight, .wp-block-kadence-advancedheading.kt-adv-heading240_1c2a34-a0[data-kb-block=\"kb-adv-heading240_1c2a34-a0\"] mark.kt-highlight{font-style:normal;color:#f76a0c;-webkit-box-decoration-break:clone;box-decoration-break:clone;padding-top:0px;padding-right:0px;padding-bottom:0px;padding-left:0px;}<\/style>\n<p class=\"kt-adv-heading240_1c2a34-a0 wp-block-kadence-advancedheading\" data-kb-block=\"kb-adv-heading240_1c2a34-a0\"><\/p>\n\n\n<style>.wp-block-kadence-advancedheading.kt-adv-heading240_ef9442-bc, .wp-block-kadence-advancedheading.kt-adv-heading240_ef9442-bc[data-kb-block=\"kb-adv-heading240_ef9442-bc\"]{font-style:normal;}.wp-block-kadence-advancedheading.kt-adv-heading240_ef9442-bc mark.kt-highlight, .wp-block-kadence-advancedheading.kt-adv-heading240_ef9442-bc[data-kb-block=\"kb-adv-heading240_ef9442-bc\"] mark.kt-highlight{font-style:normal;color:#f76a0c;-webkit-box-decoration-break:clone;box-decoration-break:clone;padding-top:0px;padding-right:0px;padding-bottom:0px;padding-left:0px;}<\/style>\n<p class=\"kt-adv-heading240_ef9442-bc wp-block-kadence-advancedheading\" data-kb-block=\"kb-adv-heading240_ef9442-bc\"><\/p>","protected":false},"excerpt":{"rendered":"<p>COGNAC DE LUZE VSOP 40% 70CL BOX<\/p>\n<p>Liik: Konjak<br \/>\nKastis:\t12<br \/>\nMaht:\t70CL<br \/>\nAlkoholisisaldus:\t40% vol<br \/>\nP\u00e4ritolumaa:\tPrantsusmaa<br \/>\nV\u00e4rvus: tume merevaik<br \/>\nAroom: m\u00f5nus, kuivanud puulehtede, kuivatatud puuviljade ja tammepuu aroom<br \/>\nMaitse: pehme, magusalt t\u00e4idlane konjak<\/p>","protected":false},"featured_media":239,"template":"","meta":{"_acf_changed":false,"_kadence_starter_templates_imported_post":false,"_kad_post_transparent":"","_kad_post_title":"","_kad_post_layout":"","_kad_post_sidebar_id":"","_kad_post_content_style":"","_kad_post_vertical_padding":"","_kad_post_feature":"","_kad_post_feature_position":"","_kad_post_header":false,"_kad_post_footer":false},"product_brand":[],"product_cat":[42,26],"product_tag":[],"class_list":{"0":"post-240","1":"product","2":"type-product","3":"status-publish","4":"has-post-thumbnail","6":"product_cat-konjak","7":"product_cat-kange-alkohol","9":"first","10":"instock","11":"taxable","12":"shipping-taxable","13":"purchasable","14":"product-type-simple","15":"entry","16":"content-bg","17":"loop-entry"},"acf":[],"_links":{"self":[{"href":"https:\/\/mydrink.ee\/fi\/wp-json\/wp\/v2\/product\/240","targetHints":{"allow":["GET"]}}],"collection":[{"href":"https:\/\/mydrink.ee\/fi\/wp-json\/wp\/v2\/product"}],"about":[{"href":"https:\/\/mydrink.ee\/fi\/wp-json\/wp\/v2\/types\/product"}],"wp:featuredmedia":[{"embeddable":true,"href":"https:\/\/mydrink.ee\/fi\/wp-json\/wp\/v2\/media\/239"}],"wp:attachment":[{"href":"https:\/\/mydrink.ee\/fi\/wp-json\/wp\/v2\/media?parent=240"}],"wp:term":[{"taxonomy":"product_brand","embeddable":true,"href":"https:\/\/mydrink.ee\/fi\/wp-json\/wp\/v2\/product_brand?post=240"},{"taxonomy":"product_cat","embeddable":true,"href":"https:\/\/mydrink.ee\/fi\/wp-json\/wp\/v2\/product_cat?post=240"},{"taxonomy":"product_tag","embeddable":true,"href":"https:\/\/mydrink.ee\/fi\/wp-json\/wp\/v2\/product_tag?post=240"}],"curies":[{"name":"wp","href":"https:\/\/api.w.org\/{rel}","templated":true}]}}