{"id":2460,"date":"2014-11-19T09:01:03","date_gmt":"2014-11-19T07:01:03","guid":{"rendered":"https:\/\/mydrink.ee\/product\/j-p-chenet-merlot-13-300cl-bib\/"},"modified":"2014-11-19T09:01:03","modified_gmt":"2014-11-19T07:01:03","slug":"j-p-chenet-merlot-13-300cl-bib","status":"publish","type":"product","link":"https:\/\/mydrink.ee\/fi\/product\/j-p-chenet-merlot-13-300cl-bib\/","title":{"rendered":"J.P.Chenet Merlot 13% 300cl BIB"},"content":{"rendered":"<p>Merlot on L\u00f5una &#8211; Prantsusmaal h\u00e4sti kohanenud Bordeaux piirkonna \u00fcks tuntumaid sorte. Tegemist on viinamarjale omaselt v\u00e4ga v\u00e4ljendusrikka kuiva punase veiniga.<\/p>","protected":false},"excerpt":{"rendered":"<p>Liik:\tGeograafilise t\u00e4hisega vein<br \/>\nKastis: 4<br \/>\nMaht: 300CL<br \/>\nAlkoholisisaldus: 13%<br \/>\nP\u00e4ritolumaa: Prantsusmaa<br \/>\nViinamarjasort: Merlot<br \/>\nIseloomustus: Aroomis on tunda peamiselt punaseid puuvilju, musts\u00f5start, kirssi ja vaarikamoosi. Maitses t\u00e4iendab lopsakat marjasust pehme parkhape, mis kestab sametise naudinguna ka veini j\u00e4relmaitses.<br \/>\nToidusoovitus: T\u00e4nu Merlot \u00fcmarale karakterile sobib see vein suurep\u00e4raselt valge liha, grillitud linnuliha ja salatite ning erinevate juustude juurde.<br \/>\nServeerida temperatuuril: 16-18  \u030a C<\/p>","protected":false},"featured_media":2459,"template":"","meta":{"_acf_changed":false,"_kadence_starter_templates_imported_post":false,"_kad_post_transparent":"","_kad_post_title":"","_kad_post_layout":"","_kad_post_sidebar_id":"","_kad_post_content_style":"","_kad_post_vertical_padding":"","_kad_post_feature":"","_kad_post_feature_position":"","_kad_post_header":false,"_kad_post_footer":false},"product_brand":[],"product_cat":[20,182,32,119],"product_tag":[],"class_list":{"0":"post-2460","1":"product","2":"type-product","3":"status-publish","4":"has-post-thumbnail","6":"product_cat-punased-veinid","7":"product_cat-pakiveinid-1-veinid","8":"product_cat-prantsuse","9":"product_cat-pakiveinid","11":"first","12":"instock","13":"taxable","14":"shipping-taxable","15":"purchasable","16":"product-type-simple","17":"entry","18":"content-bg","19":"loop-entry"},"acf":[],"_links":{"self":[{"href":"https:\/\/mydrink.ee\/fi\/wp-json\/wp\/v2\/product\/2460","targetHints":{"allow":["GET"]}}],"collection":[{"href":"https:\/\/mydrink.ee\/fi\/wp-json\/wp\/v2\/product"}],"about":[{"href":"https:\/\/mydrink.ee\/fi\/wp-json\/wp\/v2\/types\/product"}],"wp:featuredmedia":[{"embeddable":true,"href":"https:\/\/mydrink.ee\/fi\/wp-json\/wp\/v2\/media\/2459"}],"wp:attachment":[{"href":"https:\/\/mydrink.ee\/fi\/wp-json\/wp\/v2\/media?parent=2460"}],"wp:term":[{"taxonomy":"product_brand","embeddable":true,"href":"https:\/\/mydrink.ee\/fi\/wp-json\/wp\/v2\/product_brand?post=2460"},{"taxonomy":"product_cat","embeddable":true,"href":"https:\/\/mydrink.ee\/fi\/wp-json\/wp\/v2\/product_cat?post=2460"},{"taxonomy":"product_tag","embeddable":true,"href":"https:\/\/mydrink.ee\/fi\/wp-json\/wp\/v2\/product_tag?post=2460"}],"curies":[{"name":"wp","href":"https:\/\/api.w.org\/{rel}","templated":true}]}}