{"id":2472,"date":"2014-11-19T21:04:20","date_gmt":"2014-11-19T19:04:20","guid":{"rendered":"https:\/\/mydrink.ee\/product\/cono-sur-tocornal-cabernet-sauvignon-merlot-12-5-300cl-bib\/"},"modified":"2014-11-19T21:04:20","modified_gmt":"2014-11-19T19:04:20","slug":"cono-sur-tocornal-cabernet-sauvignon-merlot-12-5-300cl-bib","status":"publish","type":"product","link":"https:\/\/mydrink.ee\/fi\/product\/cono-sur-tocornal-cabernet-sauvignon-merlot-12-5-300cl-bib\/","title":{"rendered":"Cono Sur Tocornal Cabernet Sauvignon Merlot 12,5% 300cl BIB"},"content":{"rendered":"<p>40% marjadest on korjatud k\u00e4sitsi, vein matsereeritakse 4 p\u00e4eva,<br \/>\nk\u00e4\u00e4ritatakse roostevabast terasvaatides ja on malolaktiliselt fermenteeritud, vein on laagerdunud 4 kuud roostevabast terasvaatides.<br \/>\nVeinikoda on asutatud 1993 aastal Santiagost l\u00f5unapool asuvas Colchagua<br \/>\nValleys, Chimbarongo k\u00fclakese l\u00e4hedal. Nimetus Cono Sur t\u00e4hendab L\u00f5una<br \/>\nKoonust, meenutamaks L\u00f5una Ameerika koonusetaolist kuju.<br \/>\nCono Suri moto on \u2013\u201e No family trees, no dusty bottles, just quality wine\u201c &#8211; veinimeistriks Adlofo Hurtado.<br \/>\nViinamarjaaedu \u00fcle 1800 hektari mitmetes erinevates viinamarjakasvatus-<br \/>\npiirkondades T\u0161iilis.<\/p>","protected":false},"excerpt":{"rendered":"<p>Liik:\tGeograafilise t\u00e4hisega vein<br \/>\nKastis: 4<br \/>\nMaht: 300CL<br \/>\nAlkoholisisaldus: 12,5% vol<br \/>\nP\u00e4ritolumaa: Tsiili<br \/>\nViinamarjasort: Cabernet Sauvignon, Merlot<br \/>\nIseloomustus: Keskmise t\u00e4idlusega punavein<br \/>\nV\u00e4rv: on vein purpurpunane<br \/>\nAroom: on vihjeid tumedatele metsamarjadele, tunda veel musts\u00f5straid,m\u00f5ru\u0161okolaadi, tumedaid ploome ja kerget piprast v\u00fcrtsikust. Aroomil\u00f5ppu elavdab kerge tubakalehe n\u00fcanss.<br \/>\nMaitse: keskmise marjase t\u00e4idlusega, tunda \u00fclek\u00fcpsenud musts\u00f5straid, k\u00fcpseid tumedaid luuvilju, j\u00e4relmaitses lisab truktuuri kerge v\u00fcrtsikas tanniinsus.<br \/>\nToidusoovitus: K\u00fcpsetatud ja loomalihatoidud, punaveinikastmed, grillitud- r\u00f6stitud juurviljad, lihap\u00f5hised pajaroad, k\u00fcpsed juustud.<br \/>\nServeerida temperatuuril: 16-18 \u030a C<\/p>","protected":false},"featured_media":2471,"template":"","meta":{"_acf_changed":false,"_kadence_starter_templates_imported_post":false,"_kad_post_transparent":"","_kad_post_title":"","_kad_post_layout":"","_kad_post_sidebar_id":"","_kad_post_content_style":"","_kad_post_vertical_padding":"","_kad_post_feature":"","_kad_post_feature_position":"","_kad_post_header":false,"_kad_post_footer":false},"product_brand":[],"product_cat":[20,182,34,119],"product_tag":[],"class_list":{"0":"post-2472","1":"product","2":"type-product","3":"status-publish","4":"has-post-thumbnail","6":"product_cat-punased-veinid","7":"product_cat-pakiveinid-1-veinid","8":"product_cat-thsiili","9":"product_cat-pakiveinid","11":"first","12":"instock","13":"taxable","14":"shipping-taxable","15":"purchasable","16":"product-type-simple","17":"entry","18":"content-bg","19":"loop-entry"},"acf":[],"_links":{"self":[{"href":"https:\/\/mydrink.ee\/fi\/wp-json\/wp\/v2\/product\/2472","targetHints":{"allow":["GET"]}}],"collection":[{"href":"https:\/\/mydrink.ee\/fi\/wp-json\/wp\/v2\/product"}],"about":[{"href":"https:\/\/mydrink.ee\/fi\/wp-json\/wp\/v2\/types\/product"}],"wp:featuredmedia":[{"embeddable":true,"href":"https:\/\/mydrink.ee\/fi\/wp-json\/wp\/v2\/media\/2471"}],"wp:attachment":[{"href":"https:\/\/mydrink.ee\/fi\/wp-json\/wp\/v2\/media?parent=2472"}],"wp:term":[{"taxonomy":"product_brand","embeddable":true,"href":"https:\/\/mydrink.ee\/fi\/wp-json\/wp\/v2\/product_brand?post=2472"},{"taxonomy":"product_cat","embeddable":true,"href":"https:\/\/mydrink.ee\/fi\/wp-json\/wp\/v2\/product_cat?post=2472"},{"taxonomy":"product_tag","embeddable":true,"href":"https:\/\/mydrink.ee\/fi\/wp-json\/wp\/v2\/product_tag?post=2472"}],"curies":[{"name":"wp","href":"https:\/\/api.w.org\/{rel}","templated":true}]}}