{"id":2480,"date":"2014-11-20T11:14:38","date_gmt":"2014-11-20T09:14:38","guid":{"rendered":"https:\/\/mydrink.ee\/product\/metaxa-12-40-70cl-2-klaasi\/"},"modified":"2025-09-09T03:03:48","modified_gmt":"2025-09-09T00:03:48","slug":"metaxa-12-40-70cl-2-klaasi","status":"publish","type":"product","link":"https:\/\/mydrink.ee\/fi\/product\/metaxa-12-40-70cl-2-klaasi\/","title":{"rendered":"METAXA 12* 40% 70CL + 2 KLAASI"},"content":{"rendered":"<p>METAXA 12* koosneb parimatest valitud veini destillaatidest ja muskaatveinist, mis valmistatud k\u00e4sitsi korjatud Samose saare p\u00e4ikeselistest viinamarjadest, mis v\u00e4\u00e4rikalt vananenud Metaxa keldrites 12 aasta jooksul.<br \/>\nMETAXA 12* maitses on tunda \u0161okolaad, v\u00f5ikaramell ja apelsinikoor.<br \/>\nMETAXA 12* on loodud Konstantin Raptis, METAXA meistri poolt.<\/p>","protected":false},"excerpt":{"rendered":"<p>Liik:\tKange alkohol, Br\u00e4ndi<br \/>\nKastis:\t6<br \/>\nMaht:\t70CL<br \/>\nAlkoholisisaldus:\t40%<br \/>\nP\u00e4ritolumaa:\tKreeka<\/p>","protected":false},"featured_media":2479,"template":"","meta":{"_acf_changed":false,"_kad_post_transparent":"","_kad_post_title":"","_kad_post_layout":"","_kad_post_sidebar_id":"","_kad_post_content_style":"","_kad_post_vertical_padding":"","_kad_post_feature":"","_kad_post_feature_position":"","_kad_post_header":false,"_kad_post_footer":false},"product_brand":[],"product_cat":[26,95],"product_tag":[],"class_list":{"0":"post-2480","1":"product","2":"type-product","3":"status-publish","4":"has-post-thumbnail","6":"product_cat-kange-alkohol","7":"product_cat-metaxa","9":"first","10":"outofstock","11":"taxable","12":"shipping-taxable","13":"purchasable","14":"product-type-simple","15":"entry","16":"content-bg","17":"loop-entry"},"acf":[],"_links":{"self":[{"href":"https:\/\/mydrink.ee\/fi\/wp-json\/wp\/v2\/product\/2480","targetHints":{"allow":["GET"]}}],"collection":[{"href":"https:\/\/mydrink.ee\/fi\/wp-json\/wp\/v2\/product"}],"about":[{"href":"https:\/\/mydrink.ee\/fi\/wp-json\/wp\/v2\/types\/product"}],"wp:featuredmedia":[{"embeddable":true,"href":"https:\/\/mydrink.ee\/fi\/wp-json\/wp\/v2\/media\/2479"}],"wp:attachment":[{"href":"https:\/\/mydrink.ee\/fi\/wp-json\/wp\/v2\/media?parent=2480"}],"wp:term":[{"taxonomy":"product_brand","embeddable":true,"href":"https:\/\/mydrink.ee\/fi\/wp-json\/wp\/v2\/product_brand?post=2480"},{"taxonomy":"product_cat","embeddable":true,"href":"https:\/\/mydrink.ee\/fi\/wp-json\/wp\/v2\/product_cat?post=2480"},{"taxonomy":"product_tag","embeddable":true,"href":"https:\/\/mydrink.ee\/fi\/wp-json\/wp\/v2\/product_tag?post=2480"}],"curies":[{"name":"wp","href":"https:\/\/api.w.org\/{rel}","templated":true}]}}