{"id":2612,"date":"2014-12-30T23:31:23","date_gmt":"2014-12-30T21:31:23","guid":{"rendered":"https:\/\/mydrink.ee\/product\/metaxa-honey-30-70cl\/"},"modified":"2025-09-09T03:03:48","modified_gmt":"2025-09-09T00:03:48","slug":"metaxa-honey-30-70cl","status":"publish","type":"product","link":"https:\/\/mydrink.ee\/fi\/product\/metaxa-honey-30-70cl\/","title":{"rendered":"METAXA HONEY 30% 70CL"},"content":{"rendered":"<p>METAXA HONEY SHOT on loodud Metaxa Meister Constatinos Raptis poolt, ammutades inspiratsiooni klassikalisest METAXA 5* ning lilleliselt ja mesiselt l\u00f5hnavatest Kreeka m\u00e4gedest. Metaxa Meister kasutas HONEY SHOT loomisel Damaskuse roosi \u00f5ielehti ja vahemere \u00fcrte, et luua salajane maitse- ja l\u00f5hnabukett, mis annab viimase lihvi kvaliteetsetele viinamarja destillaatide ja Egeuse mere saartelt p\u00e4rit, tammevaadis laagerdunud muskaatveinide kooslusele. Seej\u00e4rel viimistles Metaxa Meister HONEY SHOTi killukese Kreeka meega, mis on sarnaselt Damaskuse roosidega p\u00e4rit Peloponnesuse m\u00e4gedest. Tulemuseks on eriliselt mahedamaitseline METAXA, mille maitses on tunda Kreeka mee aromaatset intensiivsust. Ideaalne nautimiseks j\u00e4\u00e4k\u00fclmade shottidena.<br \/> Toote tunneb \u00e4ra spetsiifilise meev\u00e4rvi etiketi j\u00e4rgi.<\/p>","protected":false},"excerpt":{"rendered":"<p>Liik: Kange alkohol, Br\u00e4ndi<br \/>\nKastis: 12<br \/>\nMaht: 70CL<br \/>\nAlkoholisisaldus: 30%<br \/>\nP\u00e4ritolumaa: Kreeka<br \/>\nMaitse: Eriliselt mahe, milles tunda Kreeka mee intensiivsust<br \/>\nToidusoovitus: Ideaalne nautimiseks j\u00e4\u00e4k\u00fclmade shottidena.<\/p>","protected":false},"featured_media":2611,"template":"","meta":{"_acf_changed":false,"_kad_post_transparent":"","_kad_post_title":"","_kad_post_layout":"","_kad_post_sidebar_id":"","_kad_post_content_style":"","_kad_post_vertical_padding":"","_kad_post_feature":"","_kad_post_feature_position":"","_kad_post_header":false,"_kad_post_footer":false},"product_brand":[],"product_cat":[26,95],"product_tag":[],"class_list":{"0":"post-2612","1":"product","2":"type-product","3":"status-publish","4":"has-post-thumbnail","6":"product_cat-kange-alkohol","7":"product_cat-metaxa","9":"first","10":"outofstock","11":"taxable","12":"shipping-taxable","13":"purchasable","14":"product-type-simple","15":"entry","16":"content-bg","17":"loop-entry"},"acf":[],"_links":{"self":[{"href":"https:\/\/mydrink.ee\/fi\/wp-json\/wp\/v2\/product\/2612","targetHints":{"allow":["GET"]}}],"collection":[{"href":"https:\/\/mydrink.ee\/fi\/wp-json\/wp\/v2\/product"}],"about":[{"href":"https:\/\/mydrink.ee\/fi\/wp-json\/wp\/v2\/types\/product"}],"wp:featuredmedia":[{"embeddable":true,"href":"https:\/\/mydrink.ee\/fi\/wp-json\/wp\/v2\/media\/2611"}],"wp:attachment":[{"href":"https:\/\/mydrink.ee\/fi\/wp-json\/wp\/v2\/media?parent=2612"}],"wp:term":[{"taxonomy":"product_brand","embeddable":true,"href":"https:\/\/mydrink.ee\/fi\/wp-json\/wp\/v2\/product_brand?post=2612"},{"taxonomy":"product_cat","embeddable":true,"href":"https:\/\/mydrink.ee\/fi\/wp-json\/wp\/v2\/product_cat?post=2612"},{"taxonomy":"product_tag","embeddable":true,"href":"https:\/\/mydrink.ee\/fi\/wp-json\/wp\/v2\/product_tag?post=2612"}],"curies":[{"name":"wp","href":"https:\/\/api.w.org\/{rel}","templated":true}]}}