{"id":2819,"date":"2015-01-30T23:44:29","date_gmt":"2015-01-30T21:44:29","guid":{"rendered":"https:\/\/mydrink.ee\/product\/domaine-de-pellehaut-rouge-21-12-5-75cl\/"},"modified":"2015-01-30T23:44:29","modified_gmt":"2015-01-30T21:44:29","slug":"domaine-de-pellehaut-rouge-21-12-5-75cl","status":"publish","type":"product","link":"https:\/\/mydrink.ee\/fi\/product\/domaine-de-pellehaut-rouge-21-12-5-75cl\/","title":{"rendered":"DOMAINE DE PELLEHAUT ROUGE `21 12,5% 75CL"},"content":{"rendered":"<p><strong>Valmistamine<\/strong><br \/>Iga viinamarjasort korjatakse eraldi vastavalt valmimisele. K\u00e4\u00e4ritamine toimub terasmahutides 10-14 p\u00e4eva. Matseratsioon kestab ka p\u00e4rast veini valmis fermenteerimist. Kestasid surutakse p\u00f5hja \u00fcks kord p\u00e4evas. Malolaktiline k\u00e4\u00e4ritamine toimub enne veinivirrete kokku segamist. Enne villimist, laagerdub vein osaliselt tammevaatides.<\/p>","protected":false},"excerpt":{"rendered":"<p>Liik: Kaitstud geograafilise t\u00e4hisega vein<br \/>\nKastis: 6<br \/>\nMaht: 75CL<br \/>\nAlkoholisisaldus: 12,5%<br \/>\nP\u00e4ritolumaa: Prantsusmaa<br \/>\nPiirkond: Cotes de Gascogne<br \/>\nKlassifikatsioon: IGP Cotes de Gascogne<br \/>\nViinamarjasort: Merlot, Cabernet Sauvignon, Tannat, Syrah ja Malbec<br \/>\nV\u00e4rvus: Kirsipunane<br \/>\nAroom: Punased marjad, murakamoos, roosi\u00f5ied ning kerge v\u00fcrts.<br \/>\nMaitse: Marjane, tunda on murakat ja musts\u00f5start. Keskmisest madalama happesuse ning tanniiniga. L\u00f5ppmaitses on tunda veidi vanilli ning r\u00f6stitud puidu noote.<br \/>\nToidusoovitus: Pasteedid, k\u00fclmad lihal\u00f5igud, metslinnuliha road, lihahautised, poolk\u00f5vad pressitud juustud \u2013 Gouda, Cheddar.<br \/>\n Serveerimine: 16-18C<\/p>","protected":false},"featured_media":2818,"template":"","meta":{"_acf_changed":false,"_kadence_starter_templates_imported_post":false,"_kad_post_transparent":"","_kad_post_title":"","_kad_post_layout":"","_kad_post_sidebar_id":"","_kad_post_content_style":"","_kad_post_vertical_padding":"","_kad_post_feature":"","_kad_post_feature_position":"","_kad_post_header":false,"_kad_post_footer":false},"product_brand":[],"product_cat":[20,180,32],"product_tag":[],"class_list":{"0":"post-2819","1":"product","2":"type-product","3":"status-publish","4":"has-post-thumbnail","6":"product_cat-punased-veinid","7":"product_cat-veinid","8":"product_cat-prantsuse","10":"first","11":"instock","12":"taxable","13":"shipping-taxable","14":"purchasable","15":"product-type-simple","16":"entry","17":"content-bg","18":"loop-entry"},"acf":[],"_links":{"self":[{"href":"https:\/\/mydrink.ee\/fi\/wp-json\/wp\/v2\/product\/2819","targetHints":{"allow":["GET"]}}],"collection":[{"href":"https:\/\/mydrink.ee\/fi\/wp-json\/wp\/v2\/product"}],"about":[{"href":"https:\/\/mydrink.ee\/fi\/wp-json\/wp\/v2\/types\/product"}],"wp:featuredmedia":[{"embeddable":true,"href":"https:\/\/mydrink.ee\/fi\/wp-json\/wp\/v2\/media\/2818"}],"wp:attachment":[{"href":"https:\/\/mydrink.ee\/fi\/wp-json\/wp\/v2\/media?parent=2819"}],"wp:term":[{"taxonomy":"product_brand","embeddable":true,"href":"https:\/\/mydrink.ee\/fi\/wp-json\/wp\/v2\/product_brand?post=2819"},{"taxonomy":"product_cat","embeddable":true,"href":"https:\/\/mydrink.ee\/fi\/wp-json\/wp\/v2\/product_cat?post=2819"},{"taxonomy":"product_tag","embeddable":true,"href":"https:\/\/mydrink.ee\/fi\/wp-json\/wp\/v2\/product_tag?post=2819"}],"curies":[{"name":"wp","href":"https:\/\/api.w.org\/{rel}","templated":true}]}}