{"id":2823,"date":"2015-01-30T23:44:31","date_gmt":"2015-01-30T21:44:31","guid":{"rendered":"https:\/\/mydrink.ee\/product\/chateau-la-moussante-bordeaux-superieur-11-13-5-75cl\/"},"modified":"2015-01-30T23:44:31","modified_gmt":"2015-01-30T21:44:31","slug":"chateau-la-moussante-bordeaux-superieur-11-13-5-75cl","status":"publish","type":"product","link":"https:\/\/mydrink.ee\/fi\/product\/chateau-la-moussante-bordeaux-superieur-11-13-5-75cl\/","title":{"rendered":"CHATEAU LA MOUSSANTE BORDEAUX SUPERIEUR`11 13,5% 75CL"},"content":{"rendered":"<p><strong>Valmistamine<br \/><\/strong>K\u00fclm eel-leotamine koos kestadega, millele j\u00e4rgneb k\u00e4\u00e4ritamine kontrollitud temperatuuril, et anda edasi maksimaalne viinamarjade konsistents. Laagerdub terasmahutites 12 kuud enne pudeldamist.<\/p>\n<p>\u00a0<\/p>","protected":false},"excerpt":{"rendered":"<p>Liik: Kaitstud p\u00e4ritolunimetusega vein<br \/>\nKastis: 6<br \/>\nMaht: 75CL<br \/>\nAlkoholisisaldus: 13,5%<br \/>\nP\u00e4ritolumaa: Prantsusmaa<br \/>\nPiirkond: Bordeaux<br \/>\nKlassifikatsioon: AOC Bordeaux Sup\u00e9riore<br \/>\nViinamarjasort: 65% Merlot, 30% Cabernet Sauvignon, 5% Cabernet Franc.<br \/>\nV\u00e4rvus: S\u00fcgav kirsipunane.<br \/>\nAroom: Tunda on tumedaid marju, eelk\u00f5ige musts\u00f5start ning ploomi, millele sekundeerivad lagrits, v\u00fcrtsikus ning lik\u00f6\u00f6rjad aroomid.<br \/>\nMaitse: Hea kooslus puuviljasusest ning marjasusest, mida kannavad edasi j\u00f5ulised tanniinid, millele j\u00e4rgneb kreemjas ja lihvitud \u00fcmar lik\u00f6\u00f6rne j\u00e4relmaitse.<br \/>\nToidusoovitus: R\u00f6stitud lihad, uluk, lammas, tugevamad juustud.<br \/>\n Serveerimistemperatuur: 16 -18\u00b0 C<\/p>","protected":false},"featured_media":2822,"template":"","meta":{"_acf_changed":false,"_kadence_starter_templates_imported_post":false,"_kad_post_transparent":"","_kad_post_title":"","_kad_post_layout":"","_kad_post_sidebar_id":"","_kad_post_content_style":"","_kad_post_vertical_padding":"","_kad_post_feature":"","_kad_post_feature_position":"","_kad_post_header":false,"_kad_post_footer":false},"product_brand":[],"product_cat":[20,180,32],"product_tag":[],"class_list":{"0":"post-2823","1":"product","2":"type-product","3":"status-publish","4":"has-post-thumbnail","6":"product_cat-punased-veinid","7":"product_cat-veinid","8":"product_cat-prantsuse","10":"first","11":"outofstock","12":"taxable","13":"shipping-taxable","14":"purchasable","15":"product-type-simple","16":"entry","17":"content-bg","18":"loop-entry"},"acf":[],"_links":{"self":[{"href":"https:\/\/mydrink.ee\/fi\/wp-json\/wp\/v2\/product\/2823","targetHints":{"allow":["GET"]}}],"collection":[{"href":"https:\/\/mydrink.ee\/fi\/wp-json\/wp\/v2\/product"}],"about":[{"href":"https:\/\/mydrink.ee\/fi\/wp-json\/wp\/v2\/types\/product"}],"wp:featuredmedia":[{"embeddable":true,"href":"https:\/\/mydrink.ee\/fi\/wp-json\/wp\/v2\/media\/2822"}],"wp:attachment":[{"href":"https:\/\/mydrink.ee\/fi\/wp-json\/wp\/v2\/media?parent=2823"}],"wp:term":[{"taxonomy":"product_brand","embeddable":true,"href":"https:\/\/mydrink.ee\/fi\/wp-json\/wp\/v2\/product_brand?post=2823"},{"taxonomy":"product_cat","embeddable":true,"href":"https:\/\/mydrink.ee\/fi\/wp-json\/wp\/v2\/product_cat?post=2823"},{"taxonomy":"product_tag","embeddable":true,"href":"https:\/\/mydrink.ee\/fi\/wp-json\/wp\/v2\/product_tag?post=2823"}],"curies":[{"name":"wp","href":"https:\/\/api.w.org\/{rel}","templated":true}]}}