{"id":2952,"date":"2025-12-18T12:32:25","date_gmt":"2025-12-18T10:32:25","guid":{"rendered":"https:\/\/mydrink.ee\/?post_type=product&#038;p=2952"},"modified":"2026-03-24T21:34:04","modified_gmt":"2026-03-24T19:34:04","slug":"jagermeister-scharf-33-vol-70cl","status":"publish","type":"product","link":"https:\/\/mydrink.ee\/fi\/product\/jagermeister-scharf-33-vol-70cl\/","title":{"rendered":"J\u00c4GERMEISTER Scharf 33% vol 70cl"},"content":{"rendered":"<p>J\u00e4germeister, maailma 7. kange alkoholi br\u00e4nd tutvustab auga uut maitset \u2013 J\u00e4germeister Spice. See on kombinatsioon v\u00fcrtsikast kaneelist, pehmest vaniljest ning J\u00e4germeister lik\u00f6\u00f6ri algup\u00e4rasest aroomist. Esimest korda 80-aastase ajaloo jooksul on J\u00e4germeister loonud k\u00f5rvaltoote, mis on inspireeritud J\u00e4germeister lik\u00f6\u00f6ri originaalretseptist ja p\u00f5hineb salajasel ning legendaarsel segul 56 spetsiaalselt valitud \u00fcrdist.<\/p>\n<p>Lisada on vaja vaid \u00fcht \u2013 serveerida klaasis toatemperatuuril.<\/p>\n\n<style>.wp-block-kadence-advancedheading.kt-adv-heading2952_59ab92-6a_0, .wp-block-kadence-advancedheading.kt-adv-heading2952_59ab92-6a_0[data-kb-block=\"kb-adv-heading2952_59ab92-6a_0\"]{font-style:normal;}.wp-block-kadence-advancedheading.kt-adv-heading2952_59ab92-6a_0 mark.kt-highlight, .wp-block-kadence-advancedheading.kt-adv-heading2952_59ab92-6a_0[data-kb-block=\"kb-adv-heading2952_59ab92-6a_0\"] mark.kt-highlight{font-style:normal;color:#f76a0c;-webkit-box-decoration-break:clone;box-decoration-break:clone;padding-top:0px;padding-right:0px;padding-bottom:0px;padding-left:0px;}<\/style>\n<p class=\"kt-adv-heading2952_59ab92-6a_0 wp-block-kadence-advancedheading has-theme-palette-9-color has-text-color\" data-kb-block=\"kb-adv-heading2952_59ab92-6a_0\">J\u00c4GERMEISTER<\/p>\n\n\n<style>.wp-block-kadence-advancedheading.kt-adv-heading2952_f24e7f-f2, .wp-block-kadence-advancedheading.kt-adv-heading2952_f24e7f-f2[data-kb-block=\"kb-adv-heading2952_f24e7f-f2\"]{font-style:normal;}.wp-block-kadence-advancedheading.kt-adv-heading2952_f24e7f-f2 mark.kt-highlight, .wp-block-kadence-advancedheading.kt-adv-heading2952_f24e7f-f2[data-kb-block=\"kb-adv-heading2952_f24e7f-f2\"] mark.kt-highlight{font-style:normal;color:#f76a0c;-webkit-box-decoration-break:clone;box-decoration-break:clone;padding-top:0px;padding-right:0px;padding-bottom:0px;padding-left:0px;}<\/style>\n<p class=\"kt-adv-heading2952_f24e7f-f2 wp-block-kadence-advancedheading\" data-kb-block=\"kb-adv-heading2952_f24e7f-f2\"><\/p>","protected":false},"excerpt":{"rendered":"<p>Liik: Lik\u00f6\u00f6r Kastis: 6 Maht: 70cl Alkoholisisaldus: 33% vol P\u00e4ritolumaa: Saksamaa V\u00e4rvus: Merevaigukollane Aroom: Vihjed tsitruselistele &#8211; apelsin, mandariin ja greip. Serveerimine: -18\u00b0<\/p>","protected":false},"featured_media":8799,"template":"","meta":{"_acf_changed":false,"_kadence_starter_templates_imported_post":false,"_kad_post_transparent":"","_kad_post_title":"","_kad_post_layout":"","_kad_post_sidebar_id":"","_kad_post_content_style":"","_kad_post_vertical_padding":"","_kad_post_feature":"","_kad_post_feature_position":"","_kad_post_header":false,"_kad_post_footer":false},"product_brand":[],"product_cat":[43,254,110,26,87,50],"product_tag":[],"class_list":{"0":"post-2952","1":"product","2":"type-product","3":"status-publish","4":"has-post-thumbnail","6":"product_cat-likoor","7":"product_cat-kange-alkohol-pakkumised","8":"product_cat-pakkumised","9":"product_cat-kange-alkohol","10":"product_cat-frontpage","11":"product_cat-soodus-1","13":"first","14":"instock","15":"sale","16":"taxable","17":"shipping-taxable","18":"purchasable","19":"product-type-simple","20":"entry","21":"content-bg","22":"loop-entry"},"acf":[],"_links":{"self":[{"href":"https:\/\/mydrink.ee\/fi\/wp-json\/wp\/v2\/product\/2952","targetHints":{"allow":["GET"]}}],"collection":[{"href":"https:\/\/mydrink.ee\/fi\/wp-json\/wp\/v2\/product"}],"about":[{"href":"https:\/\/mydrink.ee\/fi\/wp-json\/wp\/v2\/types\/product"}],"wp:featuredmedia":[{"embeddable":true,"href":"https:\/\/mydrink.ee\/fi\/wp-json\/wp\/v2\/media\/8799"}],"wp:attachment":[{"href":"https:\/\/mydrink.ee\/fi\/wp-json\/wp\/v2\/media?parent=2952"}],"wp:term":[{"taxonomy":"product_brand","embeddable":true,"href":"https:\/\/mydrink.ee\/fi\/wp-json\/wp\/v2\/product_brand?post=2952"},{"taxonomy":"product_cat","embeddable":true,"href":"https:\/\/mydrink.ee\/fi\/wp-json\/wp\/v2\/product_cat?post=2952"},{"taxonomy":"product_tag","embeddable":true,"href":"https:\/\/mydrink.ee\/fi\/wp-json\/wp\/v2\/product_tag?post=2952"}],"curies":[{"name":"wp","href":"https:\/\/api.w.org\/{rel}","templated":true}]}}