{"id":2957,"date":"2015-02-12T01:40:12","date_gmt":"2015-02-11T23:40:12","guid":{"rendered":"https:\/\/mydrink.ee\/product\/piper-heidsieck-cuvee-brut-12-150cl\/"},"modified":"2025-11-27T12:22:11","modified_gmt":"2025-11-27T10:22:11","slug":"piper-heidsieck-cuvee-brut-12-150cl","status":"publish","type":"product","link":"https:\/\/mydrink.ee\/fi\/product\/piper-heidsieck-cuvee-brut-12-150cl\/","title":{"rendered":"PIPER HEIDSIECK CUVEE BRUT 12%150CL"},"content":{"rendered":"<p>Jaanuaris 2015 lisandus suurep\u00e4rane uudis!<br \/>\nPIPER-HEIDSIECK on s\u00f5lminud Oscarite gala ametliku \u0161ampanjalepingu. S\u00fcndmust t\u00e4histatakse \u00fcheskoos v\u00e4hemalt kolm j\u00e4rgnevat aastat.<\/p>\n<p>Loe lisa: http:\/\/tridens.ee\/uudised\/piper-heidsieck-oscari-gaala-ametlik-sampanja\/<\/p>\n<p>Piper-Heidsiecki veinifirma asutas 16. juulil 1785 Florens-Louis Heidsieck. \u00dcks erakordne \u0161ampanja p\u00fchendati Prantsuse kuningannale Marie-Antoniette\u2019le ning selle auks anti Florens-Louis Heidsieckile v\u00f5imalus kuningannale oma \u0161ampanjasid esitleda. Sellest sai alguse Piper-Heidsiecki \u0161ampanjade eduk\u00e4ik.<\/p>\n<p>Punase etiketiga Piper-Heidsieck on maailma \u00fcks tuntumatest ja hinnatumatest \u0161ampanja kaubam\u00e4rkidest. Seda tuntakse esmajoones t\u00e4nu paljudele filmit\u00e4htedele, nagu n\u00e4iteks Marilyn Monroe\u2019le, kellele Piper-Heidsieck oli lemmik\u0161ampanja. Piper-Heidsiecki \u0161ampanjad segatakse kokku eri aastak\u00e4ikude veinidest, mis on valmistatud k\u00f5igist kolmest Champagne\u2019i piirkonna viinamarja sordist. Piper-Heidsiecki veinimeister Regis Camus on v\u00f5itnud viimase k\u00fcmne aasta jooksul kaheksa korda International Wine Challenge\u2019i auhinna kui parim Champagne\u2019i piirkonna veinimeister (Winemaker of the Year).<\/p>","protected":false},"excerpt":{"rendered":"<p>Liik: \u0160ampanja<br \/>\n Maht: 150CL<br \/>\n Alkoholisisaldus: 12%<br \/>\n P\u00e4ritolumaa: Prantsusmaa<br \/>\n Veinide vahekord: Pinot Noir 55%, Pinot Meunier 30%, Chardonnay 15%.<br \/>\n V\u00e4rvus: V\u00e4ga kirgas ja samas \u00f5rn kuldne toon.<br \/>\n L\u00f5hn: Esimene emotsioon toob meelde kirka ja v\u00e4rske suvehommiku. Meenutades kevadlillesid, kuid eriti viirpuu aroomi. Sealt edasi j\u00f5uame puuviljaste \u00f5una ja pirni aroomideni, mis omakorda juhatavad sisse kergelt r\u00f6stitud sidruni aroomi.<br \/>\n Maitse: Esimesena m\u00e4rkab elulisust ja v\u00e4rskust. Tsitruse noodid viivad teatud k\u00fcpsuseni. T\u00e4idlus ja mineraalsed n\u00fcansid annavad joogile veelgi isikup\u00e4rasema iseloomu.<\/p>","protected":false},"featured_media":2956,"template":"","meta":{"_acf_changed":false,"_kadence_starter_templates_imported_post":false,"_kad_post_transparent":"","_kad_post_title":"","_kad_post_layout":"","_kad_post_sidebar_id":"","_kad_post_content_style":"","_kad_post_vertical_padding":"","_kad_post_feature":"","_kad_post_feature_position":"","_kad_post_header":false,"_kad_post_footer":false},"product_brand":[],"product_cat":[122,24,115,22],"product_tag":[],"class_list":{"0":"post-2957","1":"product","2":"type-product","3":"status-publish","4":"has-post-thumbnail","6":"product_cat-shampanjad","7":"product_cat-vahuveinid","8":"product_cat-shampanja","9":"product_cat-kingiideed","11":"first","12":"instock","13":"taxable","14":"shipping-taxable","15":"purchasable","16":"product-type-simple","17":"entry","18":"content-bg","19":"loop-entry"},"acf":[],"_links":{"self":[{"href":"https:\/\/mydrink.ee\/fi\/wp-json\/wp\/v2\/product\/2957","targetHints":{"allow":["GET"]}}],"collection":[{"href":"https:\/\/mydrink.ee\/fi\/wp-json\/wp\/v2\/product"}],"about":[{"href":"https:\/\/mydrink.ee\/fi\/wp-json\/wp\/v2\/types\/product"}],"wp:featuredmedia":[{"embeddable":true,"href":"https:\/\/mydrink.ee\/fi\/wp-json\/wp\/v2\/media\/2956"}],"wp:attachment":[{"href":"https:\/\/mydrink.ee\/fi\/wp-json\/wp\/v2\/media?parent=2957"}],"wp:term":[{"taxonomy":"product_brand","embeddable":true,"href":"https:\/\/mydrink.ee\/fi\/wp-json\/wp\/v2\/product_brand?post=2957"},{"taxonomy":"product_cat","embeddable":true,"href":"https:\/\/mydrink.ee\/fi\/wp-json\/wp\/v2\/product_cat?post=2957"},{"taxonomy":"product_tag","embeddable":true,"href":"https:\/\/mydrink.ee\/fi\/wp-json\/wp\/v2\/product_tag?post=2957"}],"curies":[{"name":"wp","href":"https:\/\/api.w.org\/{rel}","templated":true}]}}