{"id":2967,"date":"2015-02-13T08:52:02","date_gmt":"2015-02-13T06:52:02","guid":{"rendered":"https:\/\/mydrink.ee\/product\/maxime-trijol-grande-champagne-vintage-1989-40-vol-box-70cl\/"},"modified":"2025-11-21T14:27:39","modified_gmt":"2025-11-21T12:27:39","slug":"maxime-trijol-grande-champagne-vintage-1989-40-vol-box-70cl","status":"publish","type":"product","link":"https:\/\/mydrink.ee\/fi\/product\/maxime-trijol-grande-champagne-vintage-1989-40-vol-box-70cl\/","title":{"rendered":"Maxime Trijol Grande Champagne Vintage 1989 40% vol BOX 70CL"},"content":{"rendered":"<p>Color: golden yellow, amber.<br \/>\nBouquet &#038; flavor: pear, mandarin orange honey and gingerbread notes.<br \/>\nSupple and well balanced with en exceptional long lasting finish.<\/p>","protected":false},"excerpt":{"rendered":"<p>Liik: Kange alkohol, Konjak<br \/>\nKastis: 12<br \/>\nMaht: 70CL<br \/>\nAlkoholisisaldus: 40% vol<br \/>\nP\u00e4ritolumaa: Prantsusmaa<br \/>\nV\u00e4rvus: kuldoran\u017eikas, heledate toonidega.<br \/>\nAroom: v\u00f5imas, arenevate puuvilja- ja tsitruseliste nootidega. Ploomi ja aprikoosi marmelaadsed noodid koos puidulise alatooniga ja delikaatsete rancio aroomidega. V\u00e4ga h\u00e4sti tasakaalustatud ja harmooniline konjak.<br \/>\nMaitse: Meeldivalt sametine algus milles leiame laias spektris puuviljanoote, millele j\u00e4rgneb m\u00e4rkimisv\u00e4\u00e4rne \u00fcmarus ning lisanduvad mandel, vanillikaun, v\u00fcrtsid ning tammevaadi n\u00fcansid.<br \/>\nJ\u00e4relmaitse on pikk ja kauakestev. Siidised tanniinid ja rancio aroomid annavad teed pikalt m\u00e4nglevale \u00f5rnale l\u00f5pule.<\/p>","protected":false},"featured_media":2966,"template":"","meta":{"_acf_changed":false,"_kadence_starter_templates_imported_post":false,"_kad_post_transparent":"","_kad_post_title":"","_kad_post_layout":"","_kad_post_sidebar_id":"","_kad_post_content_style":"","_kad_post_vertical_padding":"","_kad_post_feature":"","_kad_post_feature_position":"","_kad_post_header":false,"_kad_post_footer":false},"product_brand":[],"product_cat":[42,112,26,22],"product_tag":[],"class_list":{"0":"post-2967","1":"product","2":"type-product","3":"status-publish","4":"has-post-thumbnail","6":"product_cat-konjak","7":"product_cat-konjak-1","8":"product_cat-kange-alkohol","9":"product_cat-kingiideed","11":"first","12":"instock","13":"taxable","14":"shipping-taxable","15":"purchasable","16":"product-type-simple","17":"entry","18":"content-bg","19":"loop-entry"},"acf":[],"_links":{"self":[{"href":"https:\/\/mydrink.ee\/fi\/wp-json\/wp\/v2\/product\/2967","targetHints":{"allow":["GET"]}}],"collection":[{"href":"https:\/\/mydrink.ee\/fi\/wp-json\/wp\/v2\/product"}],"about":[{"href":"https:\/\/mydrink.ee\/fi\/wp-json\/wp\/v2\/types\/product"}],"wp:featuredmedia":[{"embeddable":true,"href":"https:\/\/mydrink.ee\/fi\/wp-json\/wp\/v2\/media\/2966"}],"wp:attachment":[{"href":"https:\/\/mydrink.ee\/fi\/wp-json\/wp\/v2\/media?parent=2967"}],"wp:term":[{"taxonomy":"product_brand","embeddable":true,"href":"https:\/\/mydrink.ee\/fi\/wp-json\/wp\/v2\/product_brand?post=2967"},{"taxonomy":"product_cat","embeddable":true,"href":"https:\/\/mydrink.ee\/fi\/wp-json\/wp\/v2\/product_cat?post=2967"},{"taxonomy":"product_tag","embeddable":true,"href":"https:\/\/mydrink.ee\/fi\/wp-json\/wp\/v2\/product_tag?post=2967"}],"curies":[{"name":"wp","href":"https:\/\/api.w.org\/{rel}","templated":true}]}}