{"id":3215,"date":"2015-06-16T22:48:25","date_gmt":"2015-06-16T19:48:25","guid":{"rendered":"https:\/\/mydrink.ee\/product\/s-sohne-mosel-riesling-8-5-75cl\/"},"modified":"2015-06-16T22:48:25","modified_gmt":"2015-06-16T19:48:25","slug":"s-sohne-mosel-riesling-8-5-75cl","status":"publish","type":"product","link":"https:\/\/mydrink.ee\/fi\/product\/s-sohne-mosel-riesling-8-5-75cl\/","title":{"rendered":"S.S\u00d6HNE MOSEL RIESLING 8,5% 75CL"},"content":{"rendered":"","protected":false},"excerpt":{"rendered":"<p>Tooteliik: Kaitstud p\u00e4ritolunimetusega vein<br \/>\nKastis: 6<br \/>\nMaht: 75CL<br \/>\nAlkoholisisaldus: 8,5%<br \/>\nP\u00e4ritolumaa: Saksamaa<br \/>\nPiirkond: Rheinessen\/Pfalz<br \/>\nViinamarjasort: 100% Riesling<br \/>\nV\u00e4rvus: \u00d5lek\u00f5rre karva kollane<br \/>\nAroom: Puuviljane, aromaatne, tunda on tsitruselisi, rohelisi \u00f5unu ning virsikuid.<br \/>\nMaitse: Poolkuiv, puuviljane, tunda on aprikoosi, tsitruselisi, pirni ning \u00f5una.<br \/>\nToidusoovitus: Salatid, mereannid ja koorikloomad, sushi, pehmete juustudega.<br \/>\nServeerimine: Kergelt jahutatuna, temperatuuril 8-10\u00b0C<\/p>","protected":false},"featured_media":3214,"template":"","meta":{"_acf_changed":false,"_kadence_starter_templates_imported_post":false,"_kad_post_transparent":"","_kad_post_title":"","_kad_post_layout":"","_kad_post_sidebar_id":"","_kad_post_content_style":"","_kad_post_vertical_padding":"","_kad_post_feature":"","_kad_post_feature_position":"","_kad_post_header":false,"_kad_post_footer":false},"product_brand":[],"product_cat":[21,180,58],"product_tag":[],"class_list":{"0":"post-3215","1":"product","2":"type-product","3":"status-publish","4":"has-post-thumbnail","6":"product_cat-valged-veinid","7":"product_cat-veinid","8":"product_cat-saksa-1","10":"first","11":"instock","12":"taxable","13":"shipping-taxable","14":"purchasable","15":"product-type-simple","16":"entry","17":"content-bg","18":"loop-entry"},"acf":[],"_links":{"self":[{"href":"https:\/\/mydrink.ee\/fi\/wp-json\/wp\/v2\/product\/3215","targetHints":{"allow":["GET"]}}],"collection":[{"href":"https:\/\/mydrink.ee\/fi\/wp-json\/wp\/v2\/product"}],"about":[{"href":"https:\/\/mydrink.ee\/fi\/wp-json\/wp\/v2\/types\/product"}],"wp:featuredmedia":[{"embeddable":true,"href":"https:\/\/mydrink.ee\/fi\/wp-json\/wp\/v2\/media\/3214"}],"wp:attachment":[{"href":"https:\/\/mydrink.ee\/fi\/wp-json\/wp\/v2\/media?parent=3215"}],"wp:term":[{"taxonomy":"product_brand","embeddable":true,"href":"https:\/\/mydrink.ee\/fi\/wp-json\/wp\/v2\/product_brand?post=3215"},{"taxonomy":"product_cat","embeddable":true,"href":"https:\/\/mydrink.ee\/fi\/wp-json\/wp\/v2\/product_cat?post=3215"},{"taxonomy":"product_tag","embeddable":true,"href":"https:\/\/mydrink.ee\/fi\/wp-json\/wp\/v2\/product_tag?post=3215"}],"curies":[{"name":"wp","href":"https:\/\/api.w.org\/{rel}","templated":true}]}}