{"id":3227,"date":"2015-06-29T11:46:26","date_gmt":"2015-06-29T08:46:26","guid":{"rendered":"https:\/\/mydrink.ee\/product\/martell-vs-40-100cl\/"},"modified":"2026-01-08T19:55:11","modified_gmt":"2026-01-08T17:55:11","slug":"martell-vs-40-100cl","status":"publish","type":"product","link":"https:\/\/mydrink.ee\/fi\/product\/martell-vs-40-100cl\/","title":{"rendered":"Martell VS 40% 100CL"},"content":{"rendered":"<p>Asutamisaastaga 1715 on Martell suurtest konjakimajadest vanim ning t\u00e4histab 2015.aastal 300. aastap\u00e4eva. <br \/>Martell VS on noor konjak (enamuses 2 aastat tammevaadis laagerdunud), mida iseloomustavad v\u00e4rskus ja puuviljasus. Sobib h\u00e4sti ka kokteilide valmistamiseks. 150 aastat vana looming, algselt tunti *** nime all sama retsepti.<\/p>","protected":false},"excerpt":{"rendered":"<p>Liik: Kange alkohol, Konjak<br \/>\nKastis: 12<br \/>\nMaht: 100CL<br \/>\nAlkoholisisaldus: 40%<br \/>\nP\u00e4ritolumaa: Prantsusmaa<br \/>\nV\u00e4rvus: Helekuldne<br \/>\nAroom: Rikkalik puuviljasus ja v\u00fcrtsikus, mille raamib v\u00e4rskus: tsitrused, v\u00e4rsked pirnid ja safran.<br \/>\nMaitse: Puidu ja v\u00fcrtside noodid. Meeldiv v\u00e4rskus ning sametine tekstuur.<br \/>\nLaagerdamine: V\u00e4hemalt 2 aastat laagerdunud konjakipiiritused<\/p>","protected":false},"featured_media":3226,"template":"","meta":{"_acf_changed":false,"_kadence_starter_templates_imported_post":false,"_kad_post_transparent":"","_kad_post_title":"","_kad_post_layout":"","_kad_post_sidebar_id":"","_kad_post_content_style":"","_kad_post_vertical_padding":"","_kad_post_feature":"","_kad_post_feature_position":"","_kad_post_header":false,"_kad_post_footer":false},"product_brand":[],"product_cat":[42,26],"product_tag":[],"class_list":{"0":"post-3227","1":"product","2":"type-product","3":"status-publish","4":"has-post-thumbnail","6":"product_cat-konjak","7":"product_cat-kange-alkohol","9":"first","10":"instock","11":"taxable","12":"shipping-taxable","13":"purchasable","14":"product-type-simple","15":"entry","16":"content-bg","17":"loop-entry"},"acf":[],"_links":{"self":[{"href":"https:\/\/mydrink.ee\/fi\/wp-json\/wp\/v2\/product\/3227","targetHints":{"allow":["GET"]}}],"collection":[{"href":"https:\/\/mydrink.ee\/fi\/wp-json\/wp\/v2\/product"}],"about":[{"href":"https:\/\/mydrink.ee\/fi\/wp-json\/wp\/v2\/types\/product"}],"wp:featuredmedia":[{"embeddable":true,"href":"https:\/\/mydrink.ee\/fi\/wp-json\/wp\/v2\/media\/3226"}],"wp:attachment":[{"href":"https:\/\/mydrink.ee\/fi\/wp-json\/wp\/v2\/media?parent=3227"}],"wp:term":[{"taxonomy":"product_brand","embeddable":true,"href":"https:\/\/mydrink.ee\/fi\/wp-json\/wp\/v2\/product_brand?post=3227"},{"taxonomy":"product_cat","embeddable":true,"href":"https:\/\/mydrink.ee\/fi\/wp-json\/wp\/v2\/product_cat?post=3227"},{"taxonomy":"product_tag","embeddable":true,"href":"https:\/\/mydrink.ee\/fi\/wp-json\/wp\/v2\/product_tag?post=3227"}],"curies":[{"name":"wp","href":"https:\/\/api.w.org\/{rel}","templated":true}]}}