{"id":3231,"date":"2015-06-29T12:05:37","date_gmt":"2015-06-29T09:05:37","guid":{"rendered":"https:\/\/mydrink.ee\/product\/beefeater-gin-47-100cl\/"},"modified":"2026-01-08T19:55:11","modified_gmt":"2026-01-08T17:55:11","slug":"beefeater-gin-47-100cl","status":"publish","type":"product","link":"https:\/\/mydrink.ee\/fi\/product\/beefeater-gin-47-100cl\/","title":{"rendered":"Beefeater Gin 40% 100CL"},"content":{"rendered":"<p>Beefeater on ainus rahvusvaheliselt tuntud London Gin, mida ka t\u00f5epoolest siiani Londoni linnas toodetakse. Beefeater Gin valmib k\u00e4sit\u00f6\u00f6na Londonis Kenningtoni destilleerimiskojas Desmond Payne juhtimisel, kes on hetkel maailmas k\u00f5ige pikaajalisemate (\u00fcle 40 a) kogemustega d\u017einnimeister. Tootmisel kasutatakse siiani destilleerimiskoja asutaja James Burrough loodud retsepti. Beefeater London Dry on peente tsitruseliste puuviljanootidega erakordselt v\u00e4rske, puhas ja karge d\u017einn, millele maitseomaduste andmiseks kasutatakse 9 taimset komponenti. Beefeater Dry retsepti keerukus tagab mitmek\u00fclgse iseloomuga, kuid heas tasakaalus ja \u00fcmara alkohoolse joogi. Tsitruseliste esiletulek teeb ideaalseks toonikuga segamise.<\/p>\n<p> 2014. aastal avati tehase juures k\u00fclastuskeskus: www.beefeaterdistillery.com<\/p>","protected":false},"excerpt":{"rendered":"<p>Liik: Kange alkohol, Dzinn<br \/>\nKastis: 24<br \/>\nMaht: 100CL<br \/>\nAlkoholisisaldus: 40%<br \/>\nP\u00e4ritolumaa: Suurbritannia<br \/>\nV\u00e4rvus: V\u00e4rvitu<br \/>\nAroom: V\u00fcrtsikas ja tsitruseline, kenas tasakaalus ning alati on keskmes kadakamarjad.<br \/>\nMaitse: Kuiv, ideaalse \u00fcrdibuketiga; j\u00e4relmaitses tsitrused.<\/p>","protected":false},"featured_media":3230,"template":"","meta":{"_acf_changed":false,"_kadence_starter_templates_imported_post":false,"_kad_post_transparent":"","_kad_post_title":"","_kad_post_layout":"","_kad_post_sidebar_id":"","_kad_post_content_style":"","_kad_post_vertical_padding":"","_kad_post_feature":"","_kad_post_feature_position":"","_kad_post_header":false,"_kad_post_footer":false},"product_brand":[],"product_cat":[39,26],"product_tag":[],"class_list":{"0":"post-3231","1":"product","2":"type-product","3":"status-publish","4":"has-post-thumbnail","6":"product_cat-gin","7":"product_cat-kange-alkohol","9":"first","10":"instock","11":"taxable","12":"shipping-taxable","13":"purchasable","14":"product-type-simple","15":"entry","16":"content-bg","17":"loop-entry"},"acf":[],"_links":{"self":[{"href":"https:\/\/mydrink.ee\/fi\/wp-json\/wp\/v2\/product\/3231","targetHints":{"allow":["GET"]}}],"collection":[{"href":"https:\/\/mydrink.ee\/fi\/wp-json\/wp\/v2\/product"}],"about":[{"href":"https:\/\/mydrink.ee\/fi\/wp-json\/wp\/v2\/types\/product"}],"wp:featuredmedia":[{"embeddable":true,"href":"https:\/\/mydrink.ee\/fi\/wp-json\/wp\/v2\/media\/3230"}],"wp:attachment":[{"href":"https:\/\/mydrink.ee\/fi\/wp-json\/wp\/v2\/media?parent=3231"}],"wp:term":[{"taxonomy":"product_brand","embeddable":true,"href":"https:\/\/mydrink.ee\/fi\/wp-json\/wp\/v2\/product_brand?post=3231"},{"taxonomy":"product_cat","embeddable":true,"href":"https:\/\/mydrink.ee\/fi\/wp-json\/wp\/v2\/product_cat?post=3231"},{"taxonomy":"product_tag","embeddable":true,"href":"https:\/\/mydrink.ee\/fi\/wp-json\/wp\/v2\/product_tag?post=3231"}],"curies":[{"name":"wp","href":"https:\/\/api.w.org\/{rel}","templated":true}]}}