{"id":3233,"date":"2015-06-29T12:24:04","date_gmt":"2015-06-29T09:24:04","guid":{"rendered":"https:\/\/mydrink.ee\/product\/jameson-irish-whiskey-40-vol-1l\/"},"modified":"2026-01-14T16:31:46","modified_gmt":"2026-01-14T14:31:46","slug":"jameson-irish-whiskey-40-vol-1l","status":"publish","type":"product","link":"https:\/\/mydrink.ee\/fi\/product\/jameson-irish-whiskey-40-vol-1l\/","title":{"rendered":"Jameson Irish Whiskey 40% vol 1L"},"content":{"rendered":"<p>Jameson on \u00fches destilleerimiskojas toodetud (single-distillery) seguviski. K\u00f5ik viski komponendid on p\u00e4rit \u00fchest kohast, n\u00e4iteks kogu oder kasvab tehasest 50 miili raadiuses laiuvatelt p\u00f5ldudelt. (Tavaliselt tehakse seguviskit mitme destilleerimiskoja toodangust v\u00f5i kokku ostetud mitmes kohas toodetud viskist.) Seega on tootmine m\u00f5neti sarnane \u00fchelinnaseviski traditsiooniga ning stabiilne kvaliteet garanteeritud. <br \/>T\u00e4nu oma unikaalselt mahedale maitsele sobib Jameson tarbimiseks nii puhtalt (j\u00e4\u00e4ga v\u00f5i veega) kui kokteilide koosseisus, n\u00e4iteks ginger ale&#8217;i, j\u00f5hvika- v\u00f5i \u00f5unamahlaga.<\/p>","protected":false},"excerpt":{"rendered":"<p>Liik: Viski <br \/>Kastis: 12 <br \/>Maht: 100cl <br \/>Alkoholisisaldus: 40% vol<br \/>P&auml;ritolumaa: Iirimaa<br \/>Tootja: The Irish Distillers Limited<br \/>V&auml;rvus: Merevaigukollane <br \/>Aroom: Mahedas aroomis on puidu ja sherri noote. <br \/>Maitse: Maitse on mahe ja magus, tunda on puitu ja p&auml;hklit. J&auml;relmaitse on pikk ja v&auml;ga pehme.<\/p>","protected":false},"featured_media":3232,"template":"","meta":{"_acf_changed":false,"_kadence_starter_templates_imported_post":false,"_kad_post_transparent":"","_kad_post_title":"","_kad_post_layout":"","_kad_post_sidebar_id":"","_kad_post_content_style":"","_kad_post_vertical_padding":"","_kad_post_feature":"","_kad_post_feature_position":"","_kad_post_header":false,"_kad_post_footer":false},"product_brand":[],"product_cat":[45,26],"product_tag":[],"class_list":{"0":"post-3233","1":"product","2":"type-product","3":"status-publish","4":"has-post-thumbnail","6":"product_cat-viski","7":"product_cat-kange-alkohol","9":"first","10":"instock","11":"taxable","12":"shipping-taxable","13":"purchasable","14":"product-type-simple","15":"entry","16":"content-bg","17":"loop-entry"},"acf":[],"_links":{"self":[{"href":"https:\/\/mydrink.ee\/fi\/wp-json\/wp\/v2\/product\/3233","targetHints":{"allow":["GET"]}}],"collection":[{"href":"https:\/\/mydrink.ee\/fi\/wp-json\/wp\/v2\/product"}],"about":[{"href":"https:\/\/mydrink.ee\/fi\/wp-json\/wp\/v2\/types\/product"}],"wp:featuredmedia":[{"embeddable":true,"href":"https:\/\/mydrink.ee\/fi\/wp-json\/wp\/v2\/media\/3232"}],"wp:attachment":[{"href":"https:\/\/mydrink.ee\/fi\/wp-json\/wp\/v2\/media?parent=3233"}],"wp:term":[{"taxonomy":"product_brand","embeddable":true,"href":"https:\/\/mydrink.ee\/fi\/wp-json\/wp\/v2\/product_brand?post=3233"},{"taxonomy":"product_cat","embeddable":true,"href":"https:\/\/mydrink.ee\/fi\/wp-json\/wp\/v2\/product_cat?post=3233"},{"taxonomy":"product_tag","embeddable":true,"href":"https:\/\/mydrink.ee\/fi\/wp-json\/wp\/v2\/product_tag?post=3233"}],"curies":[{"name":"wp","href":"https:\/\/api.w.org\/{rel}","templated":true}]}}