{"id":3243,"date":"2015-06-30T13:17:24","date_gmt":"2015-06-30T10:17:24","guid":{"rendered":"https:\/\/mydrink.ee\/product\/ballantine-s-finest-40-vol-100cl\/"},"modified":"2026-01-08T19:55:10","modified_gmt":"2026-01-08T17:55:10","slug":"ballantine-s-finest-40-vol-100cl","status":"publish","type":"product","link":"https:\/\/mydrink.ee\/fi\/product\/ballantine-s-finest-40-vol-100cl\/","title":{"rendered":"Ballantine&#8217;s Finest 40% vol 100CL"},"content":{"rendered":"<p>Keerukas ja v\u00e4ljapeetud \u0161oti seguviski, mille koostisse kuulub enam kui 50 linnase- ning 4 teraviljaviskit. Iseloomuliku varjundi annavad \u00fchelinnaseviskid viskivabrikutest Miltonduff ja Glenburgie. <br \/>Maitse on mahe, peen, suurep\u00e4raselt tasakaalustatud, piima\u0161okolaadi, punase \u00f5una ning vanilje n\u00fcanssidega. Pikk j\u00e4relmaitse, milles on tunda soojust ning k\u00fcpsust. Laagerdunud kolm v\u00f5i enam aastat. <br \/>Jim Murray The Whiskey Bible 2009 tunnistas Ballantine&#8217;s Finesti maailma parimaks standardkategooria seguviskiks.<\/p>","protected":false},"excerpt":{"rendered":"<p>Liik: Kange alkohol, Viski<br \/>\nKastis: 6<br \/>\nMaht: 1L<br \/>\nAlkoholisisaldus: 40% vol<br \/>\nP\u00e4ritolumaa: Suurbritannia<br \/>\nV\u00e4rvus: Merevaigukollane<br \/>\nMaitse: Mahe, peen, suurep\u00e4raselt tasakaalustatud, piima\u0161okolaadi, punase \u00f5una ning vanilje n\u00fcanssidega.<br \/>\nLaagerdamine: V\u00e4hemalt 3 aastat.<\/p>","protected":false},"featured_media":3242,"template":"","meta":{"_acf_changed":false,"_kadence_starter_templates_imported_post":false,"_kad_post_transparent":"","_kad_post_title":"","_kad_post_layout":"","_kad_post_sidebar_id":"","_kad_post_content_style":"","_kad_post_vertical_padding":"","_kad_post_feature":"","_kad_post_feature_position":"","_kad_post_header":false,"_kad_post_footer":false},"product_brand":[],"product_cat":[45,26],"product_tag":[],"class_list":{"0":"post-3243","1":"product","2":"type-product","3":"status-publish","4":"has-post-thumbnail","6":"product_cat-viski","7":"product_cat-kange-alkohol","9":"first","10":"instock","11":"taxable","12":"shipping-taxable","13":"purchasable","14":"product-type-simple","15":"entry","16":"content-bg","17":"loop-entry"},"acf":[],"_links":{"self":[{"href":"https:\/\/mydrink.ee\/fi\/wp-json\/wp\/v2\/product\/3243","targetHints":{"allow":["GET"]}}],"collection":[{"href":"https:\/\/mydrink.ee\/fi\/wp-json\/wp\/v2\/product"}],"about":[{"href":"https:\/\/mydrink.ee\/fi\/wp-json\/wp\/v2\/types\/product"}],"wp:featuredmedia":[{"embeddable":true,"href":"https:\/\/mydrink.ee\/fi\/wp-json\/wp\/v2\/media\/3242"}],"wp:attachment":[{"href":"https:\/\/mydrink.ee\/fi\/wp-json\/wp\/v2\/media?parent=3243"}],"wp:term":[{"taxonomy":"product_brand","embeddable":true,"href":"https:\/\/mydrink.ee\/fi\/wp-json\/wp\/v2\/product_brand?post=3243"},{"taxonomy":"product_cat","embeddable":true,"href":"https:\/\/mydrink.ee\/fi\/wp-json\/wp\/v2\/product_cat?post=3243"},{"taxonomy":"product_tag","embeddable":true,"href":"https:\/\/mydrink.ee\/fi\/wp-json\/wp\/v2\/product_tag?post=3243"}],"curies":[{"name":"wp","href":"https:\/\/api.w.org\/{rel}","templated":true}]}}