{"id":3255,"date":"2015-06-30T16:57:42","date_gmt":"2015-06-30T13:57:42","guid":{"rendered":"https:\/\/mydrink.ee\/product\/minttu-black-mint-32-50cl\/"},"modified":"2025-11-21T13:13:36","modified_gmt":"2025-11-21T11:13:36","slug":"minttu-black-mint-32-50cl","status":"publish","type":"product","link":"https:\/\/mydrink.ee\/fi\/product\/minttu-black-mint-32-50cl\/","title":{"rendered":"Minttu Black Mint 32% 50CL"},"content":{"rendered":"<p>Minttu Peppermint Liqueur on Soome p\u00e4ritoluga maailma esimene selge ja kange piparm\u00fcndilik\u00f6\u00f6r. Tugeva ja puhta piparm\u00fcndi aroomi ja maitsega Minttu on alati t\u00e4is kontraste, olles samaaegselt kuum ja k\u00fclm, pehme ja karm, j\u00f5uline ja \u00f5rn<\/p>","protected":false},"excerpt":{"rendered":"<p>Liik: Kange alkohol, Lik\u00f6\u00f6r<br \/>\nKastis: 12<br \/>\nMaht: 50CL<br \/>\nAlkoholisisaldus: 32%<br \/>\nP\u00e4ritolumaa: Soome<\/p>","protected":false},"featured_media":3254,"template":"","meta":{"_acf_changed":false,"_kad_post_transparent":"","_kad_post_title":"","_kad_post_layout":"","_kad_post_sidebar_id":"","_kad_post_content_style":"","_kad_post_vertical_padding":"","_kad_post_feature":"","_kad_post_feature_position":"","_kad_post_header":false,"_kad_post_footer":false},"product_brand":[],"product_cat":[43,26],"product_tag":[],"class_list":{"0":"post-3255","1":"product","2":"type-product","3":"status-publish","4":"has-post-thumbnail","6":"product_cat-likoor","7":"product_cat-kange-alkohol","9":"first","10":"instock","11":"taxable","12":"shipping-taxable","13":"purchasable","14":"product-type-simple","15":"entry","16":"content-bg","17":"loop-entry"},"acf":[],"_links":{"self":[{"href":"https:\/\/mydrink.ee\/fi\/wp-json\/wp\/v2\/product\/3255","targetHints":{"allow":["GET"]}}],"collection":[{"href":"https:\/\/mydrink.ee\/fi\/wp-json\/wp\/v2\/product"}],"about":[{"href":"https:\/\/mydrink.ee\/fi\/wp-json\/wp\/v2\/types\/product"}],"wp:featuredmedia":[{"embeddable":true,"href":"https:\/\/mydrink.ee\/fi\/wp-json\/wp\/v2\/media\/3254"}],"wp:attachment":[{"href":"https:\/\/mydrink.ee\/fi\/wp-json\/wp\/v2\/media?parent=3255"}],"wp:term":[{"taxonomy":"product_brand","embeddable":true,"href":"https:\/\/mydrink.ee\/fi\/wp-json\/wp\/v2\/product_brand?post=3255"},{"taxonomy":"product_cat","embeddable":true,"href":"https:\/\/mydrink.ee\/fi\/wp-json\/wp\/v2\/product_cat?post=3255"},{"taxonomy":"product_tag","embeddable":true,"href":"https:\/\/mydrink.ee\/fi\/wp-json\/wp\/v2\/product_tag?post=3255"}],"curies":[{"name":"wp","href":"https:\/\/api.w.org\/{rel}","templated":true}]}}