{"id":3261,"date":"2015-06-30T14:37:19","date_gmt":"2015-06-30T11:37:19","guid":{"rendered":"https:\/\/mydrink.ee\/product\/chivas-regal-extra-blended-scotch-whisky-40-vol-70cl\/"},"modified":"2025-11-21T14:04:35","modified_gmt":"2025-11-21T12:04:35","slug":"chivas-regal-extra-blended-scotch-whisky-40-vol-70cl","status":"publish","type":"product","link":"https:\/\/mydrink.ee\/fi\/product\/chivas-regal-extra-blended-scotch-whisky-40-vol-70cl\/","title":{"rendered":"Chivas Regal Extra Blended Scotch Whisky 40% vol 70CL"},"content":{"rendered":"<p>Chivas Regal Extra on p\u00fchendatud neile, kes ei rahuldu tavap\u00e4rasega ja soovivad elult alati midagi enamat. See eksklusiivne uus segu toob Teieni erakordselt rikkaliku maitse ning t\u00f5stab Teid t\u00e4iesti uuele tasandile. <br \/>Selle maitsebuketi saladus peitub \u0161errivaatides k\u00fcpsenud viskide ja m\u00f5nede meie k\u00f5ige haruldasemate \u00fchelinnaseviskide segus. \u0160errivaadid on v\u00e4ga erilised ja haruldased ning moodustavad \u00fche v\u00e4ikese osa meie laovarudest. Algselt kasutati vaate Hispaanias tippkvaliteediga \u0161erri Oloroso hoidmiseks. Sellistes vaatides k\u00fcpsedes omandab viski s\u00fcgavamad merevaigutoonid ning magusad rikkalikud maitsen\u00fcansid.<\/p>","protected":false},"excerpt":{"rendered":"<p>Liik: Kange alkohol, Viski<br \/>\nKastis: 6<br \/>\nMaht: 70CL<br \/>\nAlkoholisisaldus: 40%<br \/>\nP\u00e4ritolumaa: Suurbritannia<br \/>\nV\u00e4rvus: Punaka varjundiga merevaigukollane<br \/>\nAroom: Puuviljaselt magus, k\u00fcpsete pirnide ja meloninoodid, koorene iiris, piima\u0161okolaad, kaneel ja veidi ingverit.<br \/>\nMaitse: K\u00fcpsed magusad pirnid siirupis, vaniljekaramell, kaneelimaiused ja taustal mandlid.<\/p>","protected":false},"featured_media":3260,"template":"","meta":{"_acf_changed":false,"_kadence_starter_templates_imported_post":false,"_kad_post_transparent":"","_kad_post_title":"","_kad_post_layout":"","_kad_post_sidebar_id":"","_kad_post_content_style":"","_kad_post_vertical_padding":"","_kad_post_feature":"","_kad_post_feature_position":"","_kad_post_header":false,"_kad_post_footer":false},"product_brand":[],"product_cat":[45,26],"product_tag":[],"class_list":{"0":"post-3261","1":"product","2":"type-product","3":"status-publish","4":"has-post-thumbnail","6":"product_cat-viski","7":"product_cat-kange-alkohol","9":"first","10":"instock","11":"taxable","12":"shipping-taxable","13":"purchasable","14":"product-type-simple","15":"entry","16":"content-bg","17":"loop-entry"},"acf":[],"_links":{"self":[{"href":"https:\/\/mydrink.ee\/fi\/wp-json\/wp\/v2\/product\/3261","targetHints":{"allow":["GET"]}}],"collection":[{"href":"https:\/\/mydrink.ee\/fi\/wp-json\/wp\/v2\/product"}],"about":[{"href":"https:\/\/mydrink.ee\/fi\/wp-json\/wp\/v2\/types\/product"}],"wp:featuredmedia":[{"embeddable":true,"href":"https:\/\/mydrink.ee\/fi\/wp-json\/wp\/v2\/media\/3260"}],"wp:attachment":[{"href":"https:\/\/mydrink.ee\/fi\/wp-json\/wp\/v2\/media?parent=3261"}],"wp:term":[{"taxonomy":"product_brand","embeddable":true,"href":"https:\/\/mydrink.ee\/fi\/wp-json\/wp\/v2\/product_brand?post=3261"},{"taxonomy":"product_cat","embeddable":true,"href":"https:\/\/mydrink.ee\/fi\/wp-json\/wp\/v2\/product_cat?post=3261"},{"taxonomy":"product_tag","embeddable":true,"href":"https:\/\/mydrink.ee\/fi\/wp-json\/wp\/v2\/product_tag?post=3261"}],"curies":[{"name":"wp","href":"https:\/\/api.w.org\/{rel}","templated":true}]}}