{"id":3263,"date":"2015-06-30T17:45:06","date_gmt":"2015-06-30T14:45:06","guid":{"rendered":"https:\/\/mydrink.ee\/product\/chivas-regal-12-40-50cl-box\/"},"modified":"2025-11-21T14:03:43","modified_gmt":"2025-11-21T12:03:43","slug":"chivas-regal-12-40-50cl-box","status":"publish","type":"product","link":"https:\/\/mydrink.ee\/fi\/product\/chivas-regal-12-40-50cl-box\/","title":{"rendered":"Chivas Regal 12 40% 50CL BOX"},"content":{"rendered":"<p>Chivas Regal 12 on premium klassi seguviski. Chivas Brothersi meisterlikkus ning Speyside piirkonna m\u00f5ju teevad Chivas Regal 12 liidriks premium klassi \u0161oti viskide seas. Chivas Regal 12 rikas ning suursugune iseloom on viskimeistri t\u00f6\u00f6 ning suurep\u00e4raste viskivarude kasutamise tulemus. <br \/>Peamist m\u00f5ju Chivas Regal 12-le avaldab selle p\u00e4ritoluregioon Speyside &#8211; \u0160otimaa \u00f5itsev osa oma viljakandva pinnase ning puhaste allikatega, mis on ideaalseks kohaks viski valmistamiseks. Starthisla on \u00fcks Speyside\u2019i parimaid viskisorte, mis asub otse Chivas Regal 12 segu s\u00fcdames. T\u00e4nu Strathislale on Chivas Regal 12 viski k\u00fcllastunud \u00f5una, mee ja lillede maitse ning kerge p\u00e4hklise j\u00e4relmaitsega.<\/p>","protected":false},"excerpt":{"rendered":"<p>Liik: Kange alkohol, Viski<br \/>\nKastis: 24<br \/>\nMaht: 50CL<br \/>\nAlkoholisisaldus: 40%<br \/>\nP\u00e4ritolumaa: Suurbritannia<br \/>\nV\u00e4rvus: Merevaigukollane<br \/>\nMaitse: \u00d5una, mee ja lillede maitse ning kerge p\u00e4hkline j\u00e4relmaitse.<br \/>\nLaagerdamine: V\u00e4hemalt 12 aastat.<\/p>","protected":false},"featured_media":3262,"template":"","meta":{"_acf_changed":false,"_kadence_starter_templates_imported_post":false,"_kad_post_transparent":"","_kad_post_title":"","_kad_post_layout":"","_kad_post_sidebar_id":"","_kad_post_content_style":"","_kad_post_vertical_padding":"","_kad_post_feature":"","_kad_post_feature_position":"","_kad_post_header":false,"_kad_post_footer":false},"product_brand":[],"product_cat":[45,26],"product_tag":[],"class_list":{"0":"post-3263","1":"product","2":"type-product","3":"status-publish","4":"has-post-thumbnail","6":"product_cat-viski","7":"product_cat-kange-alkohol","9":"first","10":"instock","11":"taxable","12":"shipping-taxable","13":"purchasable","14":"product-type-simple","15":"entry","16":"content-bg","17":"loop-entry"},"acf":[],"_links":{"self":[{"href":"https:\/\/mydrink.ee\/fi\/wp-json\/wp\/v2\/product\/3263","targetHints":{"allow":["GET"]}}],"collection":[{"href":"https:\/\/mydrink.ee\/fi\/wp-json\/wp\/v2\/product"}],"about":[{"href":"https:\/\/mydrink.ee\/fi\/wp-json\/wp\/v2\/types\/product"}],"wp:featuredmedia":[{"embeddable":true,"href":"https:\/\/mydrink.ee\/fi\/wp-json\/wp\/v2\/media\/3262"}],"wp:attachment":[{"href":"https:\/\/mydrink.ee\/fi\/wp-json\/wp\/v2\/media?parent=3263"}],"wp:term":[{"taxonomy":"product_brand","embeddable":true,"href":"https:\/\/mydrink.ee\/fi\/wp-json\/wp\/v2\/product_brand?post=3263"},{"taxonomy":"product_cat","embeddable":true,"href":"https:\/\/mydrink.ee\/fi\/wp-json\/wp\/v2\/product_cat?post=3263"},{"taxonomy":"product_tag","embeddable":true,"href":"https:\/\/mydrink.ee\/fi\/wp-json\/wp\/v2\/product_tag?post=3263"}],"curies":[{"name":"wp","href":"https:\/\/api.w.org\/{rel}","templated":true}]}}