{"id":3281,"date":"2015-07-02T22:35:50","date_gmt":"2015-07-02T19:35:50","guid":{"rendered":"https:\/\/mydrink.ee\/product\/villa-massa-limoncello-30-100cl\/"},"modified":"2026-01-08T19:55:10","modified_gmt":"2026-01-08T17:55:10","slug":"villa-massa-limoncello-30-100cl","status":"publish","type":"product","link":"https:\/\/mydrink.ee\/fi\/product\/villa-massa-limoncello-30-100cl\/","title":{"rendered":"VILLA MASSA LIMONCELLO 30% vol 100cl"},"content":{"rendered":"<p><strong>Limoncello aastast 1890<\/strong><\/p>\n<p>P\u00e4ritolu ja traditsioon<br \/>Villa Massa Limoncello p\u00f5hineb iidsel pereretseptil. Limoncello on valmistatud Sorrento (Itaalia) piirkonnas kasvavatest ja ainult selleks ette n\u00e4htud kuulsaimate sidrunite \u201eOvale di Sorrento\u201c koortest. Aastal 2000 tunnistati Euroopa Liidu poolt Sorrento kaitstud geograafilise t\u00e4hisega piirkonnaks (K.G.T), et tagada toote ehtsus.<\/p>\n<p>Kvaliteet<br \/>T\u00e4nu tipptasemel teadusuuringutele ja k\u00f5rgele kvaliteedile on Villa Massa saanud mitmeid auhindu. Villa Massa on saadaval Itaalia ja maailma parimates restoranides, hotellides ning baarides.<\/p>\n<p>Auhinnatud:<br \/>EFQM 2007 Award for Excellence Italian product<br \/>Award for Innovation in 2009<br \/>Ultimate Spirits Challenge 2015 lik\u00f6\u00f6ride hindamisel saavutas suurima tulemuse, 92 punkti sajast.<\/p>\n<p>Eksklusiivne<br \/>Valmistatud Sorrento K.G.T. piirkonnas kasvatatud sidrunitest.<br \/>Ei sisalda s\u00e4ilitus-, v\u00e4rv-, l\u00f5hna- ega maitseaineid.<br \/>Limoncello naturaalsusele viitavad sidrunikoore t\u00fckikesed, mis tootes v\u00f5ivad esineda.<br \/>Toode hoida eemal valgus- ja soojusallikatest<\/p>\n\n<style>.wp-block-kadence-advancedheading.kt-adv-heading3281_7e80df-8a_0, .wp-block-kadence-advancedheading.kt-adv-heading3281_7e80df-8a_0[data-kb-block=\"kb-adv-heading3281_7e80df-8a_0\"]{font-style:normal;}.wp-block-kadence-advancedheading.kt-adv-heading3281_7e80df-8a_0 mark.kt-highlight, .wp-block-kadence-advancedheading.kt-adv-heading3281_7e80df-8a_0[data-kb-block=\"kb-adv-heading3281_7e80df-8a_0\"] mark.kt-highlight{font-style:normal;color:#f76a0c;-webkit-box-decoration-break:clone;box-decoration-break:clone;padding-top:0px;padding-right:0px;padding-bottom:0px;padding-left:0px;}<\/style>\n<p class=\"kt-adv-heading3281_7e80df-8a_0 wp-block-kadence-advancedheading has-theme-palette-9-color has-text-color\" data-kb-block=\"kb-adv-heading3281_7e80df-8a_0\">limoncello<\/p>","protected":false},"excerpt":{"rendered":"<p>Liik: Lik\u00f6\u00f6r<br \/>\nP\u00e4ritolumaa: Itaalia<br \/>\nKogus: 100cl<br \/>\nAlkoholisisaldus: 30% vol<br \/>\nValmistatud 100% Sorrento sidrunitest.<br \/>\nV\u00e4rvus: Rohekas kollane<br \/>\nAroom: Mahe ja magus sidrun<br \/>\nMaitse: Rikkalik, v\u00e4rske ja intensiivne sidrun.<br \/>\nServeerimine: Klassikaline viis on serveerida Villa Massa pitsis ja j\u00e4\u00e4k\u00fclmalt peale s\u00f6\u00f6ki; h\u00e4sti sobib ka toonikuga v\u00f5i purustatud j\u00e4\u00e4ga ja laimiga.<\/p>","protected":false},"featured_media":3280,"template":"","meta":{"_acf_changed":false,"_kadence_starter_templates_imported_post":false,"_kad_post_transparent":"","_kad_post_title":"","_kad_post_layout":"","_kad_post_sidebar_id":"","_kad_post_content_style":"","_kad_post_vertical_padding":"","_kad_post_feature":"","_kad_post_feature_position":"","_kad_post_header":false,"_kad_post_footer":false},"product_brand":[],"product_cat":[43,26],"product_tag":[],"class_list":{"0":"post-3281","1":"product","2":"type-product","3":"status-publish","4":"has-post-thumbnail","6":"product_cat-likoor","7":"product_cat-kange-alkohol","9":"first","10":"instock","11":"taxable","12":"shipping-taxable","13":"purchasable","14":"product-type-simple","15":"entry","16":"content-bg","17":"loop-entry"},"acf":[],"_links":{"self":[{"href":"https:\/\/mydrink.ee\/fi\/wp-json\/wp\/v2\/product\/3281","targetHints":{"allow":["GET"]}}],"collection":[{"href":"https:\/\/mydrink.ee\/fi\/wp-json\/wp\/v2\/product"}],"about":[{"href":"https:\/\/mydrink.ee\/fi\/wp-json\/wp\/v2\/types\/product"}],"wp:featuredmedia":[{"embeddable":true,"href":"https:\/\/mydrink.ee\/fi\/wp-json\/wp\/v2\/media\/3280"}],"wp:attachment":[{"href":"https:\/\/mydrink.ee\/fi\/wp-json\/wp\/v2\/media?parent=3281"}],"wp:term":[{"taxonomy":"product_brand","embeddable":true,"href":"https:\/\/mydrink.ee\/fi\/wp-json\/wp\/v2\/product_brand?post=3281"},{"taxonomy":"product_cat","embeddable":true,"href":"https:\/\/mydrink.ee\/fi\/wp-json\/wp\/v2\/product_cat?post=3281"},{"taxonomy":"product_tag","embeddable":true,"href":"https:\/\/mydrink.ee\/fi\/wp-json\/wp\/v2\/product_tag?post=3281"}],"curies":[{"name":"wp","href":"https:\/\/api.w.org\/{rel}","templated":true}]}}