{"id":3301,"date":"2015-08-21T22:48:41","date_gmt":"2015-08-21T19:48:41","guid":{"rendered":"https:\/\/mydrink.ee\/product\/saimaa-nordic-berries-40-50cl\/"},"modified":"2015-08-21T22:48:41","modified_gmt":"2015-08-21T19:48:41","slug":"saimaa-nordic-berries-40-50cl","status":"publish","type":"product","link":"https:\/\/mydrink.ee\/fi\/product\/saimaa-nordic-berries-40-50cl\/","title":{"rendered":"SAIMAA NORDIC BERRIES 40% 50CL"},"content":{"rendered":"<p><strong>Kirjeldus<\/strong><\/p>\n<p>Puhtad looduslikud koostisosad \u2013 orgaaniline nisu, Soome metsamarjad ja puhas vesi Saimaa j\u00e4rvest annavad sellele tootele erakordse sisu.<\/p>\n<p>Saimaa Vodka tootmine asub Soomes kauni Saimaa j\u00e4rve kaldal. Kasutusel on sajandipikkused traditsioonid, mis lubavad neil kasutada v\u00e4ga kvaliteetseid koostisosi otse loodusest. See tehnoloogia t\u00f6\u00f6tati v\u00e4lja 1906. aastal insener V\u00e4in\u00f6 Tammenoksa poolt.<\/p>\n<p>Automatiseeritud tootmine, k\u00f5rge kvaliteedikontroll, unikaalne vee filtreerimise s\u00fcsteem ja orgaaniliste toorainete kasutamine on tunnustatud ka \u2019\u2019Finnish Key\u2019\u2019 m\u00e4rgiga.<\/p>\n<p>Saimaa j\u00e4rgib orgaanilise toote p\u00f5him\u00f5tteid ning aitab kaasa selle arengule kogu maailmas.<\/p>","protected":false},"excerpt":{"rendered":"<p>Liik: Kange alkohol, Viin<br \/>\nMaht: 50CL<br \/>\nKastis 15 pdl<br \/>\nAlkoholisisaldus: 40%<br \/>\nP\u00e4ritolumaa: Soome<br \/>\nServeerimine: 5-8\u00b0C<\/p>","protected":false},"featured_media":3300,"template":"","meta":{"_acf_changed":false,"_kadence_starter_templates_imported_post":false,"_kad_post_transparent":"","_kad_post_title":"","_kad_post_layout":"","_kad_post_sidebar_id":"","_kad_post_content_style":"","_kad_post_vertical_padding":"","_kad_post_feature":"","_kad_post_feature_position":"","_kad_post_header":false,"_kad_post_footer":false},"product_brand":[],"product_cat":[46,26],"product_tag":[],"class_list":{"0":"post-3301","1":"product","2":"type-product","3":"status-publish","4":"has-post-thumbnail","6":"product_cat-vodka","7":"product_cat-kange-alkohol","9":"first","10":"outofstock","11":"taxable","12":"shipping-taxable","13":"purchasable","14":"product-type-simple","15":"entry","16":"content-bg","17":"loop-entry"},"acf":[],"_links":{"self":[{"href":"https:\/\/mydrink.ee\/fi\/wp-json\/wp\/v2\/product\/3301","targetHints":{"allow":["GET"]}}],"collection":[{"href":"https:\/\/mydrink.ee\/fi\/wp-json\/wp\/v2\/product"}],"about":[{"href":"https:\/\/mydrink.ee\/fi\/wp-json\/wp\/v2\/types\/product"}],"wp:featuredmedia":[{"embeddable":true,"href":"https:\/\/mydrink.ee\/fi\/wp-json\/wp\/v2\/media\/3300"}],"wp:attachment":[{"href":"https:\/\/mydrink.ee\/fi\/wp-json\/wp\/v2\/media?parent=3301"}],"wp:term":[{"taxonomy":"product_brand","embeddable":true,"href":"https:\/\/mydrink.ee\/fi\/wp-json\/wp\/v2\/product_brand?post=3301"},{"taxonomy":"product_cat","embeddable":true,"href":"https:\/\/mydrink.ee\/fi\/wp-json\/wp\/v2\/product_cat?post=3301"},{"taxonomy":"product_tag","embeddable":true,"href":"https:\/\/mydrink.ee\/fi\/wp-json\/wp\/v2\/product_tag?post=3301"}],"curies":[{"name":"wp","href":"https:\/\/api.w.org\/{rel}","templated":true}]}}