{"id":3327,"date":"2015-09-09T22:42:21","date_gmt":"2015-09-09T19:42:21","guid":{"rendered":"https:\/\/mydrink.ee\/product\/isle-of-skye-8yo-blendedscotch-whisky-40-70cl\/"},"modified":"2015-09-09T22:42:21","modified_gmt":"2015-09-09T19:42:21","slug":"isle-of-skye-8yo-blendedscotch-whisky-40-70cl","status":"publish","type":"product","link":"https:\/\/mydrink.ee\/fi\/product\/isle-of-skye-8yo-blendedscotch-whisky-40-70cl\/","title":{"rendered":"ISLE OF SKYE 8YO BLENDEDSCOTCH WHISKY 40% 70CL"},"content":{"rendered":"<h2 style=\"font-weight: 300; margin-bottom: 1.1em; font-size: 30px; color: #0c4692; font-family: open-sans, sans-serif; font-style: normal; font-variant: normal; letter-spacing: normal; line-height: normal; orphans: auto; text-align: justify; text-indent: 0px; text-transform: none; white-space: normal; widows: 1; word-spacing: 0px; -webkit-text-stroke-width: 0px; background-color: #ffffff;\"><strong><span style=\"font-size: small;\">Kirjeldus<\/span><\/strong><\/h2>\n<p style=\"margin-bottom: 1.47em; line-height: 1.8; margin-top: -15px; color: #000000; font-family: open-sans, sans-serif; font-size: 14px; font-style: normal; font-variant: normal; font-weight: normal; letter-spacing: normal; orphans: auto; text-align: justify; text-indent: 0px; text-transform: none; white-space: normal; widows: 1; word-spacing: 0px; -webkit-text-stroke-width: 0px; background-color: #ffffff;\">8 aastane seguviski.<\/p>\n<p style=\"margin-bottom: 1.47em; line-height: 1.8; color: #000000; font-family: open-sans, sans-serif; font-size: 14px; font-style: normal; font-variant: normal; font-weight: normal; letter-spacing: normal; orphans: auto; text-align: justify; text-indent: 0px; text-transform: none; white-space: normal; widows: 1; word-spacing: 0px; -webkit-text-stroke-width: 0px; background-color: #ffffff;\"><em>\u2019\u2019Superstaar viski, mis annab meile k\u00f5igile p\u00f5hjust elada! \u00d5piku j\u00e4rgi tehtud segu! \u00dcks k\u00f5ige briljantsemalt tasakaalustatud viskisi maailmas \u201c<\/em><br \/><em>Jim Murray (Whisky Expert) Whisky Bible<\/em><\/p>","protected":false},"excerpt":{"rendered":"<p>Tooteliik: Whisky<br \/>\nP\u00e4ritolumaa: \u0160otimaa<br \/>\nAlkoholisisaldus: 40%<\/p>","protected":false},"featured_media":3326,"template":"","meta":{"_acf_changed":false,"_kad_post_transparent":"","_kad_post_title":"","_kad_post_layout":"","_kad_post_sidebar_id":"","_kad_post_content_style":"","_kad_post_vertical_padding":"","_kad_post_feature":"","_kad_post_feature_position":"","_kad_post_header":false,"_kad_post_footer":false},"product_brand":[],"product_cat":[26,45],"product_tag":[],"class_list":{"0":"post-3327","1":"product","2":"type-product","3":"status-publish","4":"has-post-thumbnail","6":"product_cat-kange-alkohol","7":"product_cat-viski","9":"first","10":"outofstock","11":"taxable","12":"shipping-taxable","13":"purchasable","14":"product-type-simple","15":"entry","16":"content-bg","17":"loop-entry"},"acf":[],"_links":{"self":[{"href":"https:\/\/mydrink.ee\/fi\/wp-json\/wp\/v2\/product\/3327","targetHints":{"allow":["GET"]}}],"collection":[{"href":"https:\/\/mydrink.ee\/fi\/wp-json\/wp\/v2\/product"}],"about":[{"href":"https:\/\/mydrink.ee\/fi\/wp-json\/wp\/v2\/types\/product"}],"wp:featuredmedia":[{"embeddable":true,"href":"https:\/\/mydrink.ee\/fi\/wp-json\/wp\/v2\/media\/3326"}],"wp:attachment":[{"href":"https:\/\/mydrink.ee\/fi\/wp-json\/wp\/v2\/media?parent=3327"}],"wp:term":[{"taxonomy":"product_brand","embeddable":true,"href":"https:\/\/mydrink.ee\/fi\/wp-json\/wp\/v2\/product_brand?post=3327"},{"taxonomy":"product_cat","embeddable":true,"href":"https:\/\/mydrink.ee\/fi\/wp-json\/wp\/v2\/product_cat?post=3327"},{"taxonomy":"product_tag","embeddable":true,"href":"https:\/\/mydrink.ee\/fi\/wp-json\/wp\/v2\/product_tag?post=3327"}],"curies":[{"name":"wp","href":"https:\/\/api.w.org\/{rel}","templated":true}]}}