{"id":3347,"date":"2015-09-23T22:40:11","date_gmt":"2015-09-23T19:40:11","guid":{"rendered":"https:\/\/mydrink.ee\/product\/port-charlotte-scottish-barley50-70cl-tube\/"},"modified":"2015-09-23T22:40:11","modified_gmt":"2015-09-23T19:40:11","slug":"port-charlotte-scottish-barley50-70cl-tube","status":"publish","type":"product","link":"https:\/\/mydrink.ee\/fi\/product\/port-charlotte-scottish-barley50-70cl-tube\/","title":{"rendered":"BRUICHLADDICH PORT CHARLOTTESCOTTISH BARLEY 50% 70CL TUBE"},"content":{"rendered":"<p><strong>PORT CHARLOTTE SCOTTISH BARLEY \u2013 TUGEVALT SUITSUNE LINNASEVISKI<\/strong><br \/> Turbasuitsususega 40 ppm* on see linnaseviski tugevalt suitsuse karakteriga. Meister Jim McEwani poolt valitud vaatidest kombineeritud linnaseviski, mis v\u00e4ljendab Islay sadamalinna Port Charlotte elegantset iseloomu. Selle viskiga n\u00e4itab Bruichladdich oma testamendis olevat usku vanadesse traditsioonilistesse toorainetesse, \u0161oti odralinnastesse ja turbasse. Kasutatud on ainult \u0161oti otra ja linnaseviski on rahulikult k\u00fcpsenud Port Charlotte keldrites. Enne pudelitesse villimist segatakse linnaseviskit \u00f5rnalt Islay saare allikaveega, mis j\u00e4tab viskile v\u00f5imsa 50% alkoholisisalduse.<\/p>\n<p>Karakteristika<br \/>Tekstuuris on s\u00fcgav j\u00f5uline karakter. Aeglaselt h\u00f5\u00f5guv turbakuumus t\u00f5stab esile v\u00f5imsalt Islay saareviski maitse- ja aroomin\u00fcansid, mis keeristormina t\u00e4idavad maitsemeeled.<\/p>\n<p>Meeleolu<br \/>Sa tunned vabadust ja seda, et oled heas kohas. Sa ei tunne kadedust mitte kellegi \u00fcle, oled elus ja valmis kohtuma k\u00f5igega mis su teel on ees. T\u00f5eline Islay saare hing on sinuga.<\/p>\n<p>*ppm (parts per million) \u2013 kontsentratsiooni m\u00f5\u00f5t\u00fchik<\/p>\n<p>BRUICHLADDICH [brook-lad-dee]<br \/>Progressiivne viskimaja<\/p>\n<p>Bruichladdich, mis t\u00e4hendab kaldapealset kivist m\u00e4en\u00f5lva on Islay saarel asuv \u0160otimaa k\u00f5ige l\u00e4\u00e4nepoolsem viskivabrik. See asub Loch Indaali lahe kaldal Rhinns\u2019 i nimelisel poolsaarel, Port Charlotte sadamalinna l\u00e4heduses. Viskivabriku ehitasid 1881. aastal kolm venda William, Robert ja John Harvey raha eest, mille nad said oma isalt, kes oli Glasgow kuulus viskitootja. Vabrik ehitati tolle aja kohta v\u00e4ga uudsest spetsiaalsest patenteeritud betoonist, kui samal ajal enamus saarel olevatest vabrikutest olid vanadest farmidest v\u00e4lja kujunenud. Destillaatorid ehitati eriti k\u00f5rged ja peenikese kaelaga, et saavutada destillaadi k\u00f5rgem puhtus ja originaalne maitse. Peale vendade surma ja alates 1936. aastast vahetas vabrik mitmel korral omanikke ja on alates 2012. aastast Remy-Cointreau grupi omanduses.<\/p>\n<p>Peale vabriku renoveerimisi on t\u00e4nap\u00e4evani kasutusel vendade Harvey\u2019de poolt ehitatud seadmed ja viski valmistatakse t\u00e4pselt samade reeglite j\u00e4rgi nagu 1881 aastal. Bruichladdich linnaseviskisid ei filtreerita, nendele ei lisata v\u00e4rvaineid, valmistamisel kasutatakse ainult \u0160otimaal ja Islay saarel kasvatatud otra ning destilleeritakse v\u00e4ga aeglaselt. Destilleerimise protsessi ei sekkuta, ei kasutata elektroonikat ja k\u00f5ik toimub naturaalselt, ainult gravitatsiooni j\u00f5ul. Linnaseviskidesse lisatakse enne pudeldamist minimaalselt Islay allikavett, et s\u00e4ilitada maksimaalselt k\u00f5ik maitse ja aroomi n\u00fcansid. See t\u00e4hendab, et Bruichladdich linnaseviskid on oma olemuselt ja sisult v\u00e4ga sarnased jahedas keldris vaadis olevale viskile ja on alkoholisisalduselt 50-60% vahemikus. Bruichladdich linnaseviskide stiil on eriline. Bruichladdich austab minevikku, kuid ei ela selle varjus. Bruichladdich usub innovatsiooni ja edusse. Viskid valmistatakse hoolikalt valitud aastak\u00e4ikudest ja sellest l\u00e4htuvalt ei ole nendel kirjas vaadis laagerdumise aega. See viski on t\u00e4pselt nii vana ja v\u00f5imas kui ta olema peab.<\/p>\n<p>Bruichladdich linnaseviskide p\u00f5hivalikus on:<br \/>Bruichladdich Scottish Barley Unpeated Single Malt Whisky 50%<br \/> (turbasuitsuta linnaseviski)<br \/>Port Charlotte Scottish Barley Heavily Peated Single Malt Whisky 50%<br \/> (tugeva suitsususega linnaseviski)<br \/>Octomore Scottish Barley Super Heavily Peated Single malt Whisky 57%<br \/> (maailma k\u00f5ige suitsusem linnaseviski)<\/p>","protected":false},"excerpt":{"rendered":"<p>Tooteliik:  Viski<br \/>\nP\u00e4ritolumaa: \u0160otimaaa<br \/>\nPiirkond: Islay<br \/>\nAlkoholisisaldus: 50%<br \/>\nV\u00e4rvus: Klaasjas kuldne.<br \/>\nAroom: Ninas avanevad suitsused noodid nagu Atlandi tuulepuhang. Aroomis meenub vana viskitehase l\u00f5hn, vihjed \u00f5lile ja joodile. Tunda soolasust ja purunenud merekarpide aroome, p\u00f5letatud tammevaadid, must pipar, paprika ning nahk ja tubakas. J\u00e4rgnev tamme ja vaniljearoom koos ploomide, pirnide, p\u00e4hklite ja v\u00e4rskelt jahvatatud linnastega on v\u00f5imsalt sensuaalne. Kui silmad sulgeda, siis see m\u00f5jub nagu suitsune ja v\u00f5imas aromaatne reis.<br \/>\nMaitse: Laineline mahe ja soe suitsusus vallutab maitsemeeled. Rikkalik magus suitsusus koosk\u00f5las merelise v\u00e4rskusega p\u00f5imub m\u00f5nusalt kreemja v\u00f5ik\u00fcpsise ja vaniljega. Seda kompleksust t\u00e4iustavad veel tsitrused ja mahedad tammenoodid. J\u00e4relmaitse on pikk ja s\u00fcdantsoojendav, \u00fcmbritsetuna uhkusest ja kirest. See toob julgust ja tugevust, usku ja headust sinu hingele.<\/p>","protected":false},"featured_media":3346,"template":"","meta":{"_acf_changed":false,"_kadence_starter_templates_imported_post":false,"_kad_post_transparent":"","_kad_post_title":"","_kad_post_layout":"","_kad_post_sidebar_id":"","_kad_post_content_style":"","_kad_post_vertical_padding":"","_kad_post_feature":"","_kad_post_feature_position":"","_kad_post_header":false,"_kad_post_footer":false},"product_brand":[],"product_cat":[111,45,26,22],"product_tag":[],"class_list":{"0":"post-3347","1":"product","2":"type-product","3":"status-publish","4":"has-post-thumbnail","6":"product_cat-viski-1","7":"product_cat-viski","8":"product_cat-kange-alkohol","9":"product_cat-kingiideed","11":"first","12":"outofstock","13":"taxable","14":"shipping-taxable","15":"purchasable","16":"product-type-simple","17":"entry","18":"content-bg","19":"loop-entry"},"acf":[],"_links":{"self":[{"href":"https:\/\/mydrink.ee\/fi\/wp-json\/wp\/v2\/product\/3347","targetHints":{"allow":["GET"]}}],"collection":[{"href":"https:\/\/mydrink.ee\/fi\/wp-json\/wp\/v2\/product"}],"about":[{"href":"https:\/\/mydrink.ee\/fi\/wp-json\/wp\/v2\/types\/product"}],"wp:featuredmedia":[{"embeddable":true,"href":"https:\/\/mydrink.ee\/fi\/wp-json\/wp\/v2\/media\/3346"}],"wp:attachment":[{"href":"https:\/\/mydrink.ee\/fi\/wp-json\/wp\/v2\/media?parent=3347"}],"wp:term":[{"taxonomy":"product_brand","embeddable":true,"href":"https:\/\/mydrink.ee\/fi\/wp-json\/wp\/v2\/product_brand?post=3347"},{"taxonomy":"product_cat","embeddable":true,"href":"https:\/\/mydrink.ee\/fi\/wp-json\/wp\/v2\/product_cat?post=3347"},{"taxonomy":"product_tag","embeddable":true,"href":"https:\/\/mydrink.ee\/fi\/wp-json\/wp\/v2\/product_tag?post=3347"}],"curies":[{"name":"wp","href":"https:\/\/api.w.org\/{rel}","templated":true}]}}