{"id":3349,"date":"2015-09-23T22:40:13","date_gmt":"2015-09-23T19:40:13","guid":{"rendered":"https:\/\/mydrink.ee\/product\/octomore-scottish-barley-57-70cl-tube\/"},"modified":"2015-09-23T22:40:13","modified_gmt":"2015-09-23T19:40:13","slug":"octomore-scottish-barley-57-70cl-tube","status":"publish","type":"product","link":"https:\/\/mydrink.ee\/fi\/product\/octomore-scottish-barley-57-70cl-tube\/","title":{"rendered":"BRUICHLADDICH OCTOMORESCOTTISH BARLEY 57% 70CL TUBE"},"content":{"rendered":"<p><strong>OCTOMORE SCOTTISH BARLEY \u2013 \u00dcLISUITSUNE LINNASEVISKI<\/strong><br \/> Edition 6, 167 ppm* (suitsusus)<br \/> Maailma k\u00f5ige suitsusem linnaseviski. Tegemist on \u00fcli-eksperimentaalse ja kultusliku kuuenda tiraa\u017eiga. Enneolematul hulgal turvast, kuid samas delikaatne komplekssus ning \u00f5rn rafineeritus. Noor. \u00dclimalt k\u00fcps. See trotsib meid. J\u00e4\u00e4b meile m\u00f5istatuseks. Me v\u00f5tame selle omaks. Samas, me austame selle p\u00e4ritolu, maad, millest p\u00e4rineb tooraine, mis on andnud sellele elu: Octomore Scottish Barley.<br \/> Me usume v\u00e4ljakutseid pakkuvasse konventsiooni.<\/p>\n<p>Karakteristika<br \/>Suurep\u00e4raselt j\u00f5uline. K\u00f5ige suitsusemad linnased on nii kuivad ja fenoolsed, et tekitavad meie meeltes s\u00e4hvatusi. Mitte nagu noor s\u00f5dalane, kes kutsub esile uhkust ja kirge. See viib meid k\u00f5ige kuulsamale kaljule Altandi Ookeanis \u2013 ISLAY saarele \u2013 hebriidide saarestiku viskis\u00fcdamesse.<\/p>\n<p>Meeleolu<br \/>Tere tulemast hebriidide destilleerijate progressiivsesse maailma.<\/p>\n<p>*ppm (parts per million) \u2013 kontsentratsiooni m\u00f5\u00f5t\u00fchik<\/p>\n<p>BRUICHLADDICH [brook-lad-dee]<br \/>Progressiivne viskimaja<\/p>\n<p>Bruichladdich, mis t\u00e4hendab kaldapealset kivist m\u00e4en\u00f5lva on Islay saarel asuv \u0160otimaa k\u00f5ige l\u00e4\u00e4nepoolsem viskivabrik. See asub Loch Indaali lahe kaldal Rhinns\u2019 i nimelisel poolsaarel, Port Charlotte sadamalinna l\u00e4heduses. Viskivabriku ehitasid 1881. aastal kolm venda William, Robert ja John Harvey raha eest, mille nad said oma isalt, kes oli Glasgow kuulus viskitootja. Vabrik ehitati tolle aja kohta v\u00e4ga uudsest spetsiaalsest patenteeritud betoonist, kui samal ajal enamus saarel olevatest vabrikutest olid vanadest farmidest v\u00e4lja kujunenud. Destillaatorid ehitati eriti k\u00f5rged ja peenikese kaelaga, et saavutada destillaadi k\u00f5rgem puhtus ja originaalne maitse. Peale vendade surma ja alates 1936. aastast vahetas vabrik mitmel korral omanikke ja on alates 2012. aastast Remy-Cointreau grupi omanduses.<\/p>\n<p>Peale vabriku renoveerimisi on t\u00e4nap\u00e4evani kasutusel vendade Harvey\u2019de poolt ehitatud seadmed ja viski valmistatakse t\u00e4pselt samade reeglite j\u00e4rgi nagu 1881 aastal. Bruichladdich linnaseviskisid ei filtreerita, nendele ei lisata v\u00e4rvaineid, valmistamisel kasutatakse ainult \u0160otimaal ja Islay saarel kasvatatud otra ning destilleeritakse v\u00e4ga aeglaselt. Destilleerimise protsessi ei sekkuta, ei kasutata elektroonikat ja k\u00f5ik toimub naturaalselt, ainult gravitatsiooni j\u00f5ul. Linnaseviskidesse lisatakse enne pudeldamist minimaalselt Islay allikavett, et s\u00e4ilitada maksimaalselt k\u00f5ik maitse ja aroomi n\u00fcansid. See t\u00e4hendab, et Bruichladdich linnaseviskid on oma olemuselt ja sisult v\u00e4ga sarnased jahedas keldris vaadis olevale viskile ja on alkoholisisalduselt 50-60% vahemikus. Bruichladdich linnaseviskide stiil on eriline. Bruichladdich austab minevikku, kuid ei ela selle varjus. Bruichladdich usub innovatsiooni ja edusse. Viskid valmistatakse hoolikalt valitud aastak\u00e4ikudest ja sellest l\u00e4htuvalt ei ole nendel kirjas vaadis laagerdumise aega. See viski on t\u00e4pselt nii vana ja v\u00f5imas kui ta olema peab.<\/p>\n<p>Bruichladdich linnaseviskide p\u00f5hivalikus on:<br \/>Bruichladdich Scottish Barley Unpeated Single Malt Whisky 50%<br \/> (turbasuitsuta linnaseviski)<br \/>Port Charlotte Scottish Barley Heavily Peated Single Malt Whisky 50%<br \/> (tugeva suitsususega linnaseviski)<br \/>Octomore Scottish Barley Super Heavily Peated Single malt Whisky 57%<br \/> (maailma k\u00f5ige suitsusem linnaseviski<\/p>","protected":false},"excerpt":{"rendered":"<p>Tooteliik:  Viski<br \/>\nP\u00e4ritolumaa: \u0160otimaa<br \/>\nPiirkond: Islay<br \/>\nAlkoholisisaldus: 57%<br \/>\nV\u00e4rvus: S\u00fcgisene p\u00e4ike\/klaasjas kollane.<br \/>\nAroom: Esimesena tunneme merel\u00f5hna, meenutades kivide vahel pekslevaid laineid meretuules, m\u00e4rga vetikat, vihjeid \u00f5lile ja joodile. Seej\u00e4rel tajume turbasuitsu koos purustatud musta pipraga, avaldub toote hing ise &#8211; suurep\u00e4rased kanarbiku noodid, sidrunmeliss ja vesim\u00fcnt. Tundub nagu vaatleme spirituaalset k\u00e4sit\u00f6\u00f6list, kes loob gobel\u00e4\u00e4ni hebriididest endist.<br \/>\nMaitse: Justkui hinget\u00f5mbe jooksul toimub klaasis v\u00e4ike muutus. P\u00fcsivalt kasvades tekib maitsesse kargus, odralinnas, seej\u00e4rel magus tammesus. Tunda on vanilje noodid, r\u00f6stitud rukkileib ja kreeka p\u00e4hklid. L\u00f5punoodid\/j\u00e4relmaitse: Meeled t\u00e4histavad lahket, sooja, haaravat kogemust veel t\u00fckk aega peale seda, kui oled oma klaasi t\u00fchjendanud. Sa tunnetad, et oled olnud justkui reisil mis soojendab Su s\u00fcdant, hinge ja vaimu.<\/p>","protected":false},"featured_media":3348,"template":"","meta":{"_acf_changed":false,"_kadence_starter_templates_imported_post":false,"_kad_post_transparent":"","_kad_post_title":"","_kad_post_layout":"","_kad_post_sidebar_id":"","_kad_post_content_style":"","_kad_post_vertical_padding":"","_kad_post_feature":"","_kad_post_feature_position":"","_kad_post_header":false,"_kad_post_footer":false},"product_brand":[],"product_cat":[111,45,26,22],"product_tag":[],"class_list":{"0":"post-3349","1":"product","2":"type-product","3":"status-publish","4":"has-post-thumbnail","6":"product_cat-viski-1","7":"product_cat-viski","8":"product_cat-kange-alkohol","9":"product_cat-kingiideed","11":"first","12":"outofstock","13":"taxable","14":"shipping-taxable","15":"purchasable","16":"product-type-simple","17":"entry","18":"content-bg","19":"loop-entry"},"acf":[],"_links":{"self":[{"href":"https:\/\/mydrink.ee\/fi\/wp-json\/wp\/v2\/product\/3349","targetHints":{"allow":["GET"]}}],"collection":[{"href":"https:\/\/mydrink.ee\/fi\/wp-json\/wp\/v2\/product"}],"about":[{"href":"https:\/\/mydrink.ee\/fi\/wp-json\/wp\/v2\/types\/product"}],"wp:featuredmedia":[{"embeddable":true,"href":"https:\/\/mydrink.ee\/fi\/wp-json\/wp\/v2\/media\/3348"}],"wp:attachment":[{"href":"https:\/\/mydrink.ee\/fi\/wp-json\/wp\/v2\/media?parent=3349"}],"wp:term":[{"taxonomy":"product_brand","embeddable":true,"href":"https:\/\/mydrink.ee\/fi\/wp-json\/wp\/v2\/product_brand?post=3349"},{"taxonomy":"product_cat","embeddable":true,"href":"https:\/\/mydrink.ee\/fi\/wp-json\/wp\/v2\/product_cat?post=3349"},{"taxonomy":"product_tag","embeddable":true,"href":"https:\/\/mydrink.ee\/fi\/wp-json\/wp\/v2\/product_tag?post=3349"}],"curies":[{"name":"wp","href":"https:\/\/api.w.org\/{rel}","templated":true}]}}