{"id":3397,"date":"2015-11-03T09:39:02","date_gmt":"2015-11-03T07:39:02","guid":{"rendered":"https:\/\/mydrink.ee\/product\/banfi-rosso-di-montalcino-20-12-5-75cl\/"},"modified":"2015-11-03T09:39:02","modified_gmt":"2015-11-03T07:39:02","slug":"banfi-rosso-di-montalcino-20-12-5-75cl","status":"publish","type":"product","link":"https:\/\/mydrink.ee\/fi\/product\/banfi-rosso-di-montalcino-20-12-5-75cl\/","title":{"rendered":"BANFI ROSSO DI MONTALCINO`20 12,5% 75CL"},"content":{"rendered":"<p>Kirjeldus<\/p>\n<p>Tootja: Castello Banfi S.R.L.<br \/> Esimene aastak\u00e4ik: 1983<br \/> Arengupotentsiaal: 8 aastat.<\/p>\n<p>Sangiovese viinapuud paiknevad 100 meetrit \u00fcle merepinna Montalcino m\u00e4e l\u00f5unapoolsetel n\u00f5lvadel. Viinamarjad korjatakse k\u00e4sitsi, sorteeritakse, eemaldatakse varred, fermentatsioon toimub kontrollitud temperatuuril Horizon h\u00fcbriid teras &#038; tammevaatides, matseratsioon 7-10 p\u00e4eva. Vein laagerdub 10-12 kuud osaliselt v\u00e4ikestes barrique \u00b4s ja suurtes vaatides, edasi areneb pudelis 6 kuud.<\/p>","protected":false},"excerpt":{"rendered":"<p>Tooteliik:\t Kaitstud p\u00e4ritolunimetusega vein<br \/>\nP\u00e4ritolumaa:\tItaalia<br \/>\nPiirkond:\tToskaana, Brunello di Montalcino DOCG<br \/>\nViinamarjasort:\t100% Sangiovese<br \/>\nV\u00e4rvus:\tRubiinpunane, violetse alatooniga.<br \/>\nAroom: \tAroom on intensiivne, tunda punaseid ja musti luuvilju, kirsse, ploome ja kannikesi.<br \/>\nMaitse: Maitse on keskmise t\u00e4idlusega, heas tasakaalus, tunda pehmeid puidutanniine, k\u00fcpseid metskirsse, musti ploome, musta pipart.<br \/>\nToidusoovitus:\tAhjus pikalt k\u00fcpsenud loomaliha, rostbiif, ulukiliha (metssiga) ja arenenud juustude juurde &#8211; Parmigiano Reggiano, Pecorino.<br \/>\nServeerimistemperatuur:\t16-18\u00b0C Bordeaux t\u00fc\u00fcpi punaveini klaasist.<\/p>","protected":false},"featured_media":3396,"template":"","meta":{"_acf_changed":false,"_kadence_starter_templates_imported_post":false,"_kad_post_transparent":"","_kad_post_title":"","_kad_post_layout":"","_kad_post_sidebar_id":"","_kad_post_content_style":"","_kad_post_vertical_padding":"","_kad_post_feature":"","_kad_post_feature_position":"","_kad_post_header":false,"_kad_post_footer":false},"product_brand":[],"product_cat":[20,180,30],"product_tag":[],"class_list":{"0":"post-3397","1":"product","2":"type-product","3":"status-publish","4":"has-post-thumbnail","6":"product_cat-punased-veinid","7":"product_cat-veinid","8":"product_cat-itaalia","10":"first","11":"instock","12":"taxable","13":"shipping-taxable","14":"purchasable","15":"product-type-simple","16":"entry","17":"content-bg","18":"loop-entry"},"acf":[],"_links":{"self":[{"href":"https:\/\/mydrink.ee\/fi\/wp-json\/wp\/v2\/product\/3397","targetHints":{"allow":["GET"]}}],"collection":[{"href":"https:\/\/mydrink.ee\/fi\/wp-json\/wp\/v2\/product"}],"about":[{"href":"https:\/\/mydrink.ee\/fi\/wp-json\/wp\/v2\/types\/product"}],"wp:featuredmedia":[{"embeddable":true,"href":"https:\/\/mydrink.ee\/fi\/wp-json\/wp\/v2\/media\/3396"}],"wp:attachment":[{"href":"https:\/\/mydrink.ee\/fi\/wp-json\/wp\/v2\/media?parent=3397"}],"wp:term":[{"taxonomy":"product_brand","embeddable":true,"href":"https:\/\/mydrink.ee\/fi\/wp-json\/wp\/v2\/product_brand?post=3397"},{"taxonomy":"product_cat","embeddable":true,"href":"https:\/\/mydrink.ee\/fi\/wp-json\/wp\/v2\/product_cat?post=3397"},{"taxonomy":"product_tag","embeddable":true,"href":"https:\/\/mydrink.ee\/fi\/wp-json\/wp\/v2\/product_tag?post=3397"}],"curies":[{"name":"wp","href":"https:\/\/api.w.org\/{rel}","templated":true}]}}