{"id":3399,"date":"2015-11-03T09:40:46","date_gmt":"2015-11-03T07:40:46","guid":{"rendered":"https:\/\/mydrink.ee\/product\/banfi-belnero-toscana-13-13-5-75cl\/"},"modified":"2015-11-03T09:40:46","modified_gmt":"2015-11-03T07:40:46","slug":"banfi-belnero-toscana-13-13-5-75cl","status":"publish","type":"product","link":"https:\/\/mydrink.ee\/fi\/product\/banfi-belnero-toscana-13-13-5-75cl\/","title":{"rendered":"BANFI BELNERO TOSCANA &#8217;13 13,5% 75CL"},"content":{"rendered":"<p>Kirjeldus<\/p>\n<p>Tootja: Castello Banfi S.R.L.<br \/> Esimene aastak\u00e4ik: 2005<br \/> Arengupotentsiaal: 10 aastat.<\/p>\n<p>Viinapuud paiknevad Montalcino m\u00e4e l\u00f5unapoolsel k\u00fcljel, 170-230 meetrit \u00fcle merepinna. Viinamarjad korjatakse k\u00e4sitsi Septembrikuu alguses, sorteeritakse, eemaldatakse varred ning alkoholi fermentatsioon toimub Horizon h\u00fcbiid teras &#038; puitvaatides 8-12 p\u00e4eva temperatuuril 24-26\u00b0C. Vein laagerdub tammevaatides 14 kuud, millest 30% on uued Prantsuse vaadid. Banfi Belnero s\u00fcmboliseerib veinimaja j\u00e4\u00e4gitut p\u00fchendumist Montalcino\u00b4s, arendades veinimaja ja veiniaedu, tagamaks suurep\u00e4rast kvaliteeti.<\/p>","protected":false},"excerpt":{"rendered":"<p>Tooteliik:\t Kaitstud geograafilise t\u00e4hisega vein<br \/>\nP\u00e4ritolumaa:\tItaalia<br \/>\nPiirkond:\tToskaana IGT<br \/>\nViinamarjasort:\tPeamiselt Sangiovese ja v\u00e4ikeses osas Cabernet Sauvignon ja Merlot\u00b4i.<br \/>\nV\u00e4rvus:\tIntensiivne, tumepunane, violetse alatooniga.<br \/>\nAroom: \tIntensiivne, kompleksne, tunda kuivatatud musti marju, vaniljet, tubakat ja kohvi.<br \/>\nMaitse: Kuiv, keskmisest t\u00e4idlasem, tunda kuivatatud kirsse, ploome, mustikaid, veidi musta pipart, heas tasakaalus, pehmed tanniinid. J\u00e4relmaitse kauakestev, hea k\u00fcpse marjasusega.<br \/>\nToidusoovitus:\tHautatud vasikaliha, loomafilee veinikastmes, k\u00f5vad laagerdunud juustud- Gouda Boerenkaas, Pecorino, Parmigiano Reggiano.<br \/>\nServeerimistemperatuur:\t16-18\u00b0C Bordeaux t\u00fc\u00fcpi punaveini klaasist; enne serveerimist dekanteerida!<\/p>","protected":false},"featured_media":3398,"template":"","meta":{"_acf_changed":false,"_kadence_starter_templates_imported_post":false,"_kad_post_transparent":"","_kad_post_title":"","_kad_post_layout":"","_kad_post_sidebar_id":"","_kad_post_content_style":"","_kad_post_vertical_padding":"","_kad_post_feature":"","_kad_post_feature_position":"","_kad_post_header":false,"_kad_post_footer":false},"product_brand":[],"product_cat":[20,180,30],"product_tag":[],"class_list":{"0":"post-3399","1":"product","2":"type-product","3":"status-publish","4":"has-post-thumbnail","6":"product_cat-punased-veinid","7":"product_cat-veinid","8":"product_cat-itaalia","10":"first","11":"instock","12":"taxable","13":"shipping-taxable","14":"purchasable","15":"product-type-simple","16":"entry","17":"content-bg","18":"loop-entry"},"acf":[],"_links":{"self":[{"href":"https:\/\/mydrink.ee\/fi\/wp-json\/wp\/v2\/product\/3399","targetHints":{"allow":["GET"]}}],"collection":[{"href":"https:\/\/mydrink.ee\/fi\/wp-json\/wp\/v2\/product"}],"about":[{"href":"https:\/\/mydrink.ee\/fi\/wp-json\/wp\/v2\/types\/product"}],"wp:featuredmedia":[{"embeddable":true,"href":"https:\/\/mydrink.ee\/fi\/wp-json\/wp\/v2\/media\/3398"}],"wp:attachment":[{"href":"https:\/\/mydrink.ee\/fi\/wp-json\/wp\/v2\/media?parent=3399"}],"wp:term":[{"taxonomy":"product_brand","embeddable":true,"href":"https:\/\/mydrink.ee\/fi\/wp-json\/wp\/v2\/product_brand?post=3399"},{"taxonomy":"product_cat","embeddable":true,"href":"https:\/\/mydrink.ee\/fi\/wp-json\/wp\/v2\/product_cat?post=3399"},{"taxonomy":"product_tag","embeddable":true,"href":"https:\/\/mydrink.ee\/fi\/wp-json\/wp\/v2\/product_tag?post=3399"}],"curies":[{"name":"wp","href":"https:\/\/api.w.org\/{rel}","templated":true}]}}