{"id":3401,"date":"2015-11-03T09:42:31","date_gmt":"2015-11-03T07:42:31","guid":{"rendered":"https:\/\/mydrink.ee\/product\/banfi-cum-laude-toscana-20-14-vol-75cl\/"},"modified":"2015-11-03T09:42:31","modified_gmt":"2015-11-03T07:42:31","slug":"banfi-cum-laude-toscana-20-14-vol-75cl","status":"publish","type":"product","link":"https:\/\/mydrink.ee\/fi\/product\/banfi-cum-laude-toscana-20-14-vol-75cl\/","title":{"rendered":"BANFI CUM LAUDE TOSCANA`20 14% vol 75CL"},"content":{"rendered":"<p>Kirjeldus<\/p>\n<p>Tootja: Castello Banfi S.R.L.<br \/> Esimene aastak\u00e4ik: 1999<br \/> Arengupotentsiaal: 5-10 aastat.<\/p>\n<p>Viinapuud paiknevad Montalcino m\u00e4e l\u00f5unapoolsetel n\u00f5lvadel, vahemikus 120m (Syrah) -230m (Sangiovese) \u00fcle merepinna. Viinamarjad korjatakse k\u00e4sitsi, sorteeritakse, eemaldatakse varred, pressitakse. Fermentatsioon toimub igal viinamarjasordil eraldi Horizon h\u00fcbriid teras &#038; puitvaatides. Esimesed 2 p\u00e4eva enne k\u00e4\u00e4ritamist toimub k\u00fclm-matseratsioon (14\u00b0C), edasi toimub matseratsioon (22\u00b0C). Veinide (iga sort eraldi) arendamine toimub puitvaatides 6 kuud ja siis veinimeister valmistab cuv\u00e8e. Valmis cuv\u00e9e areneb veinivaatides 6 kuud ja pudelis 6 kuud.<\/p>","protected":false},"excerpt":{"rendered":"<p>Tooteliik\t Kaitstud geograafilise t\u00e4hisega vein<br \/>\nP\u00e4ritolumaa:\tItaalia<br \/>\nPiirkond:\tToskaana IGT<br \/>\nViinamarjasort:\tCabernet Sauvignon (30%), Merlot (30%), Sangiovese (25%), Syrah (15%)<br \/>\nV\u00e4rvus:\tRrubiinpunane, intensiivne.<br \/>\nAroom: \tKompleksne, tunda musts\u00f5straid, ploomimoosi, k\u00fcpseid kirsse, musti oliive, lik\u00f6\u00f6rsust ja veidi tubakat.<br \/>\nMaitse: \tMaitselt on vein t\u00e4idlane, tunda pehmeid tanniine, k\u00fcpseid musti marju, kuivatatud ploome, kirsse, veidi musta pipart.<br \/>\nToidusoovitus:\tUlukiliha (metssiga, p\u00f5der), grillitud loomaliha, keskmiselt laagerdunud juustud.<br \/>\nServeerimistemperatuur:\t16-18\u00b0C Bordeaux t\u00fc\u00fcpi punaveini klaasist.<\/p>","protected":false},"featured_media":3400,"template":"","meta":{"_acf_changed":false,"_kadence_starter_templates_imported_post":false,"_kad_post_transparent":"","_kad_post_title":"","_kad_post_layout":"","_kad_post_sidebar_id":"","_kad_post_content_style":"","_kad_post_vertical_padding":"","_kad_post_feature":"","_kad_post_feature_position":"","_kad_post_header":false,"_kad_post_footer":false},"product_brand":[],"product_cat":[20,180,152,30,22],"product_tag":[],"class_list":{"0":"post-3401","1":"product","2":"type-product","3":"status-publish","4":"has-post-thumbnail","6":"product_cat-punased-veinid","7":"product_cat-veinid","8":"product_cat-punane-vein","9":"product_cat-itaalia","10":"product_cat-kingiideed","12":"first","13":"instock","14":"taxable","15":"shipping-taxable","16":"purchasable","17":"product-type-simple","18":"entry","19":"content-bg","20":"loop-entry"},"acf":[],"_links":{"self":[{"href":"https:\/\/mydrink.ee\/fi\/wp-json\/wp\/v2\/product\/3401","targetHints":{"allow":["GET"]}}],"collection":[{"href":"https:\/\/mydrink.ee\/fi\/wp-json\/wp\/v2\/product"}],"about":[{"href":"https:\/\/mydrink.ee\/fi\/wp-json\/wp\/v2\/types\/product"}],"wp:featuredmedia":[{"embeddable":true,"href":"https:\/\/mydrink.ee\/fi\/wp-json\/wp\/v2\/media\/3400"}],"wp:attachment":[{"href":"https:\/\/mydrink.ee\/fi\/wp-json\/wp\/v2\/media?parent=3401"}],"wp:term":[{"taxonomy":"product_brand","embeddable":true,"href":"https:\/\/mydrink.ee\/fi\/wp-json\/wp\/v2\/product_brand?post=3401"},{"taxonomy":"product_cat","embeddable":true,"href":"https:\/\/mydrink.ee\/fi\/wp-json\/wp\/v2\/product_cat?post=3401"},{"taxonomy":"product_tag","embeddable":true,"href":"https:\/\/mydrink.ee\/fi\/wp-json\/wp\/v2\/product_tag?post=3401"}],"curies":[{"name":"wp","href":"https:\/\/api.w.org\/{rel}","templated":true}]}}