{"id":3421,"date":"2015-11-03T17:56:06","date_gmt":"2015-11-03T15:56:06","guid":{"rendered":"https:\/\/mydrink.ee\/product\/banfi-florus-moscadello-di-montalcino-18-15-50cl-box\/"},"modified":"2015-11-03T17:56:06","modified_gmt":"2015-11-03T15:56:06","slug":"banfi-florus-moscadello-di-montalcino-18-15-50cl-box","status":"publish","type":"product","link":"https:\/\/mydrink.ee\/fi\/product\/banfi-florus-moscadello-di-montalcino-18-15-50cl-box\/","title":{"rendered":"BANFI FLORUS MOSCADELLO DI MONTALCINO`18 15% 50CL BOX"},"content":{"rendered":"<p>Kirjeldus<\/p>\n<p>Tootja: Castello Banfi S.R.L.<br \/> Esimene aastak\u00e4ik: 1982<br \/> Arengupotentsiaal: 10-15 aastat.<\/p>\n<p>Moscadello viinapuud paiknevad 120 meetrit \u00fcle merepinna, Montalcino m\u00e4e l\u00f5unapoolsetel n\u00f5lvadel. Viinamarjad korjatakse hilis-s\u00fcgisel, Oktoobrikuu l\u00f5pus, siis kui marjad on muutunud juba rosinateks. Viinamarjad korjatakse k\u00e4sitsi, sorteeritakse, pressitakse. Edasi toimub aeglane fermentatsioon 15\u00b0C juures, kuni on saavutatud 14-15% alc.vol, osa veinist laagerdub 1 aasta Prantsuse tammevaadis. Edasi vein areneb pudelis. Moscadello on ajalooline hiliskorje (late harvest) viinamarjasort Montalcinos.<\/p>","protected":false},"excerpt":{"rendered":"<p>Tooteliik:\t Kaitstud p\u00e4ritolunimetusega vein<br \/>\nP\u00e4ritolumaa:\tItaalia<br \/>\nPiirkond:\tToskaana, Moscadello di Montalcino DOC<br \/>\nViinamarjasort:\t100% Moscadello<br \/>\nV\u00e4rvus:\tS\u00fcgav kuldkollane, intensiivne.<br \/>\nAroom: \tAroom on elegantne, tunda eksootilisi puuvilju, kuivatatud kollaseid luuvilju, mesilasvaha, veidi \u00fcrdisust.<br \/>\nMaitse: \tMaitse on magus, t\u00e4idlane, kompleksne, tunda kuivatatud aprikoosi, ananassi, veidi kollaseid tsitruselisi, apelsinini koort, sukaadi.<br \/>\nToidusoovitus:\tMagustoidud, \u00f5unakook, sinihallitusjuustude juurde \u2013 Gorgonzola, Bresse Bleu.<br \/>\nServeerimistemperatuur:\tjahutatult 8-10\u00b0C klassikalisest valgeveini klaasist.<\/p>","protected":false},"featured_media":3420,"template":"","meta":{"_acf_changed":false,"_kadence_starter_templates_imported_post":false,"_kad_post_transparent":"","_kad_post_title":"","_kad_post_layout":"","_kad_post_sidebar_id":"","_kad_post_content_style":"","_kad_post_vertical_padding":"","_kad_post_feature":"","_kad_post_feature_position":"","_kad_post_header":false,"_kad_post_footer":false},"product_brand":[],"product_cat":[21,55],"product_tag":[],"class_list":{"0":"post-3421","1":"product","2":"type-product","3":"status-publish","4":"has-post-thumbnail","6":"product_cat-valged-veinid","7":"product_cat-itaalia-1","9":"first","10":"instock","11":"taxable","12":"shipping-taxable","13":"purchasable","14":"product-type-simple","15":"entry","16":"content-bg","17":"loop-entry"},"acf":[],"_links":{"self":[{"href":"https:\/\/mydrink.ee\/fi\/wp-json\/wp\/v2\/product\/3421","targetHints":{"allow":["GET"]}}],"collection":[{"href":"https:\/\/mydrink.ee\/fi\/wp-json\/wp\/v2\/product"}],"about":[{"href":"https:\/\/mydrink.ee\/fi\/wp-json\/wp\/v2\/types\/product"}],"wp:featuredmedia":[{"embeddable":true,"href":"https:\/\/mydrink.ee\/fi\/wp-json\/wp\/v2\/media\/3420"}],"wp:attachment":[{"href":"https:\/\/mydrink.ee\/fi\/wp-json\/wp\/v2\/media?parent=3421"}],"wp:term":[{"taxonomy":"product_brand","embeddable":true,"href":"https:\/\/mydrink.ee\/fi\/wp-json\/wp\/v2\/product_brand?post=3421"},{"taxonomy":"product_cat","embeddable":true,"href":"https:\/\/mydrink.ee\/fi\/wp-json\/wp\/v2\/product_cat?post=3421"},{"taxonomy":"product_tag","embeddable":true,"href":"https:\/\/mydrink.ee\/fi\/wp-json\/wp\/v2\/product_tag?post=3421"}],"curies":[{"name":"wp","href":"https:\/\/api.w.org\/{rel}","templated":true}]}}