{"id":3538,"date":"2016-06-06T22:34:35","date_gmt":"2016-06-06T19:34:35","guid":{"rendered":"https:\/\/mydrink.ee\/product\/louis-raison-crisp-cider-5-5-33cl\/"},"modified":"2025-09-25T10:24:06","modified_gmt":"2025-09-25T07:24:06","slug":"louis-raison-crisp-cider-5-5-33cl","status":"publish","type":"product","link":"https:\/\/mydrink.ee\/fi\/product\/louis-raison-crisp-cider-5-5-33cl\/","title":{"rendered":"LOUIS RAISON CRISP CIDER 5,5% 33CL"},"content":{"rendered":"<p>L.Raison Original Crisp siider on valmistatud Britannia magushapudest \u00f5untest, mis on kasvanud L.Raison\u00b4i\u00f5unapuu aedades.<\/p>\n<p>Louis Raison siidrimaja lugu sai alguse 1923 aastal, kui tema isa alustas k\u00e4sit\u00f6\u00f6siidrite valmistamisega Britannias. Aastal 1934, Louis Raison (olles vaid 14 aastane) hakkas \u00f5ppima isa k\u00f5rvalt siidri valmistamise oskusi ja saladusi ning peale II maailmas\u00f5da, 1945 aastal, asus Louis Raison isa juhtima siidrimaja. Tema isa oli esimene siidrimeister Prantsusmaal, kes alustas siidrite villimisega pudelisse ning nende populariseerimist Prantsusmaal. T\u00e4naseks on Louis Raison siidrid turuliidrid Prantsusmaal ning tuntud k\u00f5ikjal maailmas!<br \/>Siidrimaja omab Britannias suuri \u00f5una-ja pirnipuu aedasid ning nendes \u00f5unapuu aedades kasvab unikaalne roosa viljalihaga \u201eRouge Delice\u201c \u00f5unasorti, millest on valmistatud ka Louis Raison Rouge Delice roosa siider.<\/p>\n<p>\u00a0<\/p>","protected":false},"excerpt":{"rendered":"<p>Liik: Lahja alkohoolne jook, Siider<br \/>\nKastis: 24<br \/>\nMaht: 33CL<br \/>\nAlkoholisisaldus: 5,5%<br \/>\nP\u00e4ritolumaa: Prantsusmaa<br \/>\nPiirkond: Britannia<br \/>\nKoostis: \u00d5unamahl, fruktoos, s\u00fcsinikdioksiid, happed: sidrunhape. Sisaldab sulfiteid.<br \/>\nMaitse: V\u00e4rske, kerge, magushapu \u00f5unasus, puuviljane.<br \/>\nToidusoovitus: Sobib ideaalselt aperitiiviks, juustuvaliku ja \u00f5unadessertide juurde.<br \/>\nServeerimistemp.: jahutatult 6-8\u00b0C juures.<br \/>\nS\u00e4ilitada kuivas ja jahedas kohas.<\/p>","protected":false},"featured_media":3537,"template":"","meta":{"_acf_changed":false,"_kad_post_transparent":"","_kad_post_title":"","_kad_post_layout":"","_kad_post_sidebar_id":"","_kad_post_content_style":"","_kad_post_vertical_padding":"","_kad_post_feature":"","_kad_post_feature_position":"","_kad_post_header":false,"_kad_post_footer":false},"product_brand":[],"product_cat":[110,50,25,232,89],"product_tag":[],"class_list":{"0":"post-3538","1":"product","2":"type-product","3":"status-publish","4":"has-post-thumbnail","6":"product_cat-pakkumised","7":"product_cat-soodus-1","8":"product_cat-olu-siider-long-drink","9":"product_cat-pandipakend","10":"product_cat-siider","12":"first","13":"outofstock","14":"sale","15":"taxable","16":"shipping-taxable","17":"purchasable","18":"product-type-simple","19":"entry","20":"content-bg","21":"loop-entry"},"acf":[],"_links":{"self":[{"href":"https:\/\/mydrink.ee\/fi\/wp-json\/wp\/v2\/product\/3538","targetHints":{"allow":["GET"]}}],"collection":[{"href":"https:\/\/mydrink.ee\/fi\/wp-json\/wp\/v2\/product"}],"about":[{"href":"https:\/\/mydrink.ee\/fi\/wp-json\/wp\/v2\/types\/product"}],"wp:featuredmedia":[{"embeddable":true,"href":"https:\/\/mydrink.ee\/fi\/wp-json\/wp\/v2\/media\/3537"}],"wp:attachment":[{"href":"https:\/\/mydrink.ee\/fi\/wp-json\/wp\/v2\/media?parent=3538"}],"wp:term":[{"taxonomy":"product_brand","embeddable":true,"href":"https:\/\/mydrink.ee\/fi\/wp-json\/wp\/v2\/product_brand?post=3538"},{"taxonomy":"product_cat","embeddable":true,"href":"https:\/\/mydrink.ee\/fi\/wp-json\/wp\/v2\/product_cat?post=3538"},{"taxonomy":"product_tag","embeddable":true,"href":"https:\/\/mydrink.ee\/fi\/wp-json\/wp\/v2\/product_tag?post=3538"}],"curies":[{"name":"wp","href":"https:\/\/api.w.org\/{rel}","templated":true}]}}