{"id":3542,"date":"2016-06-06T22:34:37","date_gmt":"2016-06-06T19:34:37","guid":{"rendered":"https:\/\/mydrink.ee\/product\/louis-raison-pear-cider-4-33cl\/"},"modified":"2025-09-25T10:24:06","modified_gmt":"2025-09-25T07:24:06","slug":"louis-raison-pear-cider-4-33cl","status":"publish","type":"product","link":"https:\/\/mydrink.ee\/fi\/product\/louis-raison-pear-cider-4-33cl\/","title":{"rendered":"LOUIS RAISON PEAR CIDER 4% 33CL"},"content":{"rendered":"<p>L.RaisonPearsiider on valmistatud siidripirnidest ja -\u00f5untest, mis on kasvanud Britannias.<\/p>\n<p>Louis Raison siidrimaja lugu sai alguse 1923 aastal, kui tema isa alustas k\u00e4sit\u00f6\u00f6siidrite valmistamisega Britannias. Aastal 1934, Louis Raison (olles vaid 14 aastane) hakkas \u00f5ppima isa k\u00f5rvalt siidri valmistamise oskusi ja saladusi ning peale II maailmas\u00f5da, 1945 aastal, asus Louis Raison isa juhtima siidrimaja. Tema isa oli esimene siidrimeister Prantsusmaal, kes alustas siidrite villimisega pudelisse ning nende populariseerimist Prantsusmaal. T\u00e4naseks on Louis Raison siidrid turuliidrid Prantsusmaal ning tuntud k\u00f5ikjal maailmas!<br \/>Siidrimaja omab Britannias suuri \u00f5una-ja pirnipuu aedasid ning nendes \u00f5unapuu aedades kasvab unikaalne roosa viljalihaga \u201eRouge Delice\u201c \u00f5unasorti, millest on valmistatud ka Louis Raison Rouge Delice roosa siider. <\/p>","protected":false},"excerpt":{"rendered":"<p>Liik: Lahja alkohoolne jook, Siider<br \/>\nKastis: 24<br \/>\nMaht: 33CL<br \/>\nAlkoholisisaldus: 4%<br \/>\nP\u00e4ritolumaa: Prantsusmaa<br \/>\nPiirkond: Britannia<br \/>\nKoostis:Pirni-ja \u00f5unamahl, suhkur. Sisaldabsulfiteid.<br \/>\nMaitse: V\u00e4rske, kerge, magushapu, puuviljane.<br \/>\nToidusoovitus: Sobib ideaalselt aperitiiviks, juustuvaliku ja puuvilja dessertide juurde.<br \/>\nServeerimistemp.: jahutatult 6-8\u00b0C juures.<br \/>\nS\u00e4ilitada kuivas ja jahedas kohas.<\/p>","protected":false},"featured_media":3541,"template":"","meta":{"_acf_changed":false,"_kadence_starter_templates_imported_post":false,"_kad_post_transparent":"","_kad_post_title":"","_kad_post_layout":"","_kad_post_sidebar_id":"","_kad_post_content_style":"","_kad_post_vertical_padding":"","_kad_post_feature":"","_kad_post_feature_position":"","_kad_post_header":false,"_kad_post_footer":false},"product_brand":[],"product_cat":[232,110,89,25],"product_tag":[],"class_list":{"0":"post-3542","1":"product","2":"type-product","3":"status-publish","4":"has-post-thumbnail","6":"product_cat-pandipakend","7":"product_cat-pakkumised","8":"product_cat-siider","9":"product_cat-olu-siider-long-drink","11":"first","12":"outofstock","13":"sale","14":"taxable","15":"shipping-taxable","16":"purchasable","17":"product-type-simple","18":"entry","19":"content-bg","20":"loop-entry"},"acf":[],"_links":{"self":[{"href":"https:\/\/mydrink.ee\/fi\/wp-json\/wp\/v2\/product\/3542","targetHints":{"allow":["GET"]}}],"collection":[{"href":"https:\/\/mydrink.ee\/fi\/wp-json\/wp\/v2\/product"}],"about":[{"href":"https:\/\/mydrink.ee\/fi\/wp-json\/wp\/v2\/types\/product"}],"wp:featuredmedia":[{"embeddable":true,"href":"https:\/\/mydrink.ee\/fi\/wp-json\/wp\/v2\/media\/3541"}],"wp:attachment":[{"href":"https:\/\/mydrink.ee\/fi\/wp-json\/wp\/v2\/media?parent=3542"}],"wp:term":[{"taxonomy":"product_brand","embeddable":true,"href":"https:\/\/mydrink.ee\/fi\/wp-json\/wp\/v2\/product_brand?post=3542"},{"taxonomy":"product_cat","embeddable":true,"href":"https:\/\/mydrink.ee\/fi\/wp-json\/wp\/v2\/product_cat?post=3542"},{"taxonomy":"product_tag","embeddable":true,"href":"https:\/\/mydrink.ee\/fi\/wp-json\/wp\/v2\/product_tag?post=3542"}],"curies":[{"name":"wp","href":"https:\/\/api.w.org\/{rel}","templated":true}]}}