{"id":3563,"date":"2016-06-29T05:21:43","date_gmt":"2016-06-29T02:21:43","guid":{"rendered":"https:\/\/mydrink.ee\/product\/elijah-craig-12-yo-bourbonwhiskey-47-70cl\/"},"modified":"2025-12-31T12:45:30","modified_gmt":"2025-12-31T10:45:30","slug":"elijah-craig-12-yo-bourbonwhiskey-47-70cl","status":"publish","type":"product","link":"https:\/\/mydrink.ee\/fi\/product\/elijah-craig-12-yo-bourbonwhiskey-47-70cl\/","title":{"rendered":"ELIJAH CRAIG SMALL BATCH BOURBON WHISKEY 47% 70CL"},"content":{"rendered":"<p>Elijah Craig Small Batch 12yo 47% bourboonviski \u2013 super premium viski<\/p>\n<p>1789 aastal sai pastor-kiriku\u00f5petaja Elijah Craig kuulsaks kui \u201ebourboonviski isa\u201c, sest ta oli esimene kes hakkas kasutama seestpoolt tugevasti p\u00f5letatud ja s\u00f6estunud tammevaate. Tulekahju t\u00f5ttu p\u00f5les osa vaate seest ja Elijah otsustas oma viskivarud nendesse vaatidesse valada. Tulemuseks oli teistsugune ja palju huvitavam, aromaatsem viski. Heaven Hilli viskimeistrid on Elijah Craigi tammevaatide kasutuse oskustest innustatuna lihvinud \u201esmall batch \u2013 v\u00e4ikese partii\u201c valmistamise oskused perfektsuseni enne kui seda bourboonviski valmistamise meetodit hakati ametlikult nii kutsuma. Viskimeistrid valivad parimate omadustega viskivaadid laagerdumise lao keskmiselt korruselt ja segavad nendest v\u00e4ikestest kogustest kokku esmaklassilise bourboonviski.<\/p>\n<p>Elijah Craig 12yo viski on v\u00f5itnud viskide hindamistelt mitmekordselt kuldmedaleid<br \/>Kahekordselt kullaga p\u00e4rjatud v\u00f5istlusel \u201cSan Francisco World Spirits Competition\u201d, ajakirjas Whisky Advocate Magazine valiti parimaks \u201eBest Buy Whiskey of the Year\u201c, Jim Murray \u201cWhisky Bible\u201d raamatus on hinnang kui parim 10-12 aastane bourboonviski \u2013 \u201cBest Bourbon Aged 10-12 Years\u201d, kaks korda valitud \u201eBest of the Best\u201c viskiks Whisky Magazine poolt.<\/p>","protected":false},"excerpt":{"rendered":"<p>Tooteliik: Whisky<br \/>\nP\u00e4ritolumaa: Ameerika \u00dchendriigid<br \/>\nPiirkond: Kentucky<br \/>\nAlkoholisisaldus: 47%<br \/>\nV\u00e4rvus: Tume merevaik<br \/>\nAroom: T\u00e4idlane, ilusas magusas tasakaalus tamm, iiris, v\u00fcrtsikad k\u00fcpsetatud puuviljad<br \/>\nMaitse: Rikkalik ja mahe, vihjed k\u00fcpsetatud \u00f5untele ja v\u00fcrtsidele, tunda vanilli ja tumedat \u0161okolaadi. J\u00e4relmaitse pikk, rikkalik, tammine ja magus.<br \/>\nToidusoovitus: Sobib ideaalselt puhtalt j\u00e4\u00e4ga tarbimiseks ning k\u00f5rvale soovitame serveerida kirsse, mureleid v\u00f5i tumedat \u0161okolaadi.<br \/>\nMaht: 70 cl<br \/>\nKogus kastis: 12<\/p>","protected":false},"featured_media":3562,"template":"","meta":{"_acf_changed":false,"_kadence_starter_templates_imported_post":false,"_kad_post_transparent":"","_kad_post_title":"","_kad_post_layout":"","_kad_post_sidebar_id":"","_kad_post_content_style":"","_kad_post_vertical_padding":"","_kad_post_feature":"","_kad_post_feature_position":"","_kad_post_header":false,"_kad_post_footer":false},"product_brand":[],"product_cat":[26,45],"product_tag":[],"class_list":{"0":"post-3563","1":"product","2":"type-product","3":"status-publish","4":"has-post-thumbnail","6":"product_cat-kange-alkohol","7":"product_cat-viski","9":"first","10":"instock","11":"taxable","12":"shipping-taxable","13":"purchasable","14":"product-type-simple","15":"entry","16":"content-bg","17":"loop-entry"},"acf":[],"_links":{"self":[{"href":"https:\/\/mydrink.ee\/fi\/wp-json\/wp\/v2\/product\/3563","targetHints":{"allow":["GET"]}}],"collection":[{"href":"https:\/\/mydrink.ee\/fi\/wp-json\/wp\/v2\/product"}],"about":[{"href":"https:\/\/mydrink.ee\/fi\/wp-json\/wp\/v2\/types\/product"}],"wp:featuredmedia":[{"embeddable":true,"href":"https:\/\/mydrink.ee\/fi\/wp-json\/wp\/v2\/media\/3562"}],"wp:attachment":[{"href":"https:\/\/mydrink.ee\/fi\/wp-json\/wp\/v2\/media?parent=3563"}],"wp:term":[{"taxonomy":"product_brand","embeddable":true,"href":"https:\/\/mydrink.ee\/fi\/wp-json\/wp\/v2\/product_brand?post=3563"},{"taxonomy":"product_cat","embeddable":true,"href":"https:\/\/mydrink.ee\/fi\/wp-json\/wp\/v2\/product_cat?post=3563"},{"taxonomy":"product_tag","embeddable":true,"href":"https:\/\/mydrink.ee\/fi\/wp-json\/wp\/v2\/product_tag?post=3563"}],"curies":[{"name":"wp","href":"https:\/\/api.w.org\/{rel}","templated":true}]}}