{"id":3597,"date":"2016-08-10T22:48:01","date_gmt":"2016-08-10T19:48:01","guid":{"rendered":"https:\/\/mydrink.ee\/product\/wente-beyer-ranch-zinfandel-13-14-5-75cl\/"},"modified":"2016-08-10T22:48:01","modified_gmt":"2016-08-10T19:48:01","slug":"wente-beyer-ranch-zinfandel-13-14-5-75cl","status":"publish","type":"product","link":"https:\/\/mydrink.ee\/fi\/product\/wente-beyer-ranch-zinfandel-13-14-5-75cl\/","title":{"rendered":"WENTE BEYER RANCH ZINFANDEL`13 14,5% 75CL"},"content":{"rendered":"<div class=\"main-wrap-helper clear\">\n<div class=\"main-content-section\">\n<div class=\"product-details-section\">\n<div class=\"product-details-article\">\n<div class=\"grid\">\n<div class=\"col-7-10\">\n<div class=\"product-details-desc\">\n<h2>Kirjeldus<\/h2>\n<p>Beyer Ranch Zinfandel viinamarjad kasvavad kolmes erineva asukohaga veinivalduses Livermore Valley\u00b4s. Marjad on korjatud nende parimas k\u00fcpsusastmes ja fermenteeritud eraldi terasvaatides 25-30\u00b0C juures 10 p\u00e4eva. 3 korda p\u00e4evas toimub vaatide \u00fcmberpumpamine, et maksimeerida veinis marjasust, edasi vein areneb 20 kuud Prantsuse ja Ameerika tammevaatides.<\/p>\n<p>Tootja:\u00a0Wente Vineyards<\/p>\n<p><em>Wente Vineyards on rajatud 1883. a ja on siiani vanim, j\u00e4rjepidevalt veini valmistanud ning perekonna valduses olev veinimaja Kalifornias. T\u00e4nap\u00e4eval juhib veinimaja tegevust Wente perekonna 5. generatsioon ja veinimeistriks on Karl D. Wente. Veinimaja paikneb Kalifornias, San Francisco\u00b4st idas Livermore Valley\u00b4s ja omab v\u00e4ikeseid veiniaedu Arroyo Seco AVA-s Monterey County\u00b4s. Ernest Wente muretses Montpellieri \u00fclikooli viinapuude puukoolist p\u00e4rineva Chardonnay marjasordi, mida t\u00e4nap\u00e4eval nimetatakse \u201eWente Clone\u201c Chardonnay\u00b4ks ja mida kasvatatakse t\u00e4nap\u00e4eval \u00fcle 80% Kalifornia veiniaedades.Veinimaja arendab ja kasvatab Sauvignon Blanc viinamarja v\u00e4\u00e4te, mille istikud on toodud 1880-ndatel Chateau d\u00b4Yguem, Bordeaux veinim\u00f5isast. Samuti Wente Cabernet Sauvignon v\u00e4\u00e4did p\u00e4rinevad Chateau Margaux, Bordeaux veinim\u00f5isast. Wente Family Wines esindusveinideks on \u201eSmall Lot\u201c ja \u201eNth Degree\u201c sarja veinid, mis korjatakse v\u00e4ikestest, piiritletud saagikusega veiniaedadest Arroyo Seco AVA-s.<\/em><\/p>\n<\/div>\n<\/div>\n<\/div>\n<\/div>\n<\/div>\n<\/div>\n<\/div>","protected":false},"excerpt":{"rendered":"<p>Tooteliik: Vein<br \/>\nP\u00e4ritolumaa: Ameerika \u00dchendriigid<br \/>\nPiirkond: Kalifornia, Livermore Valley AVA<br \/>\nViinamarjasort: 85% Zinfandel; 6% Petite Sirah; 6% Barbera, 3% Syrah<br \/>\nV\u00e4rvus: Rubiinpunane, kirgas.<br \/>\nAroom: Marjane, tunda k\u00fcpseid tumedaid marju, musti ploome, p\u00f5ldmarju, vaarikaid, \u00fcrdisust, \u0161okolaadi ja vaniljesust.<br \/>\nMaitse: Keskmise t\u00e4idlusega, kuiv ja marjane. Tunda k\u00fcpseid musti marju, musti kirsse, p\u00f5ldmarju, tanniinsust, rohelisi \u00fcrte ja musta pipart. J\u00e4relmaitse on pikk, v\u00fcrtsika ja marjase noodiga.<br \/>\nToidusoovitus: Grillitud sealiharoad, ulukiliha, punaveinikastmed, k\u00fcpsed juustud.<br \/>\nServeerimistemperatuur: 14-16\u00b0C Bordeaux t\u00fc\u00fcpi veiniklaasist.<br \/>\nSaadaolevad m\u00f5\u00f5dud: 75 cl <\/p>","protected":false},"featured_media":3596,"template":"","meta":{"_acf_changed":false,"_kadence_starter_templates_imported_post":false,"_kad_post_transparent":"","_kad_post_title":"","_kad_post_layout":"","_kad_post_sidebar_id":"","_kad_post_content_style":"","_kad_post_vertical_padding":"","_kad_post_feature":"","_kad_post_feature_position":"","_kad_post_header":false,"_kad_post_footer":false},"product_brand":[],"product_cat":[20,180,35],"product_tag":[],"class_list":{"0":"post-3597","1":"product","2":"type-product","3":"status-publish","4":"has-post-thumbnail","6":"product_cat-punased-veinid","7":"product_cat-veinid","8":"product_cat-usa","10":"first","11":"instock","12":"taxable","13":"shipping-taxable","14":"purchasable","15":"product-type-simple","16":"entry","17":"content-bg","18":"loop-entry"},"acf":[],"_links":{"self":[{"href":"https:\/\/mydrink.ee\/fi\/wp-json\/wp\/v2\/product\/3597","targetHints":{"allow":["GET"]}}],"collection":[{"href":"https:\/\/mydrink.ee\/fi\/wp-json\/wp\/v2\/product"}],"about":[{"href":"https:\/\/mydrink.ee\/fi\/wp-json\/wp\/v2\/types\/product"}],"wp:featuredmedia":[{"embeddable":true,"href":"https:\/\/mydrink.ee\/fi\/wp-json\/wp\/v2\/media\/3596"}],"wp:attachment":[{"href":"https:\/\/mydrink.ee\/fi\/wp-json\/wp\/v2\/media?parent=3597"}],"wp:term":[{"taxonomy":"product_brand","embeddable":true,"href":"https:\/\/mydrink.ee\/fi\/wp-json\/wp\/v2\/product_brand?post=3597"},{"taxonomy":"product_cat","embeddable":true,"href":"https:\/\/mydrink.ee\/fi\/wp-json\/wp\/v2\/product_cat?post=3597"},{"taxonomy":"product_tag","embeddable":true,"href":"https:\/\/mydrink.ee\/fi\/wp-json\/wp\/v2\/product_tag?post=3597"}],"curies":[{"name":"wp","href":"https:\/\/api.w.org\/{rel}","templated":true}]}}