{"id":3607,"date":"2016-08-10T23:28:02","date_gmt":"2016-08-10T20:28:02","guid":{"rendered":"https:\/\/mydrink.ee\/product\/wente-riverbank-riesling-14-12-5-75cl\/"},"modified":"2016-08-10T23:28:02","modified_gmt":"2016-08-10T20:28:02","slug":"wente-riverbank-riesling-14-12-5-75cl","status":"publish","type":"product","link":"https:\/\/mydrink.ee\/fi\/product\/wente-riverbank-riesling-14-12-5-75cl\/","title":{"rendered":"WENTE RIVERBANK RIESLING`14 12,5% 75CL"},"content":{"rendered":"<div class=\"main-wrap-helper clear\">\n<div class=\"main-content-section\">\n<div class=\"product-details-section\">\n<div class=\"product-details-article\">\n<div class=\"grid\">\n<div class=\"col-7-10\">\n<div class=\"product-details-desc\">\n<h2>Kirjeldus<\/h2>\n<p>Wente Riverbank Riesling viinamarjad on korjatud Arrouo Seco AVA-st, Monterey County\u00b4s. Marjad on hoolikalt sorteeritud, eemaldatud varred, lehed ning \u00f5rnalt pressitud. Edasi toimub fermentatsioon kontrollitud temperatuuril, et tagada veini v\u00e4rskus, puuviljasus ja aromaatsus. Vein laagerdub terasvaadis ja ei ole l\u00e4binud malolaktilist fermentatsiooni.<\/p>\n<p>Tootja:\u00a0Wente Vineyards<\/p>\n<p><em>Wente Vineyards on rajatud 1883. a ja on siiani vanim, j\u00e4rjepidevalt veini valmistanud ning perekonna valduses olev veinimaja Kalifornias. T\u00e4nap\u00e4eval juhib veinimaja tegevust Wente perekonna 5. generatsioon ja veinimeistriks on Karl D. Wente. Veinimaja paikneb Kalifornias, San Francisco\u00b4st idas Livermore Valley\u00b4s ja omab v\u00e4ikeseid veiniaedu Arroyo Seco AVA-s Monterey County\u00b4s. Ernest Wente muretses Montpellieri \u00fclikooli viinapuude puukoolist p\u00e4rineva Chardonnay marjasordi, mida t\u00e4nap\u00e4eval nimetatakse \u201eWente Clone\u201c Chardonnay\u00b4ks ja mida kasvatatakse t\u00e4nap\u00e4eval \u00fcle 80% Kalifornia veiniaedades.Veinimaja arendab ja kasvatab Sauvignon Blanc viinamarja v\u00e4\u00e4te, mille istikud on toodud 1880-ndatel Chateau d\u00b4Yguem, Bordeaux veinim\u00f5isast. Samuti Wente Cabernet Sauvignon v\u00e4\u00e4did p\u00e4rinevad Chateau Margaux, Bordeaux veinim\u00f5isast. Wente Family Wines esindusveinideks on \u201eSmall Lot\u201c ja \u201eNth Degree\u201c sarja veinid, mis korjatakse v\u00e4ikestest, piiritletud saagikusega veiniaedadest Arroyo Seco AVA-s.<\/em><\/p>\n<\/div>\n<\/div>\n<\/div>\n<\/div>\n<\/div>\n<\/div>\n<\/div>","protected":false},"excerpt":{"rendered":"<p>Tooteliik: Geograafilise t\u00e4hisega vein<br \/>\nP\u00e4ritolumaa: Ameerika \u00dchendriigid<br \/>\nPiirkond: Kalifornia, Livermore Valley AVA<br \/>\nViinamarjasort: 100% Riesling<br \/>\nV\u00e4rvus: Helekollane, kirgas.<br \/>\nAroom: Puuviljaselt tsitruseline, tunda kollaseid luuvilju, kollaseid ploome, aprikoosi, meevaha, muskaati.<br \/>\nMaitse: Kuiv, keskmise t\u00e4idlusega, hea happesusega, tunda troopilisi puuvilju, kollaseid tsitruselisi ja mineraalsust. J\u00e4relmaitse on puuviljaselt tsitruseline.<br \/>\nToidusoovitus: Mereannid, r\u00f6stitud kala, linnuliha, aasiap\u00e4rased toidud, sushi, pehmed juustud.<br \/>\nServeerimistemperatuur: jahutatult 8-10\u00b0C klassikalisest Bordeaux veiniklaasist.<br \/>\nSaadaolevad m\u00f5\u00f5dud: 75 cl <\/p>","protected":false},"featured_media":3606,"template":"","meta":{"_acf_changed":false,"_kadence_starter_templates_imported_post":false,"_kad_post_transparent":"","_kad_post_title":"","_kad_post_layout":"","_kad_post_sidebar_id":"","_kad_post_content_style":"","_kad_post_vertical_padding":"","_kad_post_feature":"","_kad_post_feature_position":"","_kad_post_header":false,"_kad_post_footer":false},"product_brand":[],"product_cat":[21,180,60],"product_tag":[],"class_list":{"0":"post-3607","1":"product","2":"type-product","3":"status-publish","4":"has-post-thumbnail","6":"product_cat-valged-veinid","7":"product_cat-veinid","8":"product_cat-usa-1","10":"first","11":"instock","12":"taxable","13":"shipping-taxable","14":"purchasable","15":"product-type-simple","16":"entry","17":"content-bg","18":"loop-entry"},"acf":[],"_links":{"self":[{"href":"https:\/\/mydrink.ee\/fi\/wp-json\/wp\/v2\/product\/3607","targetHints":{"allow":["GET"]}}],"collection":[{"href":"https:\/\/mydrink.ee\/fi\/wp-json\/wp\/v2\/product"}],"about":[{"href":"https:\/\/mydrink.ee\/fi\/wp-json\/wp\/v2\/types\/product"}],"wp:featuredmedia":[{"embeddable":true,"href":"https:\/\/mydrink.ee\/fi\/wp-json\/wp\/v2\/media\/3606"}],"wp:attachment":[{"href":"https:\/\/mydrink.ee\/fi\/wp-json\/wp\/v2\/media?parent=3607"}],"wp:term":[{"taxonomy":"product_brand","embeddable":true,"href":"https:\/\/mydrink.ee\/fi\/wp-json\/wp\/v2\/product_brand?post=3607"},{"taxonomy":"product_cat","embeddable":true,"href":"https:\/\/mydrink.ee\/fi\/wp-json\/wp\/v2\/product_cat?post=3607"},{"taxonomy":"product_tag","embeddable":true,"href":"https:\/\/mydrink.ee\/fi\/wp-json\/wp\/v2\/product_tag?post=3607"}],"curies":[{"name":"wp","href":"https:\/\/api.w.org\/{rel}","templated":true}]}}