{"id":3613,"date":"2025-11-24T17:07:32","date_gmt":"2025-11-24T15:07:32","guid":{"rendered":"https:\/\/mydrink.ee\/?post_type=product&#038;p=3613"},"modified":"2026-03-16T10:59:25","modified_gmt":"2026-03-16T08:59:25","slug":"dom-perignon-vintage-2015-12-5-75cl","status":"publish","type":"product","link":"https:\/\/mydrink.ee\/fi\/product\/dom-perignon-vintage-2015-12-5-75cl\/","title":{"rendered":"Dom Perignon Vintage 2015 12,5% 75CL"},"content":{"rendered":"<p><span style=\"color: #333333; font-family: 'PT Sans', sans-serif; font-size: 14px; font-style: normal; font-variant-ligatures: normal; font-variant-caps: normal; font-weight: normal; letter-spacing: normal; line-height: 20px; orphans: 2; text-align: start; text-indent: 0px; text-transform: none; white-space: normal; widows: 2; word-spacing: 0px; -webkit-text-stroke-width: 0px; display: inline !important; float: none; background-color: #ffffff;\">Dom Perignoni \u0161ampanja erip\u00e4ra seisneb 3 peamises aspektis. Dom Perignon on ainult aastak\u00e4igu\u0161ampanja ja vintage lastakse v\u00e4lja vaid parimatel saagiaastatel, \u0161ampanjat valmistatakse vaid parimatelt kasvualadelt p\u00e4rit viinamarjadest ning joogis avaldub ideaalini lihvitud pinot noir ja chardonnay viinamarjade segu, mis tagab joogile samaaegselt v\u00e4rskuse ja k\u00fcpsuse.<\/span><\/p>\n<\/p>\n\n<style>.wp-block-kadence-advancedheading.kt-adv-heading3613_05d5ef-1a, .wp-block-kadence-advancedheading.kt-adv-heading3613_05d5ef-1a[data-kb-block=\"kb-adv-heading3613_05d5ef-1a\"]{font-style:normal;}.wp-block-kadence-advancedheading.kt-adv-heading3613_05d5ef-1a mark.kt-highlight, .wp-block-kadence-advancedheading.kt-adv-heading3613_05d5ef-1a[data-kb-block=\"kb-adv-heading3613_05d5ef-1a\"] mark.kt-highlight{font-style:normal;color:#f76a0c;-webkit-box-decoration-break:clone;box-decoration-break:clone;padding-top:0px;padding-right:0px;padding-bottom:0px;padding-left:0px;}<\/style>\n<p class=\"kt-adv-heading3613_05d5ef-1a wp-block-kadence-advancedheading\" data-kb-block=\"kb-adv-heading3613_05d5ef-1a\"><\/p>","protected":false},"excerpt":{"rendered":"<p>Liik: \u0160ampanja<br \/>\nMaht: 75CL<br \/>\nKogus kastis: 6<br \/>\nAlkoholisisaldus: 12,5%<br \/>\nP\u00e4ritolumaa: Prantsusmaa  Champagne AOC<br \/>\nTootja: Moet&#038;Chandon<br \/>\nVariant: Vintage<br \/>\nViinamarjad: Pinot Noir, Chardonnay<br \/>\nV\u00e4rvus: Kuldne<br \/>\nAroom: Delikaatne aroom ja rikkalikud v\u00e4rvid. Eukal\u00fcpti, m\u00fcndi ja vetiveeria roheline, mirabelli, aprikoosi ja apelsini\u00f5ite kollakasoran\u017e, pipra, kardemoni ja lagritsapulkade pruun ning viimaks h\u00f5bedased soolakad ja r\u00f6stimise noodid.<br \/>\nMaitse: Elegantse maitsega, luksuslikult lihtne ja t\u00e4pne. Lummav, \u00e4\u00e4rmiselt kerge maitse. Peen ja siidjas p\u00f5hi muutub keskmes t\u00e4psemalt piiritletuks. L\u00f5ppakordis domineerib soolasus, millest j\u00e4\u00e4b p\u00fcsima tugev terviklikkuse tunne.<\/p>","protected":false},"featured_media":3612,"template":"","meta":{"_acf_changed":false,"_kadence_starter_templates_imported_post":false,"_kad_post_transparent":"","_kad_post_title":"","_kad_post_layout":"","_kad_post_sidebar_id":"","_kad_post_content_style":"","_kad_post_vertical_padding":"","_kad_post_feature":"","_kad_post_feature_position":"","_kad_post_header":false,"_kad_post_footer":false},"product_brand":[],"product_cat":[115,122,24,22],"product_tag":[],"class_list":{"0":"post-3613","1":"product","2":"type-product","3":"status-publish","4":"has-post-thumbnail","6":"product_cat-shampanja","7":"product_cat-shampanjad","8":"product_cat-vahuveinid","9":"product_cat-kingiideed","11":"first","12":"instock","13":"taxable","14":"shipping-taxable","15":"purchasable","16":"product-type-simple","17":"entry","18":"content-bg","19":"loop-entry"},"acf":[],"_links":{"self":[{"href":"https:\/\/mydrink.ee\/fi\/wp-json\/wp\/v2\/product\/3613","targetHints":{"allow":["GET"]}}],"collection":[{"href":"https:\/\/mydrink.ee\/fi\/wp-json\/wp\/v2\/product"}],"about":[{"href":"https:\/\/mydrink.ee\/fi\/wp-json\/wp\/v2\/types\/product"}],"wp:featuredmedia":[{"embeddable":true,"href":"https:\/\/mydrink.ee\/fi\/wp-json\/wp\/v2\/media\/3612"}],"wp:attachment":[{"href":"https:\/\/mydrink.ee\/fi\/wp-json\/wp\/v2\/media?parent=3613"}],"wp:term":[{"taxonomy":"product_brand","embeddable":true,"href":"https:\/\/mydrink.ee\/fi\/wp-json\/wp\/v2\/product_brand?post=3613"},{"taxonomy":"product_cat","embeddable":true,"href":"https:\/\/mydrink.ee\/fi\/wp-json\/wp\/v2\/product_cat?post=3613"},{"taxonomy":"product_tag","embeddable":true,"href":"https:\/\/mydrink.ee\/fi\/wp-json\/wp\/v2\/product_tag?post=3613"}],"curies":[{"name":"wp","href":"https:\/\/api.w.org\/{rel}","templated":true}]}}