{"id":3639,"date":"2016-10-22T01:33:15","date_gmt":"2016-10-21T22:33:15","guid":{"rendered":"https:\/\/mydrink.ee\/product\/jagermeister-35-50cl-uus\/"},"modified":"2026-03-03T12:23:39","modified_gmt":"2026-03-03T10:23:39","slug":"jagermeister-35-50cl","status":"publish","type":"product","link":"https:\/\/mydrink.ee\/fi\/product\/jagermeister-35-50cl\/","title":{"rendered":"J\u00c4GERMEISTER 35% vol 50cl"},"content":{"rendered":"<p>K\u00f6idavad Teid saladused? Maailm on t\u00e4is saladusi. Osad neist on lahendatavad, teised j\u00e4\u00e4vad saladusteks igavesti.<br \/>J\u00e4germeister`i saladus on tema erilises koostises: 56 erinevat v\u00fcrtsi, taime ja vilja kogu maailmast loovad selle unikaalse maitse ja harmoonilise l\u00f5hna, mis teevad selle \u00fcrdilik\u00f6\u00f6ri nauditavaks. J\u00e4germeister`i retsepti on hoitud kiivalt saladuses ning seda valmistatakse muutmata kujul 1935. aastast alates. See kompositsioon on teinud hirvekujutisega pudeli nii tuntuks meie joogikultuuris ja populaarseks kogu maailmas. Maitske seda! <br \/>J\u00e4germeister on Eestis kindel turuliider omas kategoorias. Tema maitse on j\u00e4ljendamatu, aromaatne ja saladuslik. Tema l\u00f5hn on kerge ja eksootiline. J\u00e4germeister on nagu hinnaline maal kunstigaleriis. J\u00e4germeister olgu seal, kus inimesed kohtuvad<\/p>\n\n<style>.wp-block-kadence-advancedheading.kt-adv-heading3639_0de1b5-d8_0, .wp-block-kadence-advancedheading.kt-adv-heading3639_0de1b5-d8_0[data-kb-block=\"kb-adv-heading3639_0de1b5-d8_0\"]{font-style:normal;}.wp-block-kadence-advancedheading.kt-adv-heading3639_0de1b5-d8_0 mark.kt-highlight, .wp-block-kadence-advancedheading.kt-adv-heading3639_0de1b5-d8_0[data-kb-block=\"kb-adv-heading3639_0de1b5-d8_0\"] mark.kt-highlight{font-style:normal;color:#f76a0c;-webkit-box-decoration-break:clone;box-decoration-break:clone;padding-top:0px;padding-right:0px;padding-bottom:0px;padding-left:0px;}<\/style>\n<p class=\"kt-adv-heading3639_0de1b5-d8_0 wp-block-kadence-advancedheading has-theme-palette-9-color has-text-color\" data-kb-block=\"kb-adv-heading3639_0de1b5-d8_0\">j\u00e4germeister<\/p>","protected":false},"excerpt":{"rendered":"<p>Liik: Lik\u00f6\u00f6r <br \/>Kastis: 6 <br \/>Maht: 50CL <br \/>Alkoholisisaldus: 35% vol <br \/>P\u00e4ritolumaa: Saksamaa<\/p>","protected":false},"featured_media":8811,"template":"","meta":{"_acf_changed":false,"_kadence_starter_templates_imported_post":false,"_kad_post_transparent":"","_kad_post_title":"","_kad_post_layout":"","_kad_post_sidebar_id":"","_kad_post_content_style":"","_kad_post_vertical_padding":"","_kad_post_feature":"","_kad_post_feature_position":"","_kad_post_header":false,"_kad_post_footer":false},"product_brand":[],"product_cat":[43,254,110,26,87,50],"product_tag":[],"class_list":{"0":"post-3639","1":"product","2":"type-product","3":"status-publish","4":"has-post-thumbnail","6":"product_cat-likoor","7":"product_cat-kange-alkohol-pakkumised","8":"product_cat-pakkumised","9":"product_cat-kange-alkohol","10":"product_cat-frontpage","11":"product_cat-soodus-1","13":"first","14":"instock","15":"sale","16":"taxable","17":"shipping-taxable","18":"purchasable","19":"product-type-simple","20":"entry","21":"content-bg","22":"loop-entry"},"acf":[],"_links":{"self":[{"href":"https:\/\/mydrink.ee\/fi\/wp-json\/wp\/v2\/product\/3639","targetHints":{"allow":["GET"]}}],"collection":[{"href":"https:\/\/mydrink.ee\/fi\/wp-json\/wp\/v2\/product"}],"about":[{"href":"https:\/\/mydrink.ee\/fi\/wp-json\/wp\/v2\/types\/product"}],"wp:featuredmedia":[{"embeddable":true,"href":"https:\/\/mydrink.ee\/fi\/wp-json\/wp\/v2\/media\/8811"}],"wp:attachment":[{"href":"https:\/\/mydrink.ee\/fi\/wp-json\/wp\/v2\/media?parent=3639"}],"wp:term":[{"taxonomy":"product_brand","embeddable":true,"href":"https:\/\/mydrink.ee\/fi\/wp-json\/wp\/v2\/product_brand?post=3639"},{"taxonomy":"product_cat","embeddable":true,"href":"https:\/\/mydrink.ee\/fi\/wp-json\/wp\/v2\/product_cat?post=3639"},{"taxonomy":"product_tag","embeddable":true,"href":"https:\/\/mydrink.ee\/fi\/wp-json\/wp\/v2\/product_tag?post=3639"}],"curies":[{"name":"wp","href":"https:\/\/api.w.org\/{rel}","templated":true}]}}