{"id":364,"date":"2012-07-13T10:48:10","date_gmt":"2012-07-13T07:48:10","guid":{"rendered":"https:\/\/mydrink.ee\/product\/passoa-17-100cl\/"},"modified":"2026-01-08T19:55:11","modified_gmt":"2026-01-08T17:55:11","slug":"passoa-17-100cl","status":"publish","type":"product","link":"https:\/\/mydrink.ee\/fi\/product\/passoa-17-100cl\/","title":{"rendered":"PASSOA  17% 100CL"},"content":{"rendered":"<p>Passoa on eksootiline lik\u00f6\u00f6r, mis on valmistatud grenadilli mahlast. Lisatud on maitsetaimi ja teiste troopiliste puuviljade naturaalseid ekstrakte.<\/p>\n<p>Seda uudset lik\u00f6\u00f6ri valmistatakse troopiliste liaanide (edulis passiflora) suurtest s\u00f6\u00f6davatest viljadest, grenadillidest (kutsutakse ka passioni viljaks).<br \/>\nHavail, Austraalias, Brasiilias, Vahemeremaadel, L\u00f5una Aafrikas ja Keenias kasvatatakse 2-3 meetri k\u00f5rguseid, mitmeaastaseid, ronivaid, igihaljaid taimi, millel on imekaunid suured \u00f5ied. Passiflorat kasvatatakse nagu viinamarja pikkades ridades. Grenadillid on pruunikasvioletsed, 5-6 cm pikkused kas \u00fcmarad v\u00f5i piklikud, meenutavad granaat\u00f5una. V\u00e4ga mahlaseid vilju kasutatakse v\u00e4rskelt magustoitudeks v\u00f5i jookide valmistamiseks.<br \/>\nPassoa tuntuim kokteil on Passoa Orange, mis on segu apelsinimahlaga. Pudeli p\u00f6\u00f6rdel on ka tuntumate kokteilide retseptid. Suur valik retsepte on ka Passoa kodulehel. <\/p>\n<p>Passoa &#8211; avasta enda jaoks t\u00f5eline kirg (passion &#8211; kirg, inglise keeles). Kokteilid, mis valmistatud sellest lik\u00f6\u00f6rist, viivad Sind kaasa eksootiliste r\u00fctmide, tuules \u00f5\u00f5tsuvate palmipuude ja valgete liivarandade maailma &#8211; maailma t\u00e4is kirge\u2026.<\/p>","protected":false},"excerpt":{"rendered":"<p>Liik: Kange alkohol, Lik\u00f6\u00f6r<br \/>\nKastis: 6<br \/>\nMaht: 100CL<br \/>\nAlkoholisisaldus: 17%<br \/>\nP\u00e4ritolumaa: Prantsusmaa<\/p>\n<p>Koktelie:<br \/>\nPASSOA RED SHOT<br \/>\nPASSOA ROYAL<br \/>\nPASSOA CAIPI<br \/>\nPASSOA RUM-BON<br \/>\nPASSOA ON THE BEACH<br \/>\nVIVA PASSOA<\/p>","protected":false},"featured_media":357,"template":"","meta":{"_acf_changed":false,"_kadence_starter_templates_imported_post":false,"_kad_post_transparent":"","_kad_post_title":"","_kad_post_layout":"","_kad_post_sidebar_id":"","_kad_post_content_style":"","_kad_post_vertical_padding":"","_kad_post_feature":"","_kad_post_feature_position":"","_kad_post_header":false,"_kad_post_footer":false},"product_brand":[],"product_cat":[43],"product_tag":[],"class_list":{"0":"post-364","1":"product","2":"type-product","3":"status-publish","4":"has-post-thumbnail","6":"product_cat-likoor","8":"first","9":"instock","10":"taxable","11":"shipping-taxable","12":"purchasable","13":"product-type-simple","14":"entry","15":"content-bg","16":"loop-entry"},"acf":[],"_links":{"self":[{"href":"https:\/\/mydrink.ee\/fi\/wp-json\/wp\/v2\/product\/364","targetHints":{"allow":["GET"]}}],"collection":[{"href":"https:\/\/mydrink.ee\/fi\/wp-json\/wp\/v2\/product"}],"about":[{"href":"https:\/\/mydrink.ee\/fi\/wp-json\/wp\/v2\/types\/product"}],"wp:featuredmedia":[{"embeddable":true,"href":"https:\/\/mydrink.ee\/fi\/wp-json\/wp\/v2\/media\/357"}],"wp:attachment":[{"href":"https:\/\/mydrink.ee\/fi\/wp-json\/wp\/v2\/media?parent=364"}],"wp:term":[{"taxonomy":"product_brand","embeddable":true,"href":"https:\/\/mydrink.ee\/fi\/wp-json\/wp\/v2\/product_brand?post=364"},{"taxonomy":"product_cat","embeddable":true,"href":"https:\/\/mydrink.ee\/fi\/wp-json\/wp\/v2\/product_cat?post=364"},{"taxonomy":"product_tag","embeddable":true,"href":"https:\/\/mydrink.ee\/fi\/wp-json\/wp\/v2\/product_tag?post=364"}],"curies":[{"name":"wp","href":"https:\/\/api.w.org\/{rel}","templated":true}]}}