{"id":3651,"date":"2016-12-07T12:21:12","date_gmt":"2016-12-07T10:21:12","guid":{"rendered":"https:\/\/mydrink.ee\/product\/vollereaux-brut-reserve-12-vol-75cl\/"},"modified":"2025-11-24T17:02:42","modified_gmt":"2025-11-24T15:02:42","slug":"vollereaux-brut-reserve-12-vol-75cl","status":"publish","type":"product","link":"https:\/\/mydrink.ee\/fi\/product\/vollereaux-brut-reserve-12-vol-75cl\/","title":{"rendered":"VOLLEREAUX  Brut Reserve 12% vol 75CL"},"content":{"rendered":"<p><strong>Hinnang: <em>Wine Spectator<\/em> 92\/100<\/strong><\/p>","protected":false},"excerpt":{"rendered":"<p>Liik: \u0160ampanja<br \/>\nKastis: 6<br \/>\nMaht: 75CL<br \/>\nP\u00e4ritolumaa: Prantsusmaa<br \/>\nChampagne AOC<br \/>\nTootja: Volleraux<br \/>\nViinamarjad: 1\/3 Chardonnay, 1\/3 Pinot Noir, 1\/3 Meunier<br \/>\nSuhkru sisaldus: 9g\/l<br \/>\nV\u00e4rvus: Valkjas,kuldse l\u00e4ikega, kauni perlage\u2019iga.<br \/>\nAroom: Tunda valgeid puuvilju nagu \u00f5un ja aprikoos, kerge r\u00f6stisus, saiakoorik, p\u00e4hklid ning v\u00f5isus.<br \/>\nMaitse: \u0160ampanja on v\u00e4ga heas tasakaalus ning m\u00f5\u00f5duka hapesusega.  Maitse \u00fcldmulje on h\u00e4sti klaar ja selge maitsega \u0161ampanja. Hapet on piisavalt, tunda on luuviljade maitset, mandlite r\u00f6stisust ja veidike v\u00f5id. L\u00f5ppmaitse m\u00f5nusalt m\u00f5rkjas<br \/>\nToidusoovitus: Sobib suurep\u00e4raselt peojoogiks aga ka kergete suupistete, austrite ning Brie juustu k\u00f5rvale.<br \/>\nServeerimine: 6\u00ad\u20108\u00b0C<\/p>","protected":false},"featured_media":3650,"template":"","meta":{"_acf_changed":false,"_kadence_starter_templates_imported_post":false,"_kad_post_transparent":"","_kad_post_title":"","_kad_post_layout":"","_kad_post_sidebar_id":"","_kad_post_content_style":"","_kad_post_vertical_padding":"","_kad_post_feature":"","_kad_post_feature_position":"","_kad_post_header":false,"_kad_post_footer":false},"product_brand":[],"product_cat":[115,122,180,24,22],"product_tag":[],"class_list":{"0":"post-3651","1":"product","2":"type-product","3":"status-publish","4":"has-post-thumbnail","6":"product_cat-shampanja","7":"product_cat-shampanjad","8":"product_cat-veinid","9":"product_cat-vahuveinid","10":"product_cat-kingiideed","12":"first","13":"instock","14":"taxable","15":"shipping-taxable","16":"purchasable","17":"product-type-simple","18":"entry","19":"content-bg","20":"loop-entry"},"acf":[],"_links":{"self":[{"href":"https:\/\/mydrink.ee\/fi\/wp-json\/wp\/v2\/product\/3651","targetHints":{"allow":["GET"]}}],"collection":[{"href":"https:\/\/mydrink.ee\/fi\/wp-json\/wp\/v2\/product"}],"about":[{"href":"https:\/\/mydrink.ee\/fi\/wp-json\/wp\/v2\/types\/product"}],"wp:featuredmedia":[{"embeddable":true,"href":"https:\/\/mydrink.ee\/fi\/wp-json\/wp\/v2\/media\/3650"}],"wp:attachment":[{"href":"https:\/\/mydrink.ee\/fi\/wp-json\/wp\/v2\/media?parent=3651"}],"wp:term":[{"taxonomy":"product_brand","embeddable":true,"href":"https:\/\/mydrink.ee\/fi\/wp-json\/wp\/v2\/product_brand?post=3651"},{"taxonomy":"product_cat","embeddable":true,"href":"https:\/\/mydrink.ee\/fi\/wp-json\/wp\/v2\/product_cat?post=3651"},{"taxonomy":"product_tag","embeddable":true,"href":"https:\/\/mydrink.ee\/fi\/wp-json\/wp\/v2\/product_tag?post=3651"}],"curies":[{"name":"wp","href":"https:\/\/api.w.org\/{rel}","templated":true}]}}