{"id":3711,"date":"2017-04-06T15:43:12","date_gmt":"2017-04-06T12:43:12","guid":{"rendered":"https:\/\/mydrink.ee\/product\/teeling-small-batch-whiskey-70cl-46\/"},"modified":"2025-11-21T14:01:55","modified_gmt":"2025-11-21T12:01:55","slug":"teeling-small-batch-whiskey-70cl-46","status":"publish","type":"product","link":"https:\/\/mydrink.ee\/fi\/product\/teeling-small-batch-whiskey-70cl-46\/","title":{"rendered":"Teeling Small Batch Whiskey 46% 70CL"},"content":{"rendered":"","protected":false},"excerpt":{"rendered":"<p>Liik: Kange alkohol, Viski<br \/>\nT\u00fc\u00fcp: \u00dchelinnase<br \/>\nKastis: 6<br \/>\nMaht: 70CL<br \/>\nAlkoholisisaldus: 46%<br \/>\nP\u00e4ritolumaa: Iirimaa<br \/>\nV\u00e4rvus: Merevaigukarva.<br \/>\nAroom: Vanilje, v\u00fcrtsid, rumm.<br \/>\nMaitse: V\u00fcrtsid, puit.<\/p>","protected":false},"featured_media":3710,"template":"","meta":{"_acf_changed":false,"_kadence_starter_templates_imported_post":false,"_kad_post_transparent":"","_kad_post_title":"","_kad_post_layout":"","_kad_post_sidebar_id":"","_kad_post_content_style":"","_kad_post_vertical_padding":"","_kad_post_feature":"","_kad_post_feature_position":"","_kad_post_header":false,"_kad_post_footer":false},"product_brand":[],"product_cat":[45,26],"product_tag":[],"class_list":{"0":"post-3711","1":"product","2":"type-product","3":"status-publish","4":"has-post-thumbnail","6":"product_cat-viski","7":"product_cat-kange-alkohol","9":"first","10":"instock","11":"taxable","12":"shipping-taxable","13":"purchasable","14":"product-type-simple","15":"entry","16":"content-bg","17":"loop-entry"},"acf":[],"_links":{"self":[{"href":"https:\/\/mydrink.ee\/fi\/wp-json\/wp\/v2\/product\/3711","targetHints":{"allow":["GET"]}}],"collection":[{"href":"https:\/\/mydrink.ee\/fi\/wp-json\/wp\/v2\/product"}],"about":[{"href":"https:\/\/mydrink.ee\/fi\/wp-json\/wp\/v2\/types\/product"}],"wp:featuredmedia":[{"embeddable":true,"href":"https:\/\/mydrink.ee\/fi\/wp-json\/wp\/v2\/media\/3710"}],"wp:attachment":[{"href":"https:\/\/mydrink.ee\/fi\/wp-json\/wp\/v2\/media?parent=3711"}],"wp:term":[{"taxonomy":"product_brand","embeddable":true,"href":"https:\/\/mydrink.ee\/fi\/wp-json\/wp\/v2\/product_brand?post=3711"},{"taxonomy":"product_cat","embeddable":true,"href":"https:\/\/mydrink.ee\/fi\/wp-json\/wp\/v2\/product_cat?post=3711"},{"taxonomy":"product_tag","embeddable":true,"href":"https:\/\/mydrink.ee\/fi\/wp-json\/wp\/v2\/product_tag?post=3711"}],"curies":[{"name":"wp","href":"https:\/\/api.w.org\/{rel}","templated":true}]}}