{"id":3728,"date":"2017-05-13T23:39:29","date_gmt":"2017-05-13T20:39:29","guid":{"rendered":"https:\/\/mydrink.ee\/product\/gamla-cabernet-sauvignon-20-15-75cl\/"},"modified":"2017-05-13T23:39:29","modified_gmt":"2017-05-13T20:39:29","slug":"gamla-cabernet-sauvignon-20-15-75cl","status":"publish","type":"product","link":"https:\/\/mydrink.ee\/fi\/product\/gamla-cabernet-sauvignon-20-15-75cl\/","title":{"rendered":"GAMLA CABERNET SAUVIGNON \u00b420 15% 75CL"},"content":{"rendered":"<p>Kosher<br \/>S\u00e4ilitamispotentsiaal: 6-8 aastat alates korjeaastast.<br \/>Valmistamine: Viinamarjad kasvatatakse Golani k\u00f5rgendiku jahedas p\u00f5hjapoolses osas Galilee apellatsioonis. Vein laagerdub prantsuse tammevaatides 12 kuud.<br \/>Viinamarjap\u00f5llud paiknevad vulkaanilisel platool 400-1200 m. \u00fcle merepinna.<\/p>","protected":false},"excerpt":{"rendered":"<p>Tooteliik: Vein<br \/>\nP\u00e4ritolumaa: Iisrael<br \/>\nPiirkond. Golani k\u00f5rgendik, Galilee<br \/>\nViinamarjasort: 100% Cabernet Sauvignon<br \/>\nV\u00e4rvus: S\u00fcgavpunane<br \/>\nAroom. Musts\u00f5straselt marjane, tunda \u00fclek\u00fcpsenud musts\u00f5straid, p\u00f5ldmarju, tumedat \u0161okolaadi, sigarikarpi ja kuivatatud \u00fcrte.<br \/>\nMaitse. Kuiv, t\u00e4idlase kehandiga, struktuurne, marjaselt v\u00fcrtsikas ja tunda pehmeid tanniine. Tunda \u00fclek\u00fcpsenud musts\u00f5straid, musti ploome, p\u00f5ldmarju. J\u00e4relmaitse on pikk ja marjaselt v\u00fcrtsika-marjapargine.<br \/>\nToidusoovitus. Grillitud ja r\u00f6situd liharoad, ulukiliha, lambafilee, k\u00fcpsed laagerdunud juustud.<br \/>\nServeerimistemperatuur: 16-18\u00b0C Bordeaux t\u00fc\u00fcpi veiniklaasist.<\/p>","protected":false},"featured_media":3727,"template":"","meta":{"_acf_changed":false,"_kadence_starter_templates_imported_post":false,"_kad_post_transparent":"","_kad_post_title":"","_kad_post_layout":"","_kad_post_sidebar_id":"","_kad_post_content_style":"","_kad_post_vertical_padding":"","_kad_post_feature":"","_kad_post_feature_position":"","_kad_post_header":false,"_kad_post_footer":false},"product_brand":[],"product_cat":[20,180,37],"product_tag":[],"class_list":{"0":"post-3728","1":"product","2":"type-product","3":"status-publish","4":"has-post-thumbnail","6":"product_cat-punased-veinid","7":"product_cat-veinid","8":"product_cat-muu","10":"first","11":"instock","12":"taxable","13":"shipping-taxable","14":"purchasable","15":"product-type-simple","16":"entry","17":"content-bg","18":"loop-entry"},"acf":[],"_links":{"self":[{"href":"https:\/\/mydrink.ee\/fi\/wp-json\/wp\/v2\/product\/3728","targetHints":{"allow":["GET"]}}],"collection":[{"href":"https:\/\/mydrink.ee\/fi\/wp-json\/wp\/v2\/product"}],"about":[{"href":"https:\/\/mydrink.ee\/fi\/wp-json\/wp\/v2\/types\/product"}],"wp:featuredmedia":[{"embeddable":true,"href":"https:\/\/mydrink.ee\/fi\/wp-json\/wp\/v2\/media\/3727"}],"wp:attachment":[{"href":"https:\/\/mydrink.ee\/fi\/wp-json\/wp\/v2\/media?parent=3728"}],"wp:term":[{"taxonomy":"product_brand","embeddable":true,"href":"https:\/\/mydrink.ee\/fi\/wp-json\/wp\/v2\/product_brand?post=3728"},{"taxonomy":"product_cat","embeddable":true,"href":"https:\/\/mydrink.ee\/fi\/wp-json\/wp\/v2\/product_cat?post=3728"},{"taxonomy":"product_tag","embeddable":true,"href":"https:\/\/mydrink.ee\/fi\/wp-json\/wp\/v2\/product_tag?post=3728"}],"curies":[{"name":"wp","href":"https:\/\/api.w.org\/{rel}","templated":true}]}}