{"id":3748,"date":"2017-05-31T23:31:20","date_gmt":"2017-05-31T20:31:20","guid":{"rendered":"https:\/\/mydrink.ee\/product\/normindia-gin-41-4-70cl\/"},"modified":"2025-09-09T03:03:49","modified_gmt":"2025-09-09T00:03:49","slug":"normindia-gin-41-4-70cl","status":"publish","type":"product","link":"https:\/\/mydrink.ee\/fi\/product\/normindia-gin-41-4-70cl\/","title":{"rendered":"NORMINDIA GIN 41,4% 70CL"},"content":{"rendered":"<p><strong>Tootja: Domaine du Coquerel<br \/><\/strong><br \/><strong>Valmistamine<\/strong>: 4-12 p\u00e4eva toimub matseratsioon roostevabast terasest vaadis. V\u00e4ike vasest katel lisab pehmust ja annab toote struktuurile \u00fcmarust. Normindia Gin on 100% valmistatud ja villitud Domaine du Coquerel tehases.<br \/><strong>Koostis<\/strong>: Koostises on 15 hoolikalt valitud maitsetaime, mille pehmus, magusus ja v\u00fcrtsikus on viidud ideaalsesse tasakaalu.<\/p>","protected":false},"excerpt":{"rendered":"<p>Tooteliik: D\u017einn<br \/>\nP\u00e4ritolumaa: Prantsusmaa<br \/>\nPiirkond: Normandia<br \/>\nKogus kastis: 6 pdl<br \/>\nMaht: 70 cl<br \/>\nAlkoholisisaldus: 41,4%<br \/>\nMaitse: V\u00e4rske, puuviljane, pehme, l\u00f5ppnootides tunda kerget v\u00fcrtsi ja lillelisust, mis meenutab justkui vana Calvadosi.<\/p>","protected":false},"featured_media":3747,"template":"","meta":{"_acf_changed":false,"_kadence_starter_templates_imported_post":false,"_kad_post_transparent":"","_kad_post_title":"","_kad_post_layout":"","_kad_post_sidebar_id":"","_kad_post_content_style":"","_kad_post_vertical_padding":"","_kad_post_feature":"","_kad_post_feature_position":"","_kad_post_header":false,"_kad_post_footer":false},"product_brand":[],"product_cat":[39],"product_tag":[],"class_list":{"0":"post-3748","1":"product","2":"type-product","3":"status-publish","4":"has-post-thumbnail","6":"product_cat-gin","8":"first","9":"instock","10":"taxable","11":"shipping-taxable","12":"purchasable","13":"product-type-simple","14":"entry","15":"content-bg","16":"loop-entry"},"acf":[],"_links":{"self":[{"href":"https:\/\/mydrink.ee\/fi\/wp-json\/wp\/v2\/product\/3748","targetHints":{"allow":["GET"]}}],"collection":[{"href":"https:\/\/mydrink.ee\/fi\/wp-json\/wp\/v2\/product"}],"about":[{"href":"https:\/\/mydrink.ee\/fi\/wp-json\/wp\/v2\/types\/product"}],"wp:featuredmedia":[{"embeddable":true,"href":"https:\/\/mydrink.ee\/fi\/wp-json\/wp\/v2\/media\/3747"}],"wp:attachment":[{"href":"https:\/\/mydrink.ee\/fi\/wp-json\/wp\/v2\/media?parent=3748"}],"wp:term":[{"taxonomy":"product_brand","embeddable":true,"href":"https:\/\/mydrink.ee\/fi\/wp-json\/wp\/v2\/product_brand?post=3748"},{"taxonomy":"product_cat","embeddable":true,"href":"https:\/\/mydrink.ee\/fi\/wp-json\/wp\/v2\/product_cat?post=3748"},{"taxonomy":"product_tag","embeddable":true,"href":"https:\/\/mydrink.ee\/fi\/wp-json\/wp\/v2\/product_tag?post=3748"}],"curies":[{"name":"wp","href":"https:\/\/api.w.org\/{rel}","templated":true}]}}