{"id":3779,"date":"2017-09-05T17:42:45","date_gmt":"2017-09-05T14:42:45","guid":{"rendered":"https:\/\/mydrink.ee\/product\/saaremaa-tuulik-4-7-vol-33cl-x-24\/"},"modified":"2026-01-14T16:06:31","modified_gmt":"2026-01-14T14:06:31","slug":"saaremaa-tuulik-4-7-vol-33cl-x-24","status":"publish","type":"product","link":"https:\/\/mydrink.ee\/fi\/product\/saaremaa-tuulik-4-7-vol-33cl-x-24\/","title":{"rendered":"Saaremaa Tuulik 4,7% vol 33CL x 24"},"content":{"rendered":"<p>Saaremaa Tuulik on erilise mekiga hele ja mehine \u00f5lu, mis on \u00fchtviisi meeltm\u00f6\u00f6da nii saarlastele kui ka mandrimeestele. Eks sellep\u00e4rast mandrimehed seda juba Suure T\u00f5llu aegadel t\u00fcndrite kaupa koju kaasa t\u00f5idki. H\u00e4\u00e4 \u00f5lu see Saaremaa Tuulik.<\/p>","protected":false},"excerpt":{"rendered":"<p>Liik: Lahja alkohoolne jook, &Otilde;lu<br \/>Kastis: 24<br \/>Maht: 7.92L<br \/>Alkoholisisaldus: 4,7% vol<br \/>P&auml;ritolumaa: Eesti<br \/>Serveerimine: Jahutatult<\/p>\n<p><span style=\"color: #ff0000;\">&Uuml;hte pakiautomaadi kappi mahub kolm sellist toodet!<\/span><br \/><span style=\"color: #ff0000;\">Loe lisa <a href=\"https:\/\/mydrink.ee\/fi\/shipping\/?___store=est\" target=\"_blank\"><strong>siit<\/strong><\/a><\/span><\/p>","protected":false},"featured_media":3778,"template":"","meta":{"_acf_changed":false,"_kadence_starter_templates_imported_post":false,"_kad_post_transparent":"","_kad_post_title":"","_kad_post_layout":"","_kad_post_sidebar_id":"","_kad_post_content_style":"","_kad_post_vertical_padding":"","_kad_post_feature":"","_kad_post_feature_position":"","_kad_post_header":false,"_kad_post_footer":false},"product_brand":[],"product_cat":[88,232,127,25],"product_tag":[],"class_list":{"0":"post-3779","1":"product","2":"type-product","3":"status-publish","4":"has-post-thumbnail","6":"product_cat-oluet","7":"product_cat-pandipakend","8":"product_cat-eesti","9":"product_cat-olu-siider-long-drink","11":"first","12":"instock","13":"taxable","14":"shipping-taxable","15":"purchasable","16":"product-type-simple","17":"entry","18":"content-bg","19":"loop-entry"},"acf":[],"_links":{"self":[{"href":"https:\/\/mydrink.ee\/fi\/wp-json\/wp\/v2\/product\/3779","targetHints":{"allow":["GET"]}}],"collection":[{"href":"https:\/\/mydrink.ee\/fi\/wp-json\/wp\/v2\/product"}],"about":[{"href":"https:\/\/mydrink.ee\/fi\/wp-json\/wp\/v2\/types\/product"}],"wp:featuredmedia":[{"embeddable":true,"href":"https:\/\/mydrink.ee\/fi\/wp-json\/wp\/v2\/media\/3778"}],"wp:attachment":[{"href":"https:\/\/mydrink.ee\/fi\/wp-json\/wp\/v2\/media?parent=3779"}],"wp:term":[{"taxonomy":"product_brand","embeddable":true,"href":"https:\/\/mydrink.ee\/fi\/wp-json\/wp\/v2\/product_brand?post=3779"},{"taxonomy":"product_cat","embeddable":true,"href":"https:\/\/mydrink.ee\/fi\/wp-json\/wp\/v2\/product_cat?post=3779"},{"taxonomy":"product_tag","embeddable":true,"href":"https:\/\/mydrink.ee\/fi\/wp-json\/wp\/v2\/product_tag?post=3779"}],"curies":[{"name":"wp","href":"https:\/\/api.w.org\/{rel}","templated":true}]}}