{"id":3821,"date":"2017-09-14T23:36:39","date_gmt":"2017-09-14T20:36:39","guid":{"rendered":"https:\/\/mydrink.ee\/product\/m-chapoutier-cotes-du-rhone-belleruche-21-14-150cl\/"},"modified":"2025-09-09T03:03:49","modified_gmt":"2025-09-09T00:03:49","slug":"m-chapoutier-cotes-du-rhone-belleruche-21-14-150cl","status":"publish","type":"product","link":"https:\/\/mydrink.ee\/fi\/product\/m-chapoutier-cotes-du-rhone-belleruche-21-14-150cl\/","title":{"rendered":"M.CHAPOUTIER COTES DU RHONE BELLERUCHE\u00b421 14% 150CL"},"content":{"rendered":"<p>Kirjeldus:<br \/>Apellatsioon: AOP Cot\u00e8s-du-Rh\u00f2ne<br \/>Arengupotentsiaal: keskmiselt 5 aastat alates korjeaastast.<br \/>Tootja: Michel Chapoutier<br \/>Grenachegrillitud lambalihajuustjuustudkalkunilihakergelt grillitud kanalihakoorekastmes pastatoidud metsaseentegakuivlihal\u00f5igudLoomalihapasteedidPrantsusmaapunane veinRhone ValleySealihaSyrahuluk<\/p>","protected":false},"excerpt":{"rendered":"<p>Aastak\u00e4ik: 2016<br \/>\nTooteliik: Kaitstud p\u00e4ritolunimetusega vein<br \/>\nMagususe aste: Kuiv<br \/>\nP\u00e4ritolumaa: Prantsusmaa<br \/>\nPiirkond: Rh\u00f2ne Valley (L\u00f5una-Rhone)<br \/>\nViinamarjasort: Grenache, Syrah<br \/>\nValmistamine: C\u00f4tes du Rh\u00f4ne viinapuuaiad on \u00fched Prantsusmaa vanimad ja Belleruche aiad j\u00e4\u00e4vad 4 erineva piirkonna alla: Dr\u00f4me, Vaucluse, Gard ja Ard\u00e8che. Viinamarjad korjatakse k\u00e4sitsi, sorteeritakse, eemaldatakse varred. Veinivirde k\u00e4\u00e4ritamine toimub terasvaatides 15-21 p\u00e4eva kontrollitud temperatuuril. Vein areneb p\u00e4rmisettel terasvaadis 9-12 kuud.<br \/>\nV\u00e4rvus: Rubiinpunane, violetse alatooniga.<br \/>\nAroom: Punased puuviljad, p\u00f5hiliselt Morello kirsid.<br \/>\nMaitse: Maitse on kuiv, keskmise t\u00e4idlusega, marjane. Tunda musts\u00f5straid, k\u00fcpseid kirsse, pehmet marjaparki. J\u00e4relmaitses pehmed v\u00fcrtsid ja tunda kerget piprasust.<br \/>\nToidusoovitus: Lihal\u00f5igud, pasteedid, kergelt grillitud kanaliha, kalkuniliha, grillitud lambaliha, koorekastmes pastatoidud metsaseentega, juustud.<br \/>\nServeerimistemperatuur: 16-18\u00b0C Bordeaux t\u00fc\u00fcpi punaveini klaasist.<br \/>\nMaht: 150CL magnum<\/p>","protected":false},"featured_media":3820,"template":"","meta":{"_acf_changed":false,"_kadence_starter_templates_imported_post":false,"_kad_post_transparent":"","_kad_post_title":"","_kad_post_layout":"","_kad_post_sidebar_id":"","_kad_post_content_style":"","_kad_post_vertical_padding":"","_kad_post_feature":"","_kad_post_feature_position":"","_kad_post_header":false,"_kad_post_footer":false},"product_brand":[],"product_cat":[20,32],"product_tag":[],"class_list":{"0":"post-3821","1":"product","2":"type-product","3":"status-publish","4":"has-post-thumbnail","6":"product_cat-punased-veinid","7":"product_cat-prantsuse","9":"first","10":"instock","11":"taxable","12":"shipping-taxable","13":"purchasable","14":"product-type-simple","15":"entry","16":"content-bg","17":"loop-entry"},"acf":[],"_links":{"self":[{"href":"https:\/\/mydrink.ee\/fi\/wp-json\/wp\/v2\/product\/3821","targetHints":{"allow":["GET"]}}],"collection":[{"href":"https:\/\/mydrink.ee\/fi\/wp-json\/wp\/v2\/product"}],"about":[{"href":"https:\/\/mydrink.ee\/fi\/wp-json\/wp\/v2\/types\/product"}],"wp:featuredmedia":[{"embeddable":true,"href":"https:\/\/mydrink.ee\/fi\/wp-json\/wp\/v2\/media\/3820"}],"wp:attachment":[{"href":"https:\/\/mydrink.ee\/fi\/wp-json\/wp\/v2\/media?parent=3821"}],"wp:term":[{"taxonomy":"product_brand","embeddable":true,"href":"https:\/\/mydrink.ee\/fi\/wp-json\/wp\/v2\/product_brand?post=3821"},{"taxonomy":"product_cat","embeddable":true,"href":"https:\/\/mydrink.ee\/fi\/wp-json\/wp\/v2\/product_cat?post=3821"},{"taxonomy":"product_tag","embeddable":true,"href":"https:\/\/mydrink.ee\/fi\/wp-json\/wp\/v2\/product_tag?post=3821"}],"curies":[{"name":"wp","href":"https:\/\/api.w.org\/{rel}","templated":true}]}}