{"id":3831,"date":"2017-09-14T23:36:45","date_gmt":"2017-09-14T20:36:45","guid":{"rendered":"https:\/\/mydrink.ee\/product\/m-chapoutier-monier-de-la-sizeranne-syrah-13-14-vol-75cl\/"},"modified":"2017-09-14T23:36:45","modified_gmt":"2017-09-14T20:36:45","slug":"m-chapoutier-monier-de-la-sizeranne-syrah-13-14-vol-75cl","status":"publish","type":"product","link":"https:\/\/mydrink.ee\/fi\/product\/m-chapoutier-monier-de-la-sizeranne-syrah-13-14-vol-75cl\/","title":{"rendered":"M.CHAPOUTIER MONIER DE LA SIZERANNE SYRAH\u00b413 14% vol 75CL"},"content":{"rendered":"<div class=\"main-wrap-helper clear\">\n<div class=\"main-content-section\">\n<div class=\"product-details-section\">\n<div class=\"product-details-article\">\n<div class=\"grid\">\n<div class=\"col-7-10\">\n<div class=\"product-details-desc\">\n<h2>Kirjeldus<\/h2>\n<p>Apellatsioon: AOP Hermitage<\/p>\n<p>Arengupotentsiaal: 10+\u00a0 aastat alates korjeaastast.<\/p>\n<p>Pinnas: Graniit, kruus, kiviklibu.<\/p>\n<p>Tootja: Michel Chapoutier<\/p>\n<\/div>\n<\/div>\n<\/div>\n<\/div>\n<\/div>\n<\/div>\n<\/div>","protected":false},"excerpt":{"rendered":"<p>Aastak\u00e4ik: 2010<br \/>\nTooteliik: Kaitstud p\u00e4ritolunimetusega vein<br \/>\nP\u00e4ritolumaa: Prantsusmaa<br \/>\nPiirkond: Rh\u00f2ne Valley (P\u00f5hja-Rhone)<br \/>\nViinamarjasort: 100% Syrah<br \/>\nValmistamine: Monier de la Sizeranne veini viinamarjad kasvavad erineval pinnasel l\u00e4\u00e4nest idasuunal \u201eLes Bessard\u201c \u201eLes M\u00e9al\u201c ja \u201e\u201cLes Greffieux\u201d viinapuuaedades. Viinamarjad korjatakse k\u00e4sitsi, sorteeritakse, eemaldatakse varred, marjad pressitakse. Fermentatsioon toimub concrete vaatides temperatuuril 30-33\u00b0C juures. Vein laagerdub tammevaadis 12-14 kuud.<br \/>\nV\u00e4rvus: V\u00e4rvus on s\u00fcgav, rubiinpunane, violetse alatooniga, viskoossus keskmisest k\u00f5rgem.<br \/>\nAroom: Aroomis on tunda \u00fclek\u00fcpsenud, lik\u00f6\u00f6rseid musti metsmarju, musts\u00f5straid, mustikaid, musta pipart, tumedat \u0161okolaadi ja sigarikarpi.<br \/>\nMaitse: Maitse on kuiv, t\u00e4idlane, tunda \u00fclek\u00fcpsenud, lik\u00f6\u00f6rseid metsmarju, m\u00f5rkjat \u0161okolaadi, pehmeid tanniine, v\u00fcrtse. J\u00e4relmaitse kestev ja pipraselt marjane.<br \/>\nToidusoovitus: Grillitud liharoad, ulukiliha, k\u00fcpsetatud lambaliha, veiselihast pajaroad, arenenud juustud.<br \/>\nServeerimistemperatuur: 16-18\u00b0C Bordeaux t\u00fc\u00fcpi punaveini klaasist. Soovitavalt ennem serveerimist vein dekanteerida!<br \/>\nSaadaolevad m\u00f5\u00f5dud: 75 cl <\/p>","protected":false},"featured_media":3830,"template":"","meta":{"_acf_changed":false,"_kadence_starter_templates_imported_post":false,"_kad_post_transparent":"","_kad_post_title":"","_kad_post_layout":"","_kad_post_sidebar_id":"","_kad_post_content_style":"","_kad_post_vertical_padding":"","_kad_post_feature":"","_kad_post_feature_position":"","_kad_post_header":false,"_kad_post_footer":false},"product_brand":[],"product_cat":[20,180,32],"product_tag":[],"class_list":{"0":"post-3831","1":"product","2":"type-product","3":"status-publish","4":"has-post-thumbnail","6":"product_cat-punased-veinid","7":"product_cat-veinid","8":"product_cat-prantsuse","10":"first","11":"instock","12":"taxable","13":"shipping-taxable","14":"purchasable","15":"product-type-simple","16":"entry","17":"content-bg","18":"loop-entry"},"acf":[],"_links":{"self":[{"href":"https:\/\/mydrink.ee\/fi\/wp-json\/wp\/v2\/product\/3831","targetHints":{"allow":["GET"]}}],"collection":[{"href":"https:\/\/mydrink.ee\/fi\/wp-json\/wp\/v2\/product"}],"about":[{"href":"https:\/\/mydrink.ee\/fi\/wp-json\/wp\/v2\/types\/product"}],"wp:featuredmedia":[{"embeddable":true,"href":"https:\/\/mydrink.ee\/fi\/wp-json\/wp\/v2\/media\/3830"}],"wp:attachment":[{"href":"https:\/\/mydrink.ee\/fi\/wp-json\/wp\/v2\/media?parent=3831"}],"wp:term":[{"taxonomy":"product_brand","embeddable":true,"href":"https:\/\/mydrink.ee\/fi\/wp-json\/wp\/v2\/product_brand?post=3831"},{"taxonomy":"product_cat","embeddable":true,"href":"https:\/\/mydrink.ee\/fi\/wp-json\/wp\/v2\/product_cat?post=3831"},{"taxonomy":"product_tag","embeddable":true,"href":"https:\/\/mydrink.ee\/fi\/wp-json\/wp\/v2\/product_tag?post=3831"}],"curies":[{"name":"wp","href":"https:\/\/api.w.org\/{rel}","templated":true}]}}