{"id":3837,"date":"2017-09-14T23:43:19","date_gmt":"2017-09-14T20:43:19","guid":{"rendered":"https:\/\/mydrink.ee\/product\/m-chapoutier-chante-alouette-hermitage-marsanne-18-14-75cl\/"},"modified":"2017-09-14T23:43:19","modified_gmt":"2017-09-14T20:43:19","slug":"m-chapoutier-chante-alouette-hermitage-marsanne-18-14-75cl","status":"publish","type":"product","link":"https:\/\/mydrink.ee\/fi\/product\/m-chapoutier-chante-alouette-hermitage-marsanne-18-14-75cl\/","title":{"rendered":"M.CHAPOUTIER CHANTE-ALOUETTE HERMITAGE MARSANNE\u00b418 14% 75CL"},"content":{"rendered":"<p>Kirjeldus<\/p>\n<p>Apellatsioon: AOP Hermitage<\/p>\n<p>Pinnas: Graniit, savi-, paekivimullad<\/p>\n<p>Arengupotentsiaal: 8-10 aastat alates korjeaastast.<\/p>\n<p>Tootja: Michel Chapoutier<\/p>","protected":false},"excerpt":{"rendered":"<p>Aastak\u00e4ik: 2012<br \/>\nTooteliik: Kaitstud p\u00e4ritolunimetusega vein<br \/>\nMagususe aste: Kuiv<br \/>\nP\u00e4ritolumaa: Prantsusmaa<br \/>\nPiirkond: Rh\u00f2ne Valley (P\u00f5hja-Rhone)<br \/>\nViinamarjasort: 100% Marsanne<br \/>\nValmistamine: Chante-Alouette veini viinamarjad kasvavad 3 erinevas viinapuuaias- \u201eLe M\u00e9al\u201c, \u201eLes Murets\u201c ja \u201eChante-Alouette\u201c. Viinamarjad korjatakse k\u00e4sitsi, sorteeritakse, eemaldatakse varred, marjad pressitakse ja veinivirre j\u00e4\u00e4b 48 tunniks seisma. Fermentatsioon toimub temperatuuril 18-20\u00b0C. Vein laagerdub terasvaadis ja 1\/3 veinist areneb suurtes (600L) tammevaatides 10-12 kuud.<br \/>\nV\u00e4rvus: V\u00e4rvus on kuldkollane, kirgas, viskoossus keskmisest k\u00f5rgem.<br \/>\nAroom. Aroom on arenenud, tunda kollaseid k\u00fcpseid puuvilju, \u00f5unu, r\u00f6stitud p\u00e4hkleid, v\u00f5isust.<br \/>\nMaitse: Maitse on kuiv, t\u00e4idlane, kompleksne, tunda k\u00fcpseid \u00f5unu, r\u00f6stp\u00e4hkleid ja mandleid, kreemisust. J\u00e4relmaitses tunda pehmeid tanniine.<br \/>\nToidusoovitus: Grillitud valge kala r\u00f6stitud aedviljadega, linnuliha, vasikaliha, kooresed valged kastmed, valgehallitusjuustud.<br \/>\nServeerimistemperatuur: jahutatult 10-12\u00b0C Bordeaux t\u00fc\u00fcpi valgeveini klaasist. Soovitavalt vein ennem serveerimist ereerida!<br \/>\nSaadaolevad m\u00f5\u00f5dud: 75 cl <\/p>","protected":false},"featured_media":3836,"template":"","meta":{"_acf_changed":false,"_kadence_starter_templates_imported_post":false,"_kad_post_transparent":"","_kad_post_title":"","_kad_post_layout":"","_kad_post_sidebar_id":"","_kad_post_content_style":"","_kad_post_vertical_padding":"","_kad_post_feature":"","_kad_post_feature_position":"","_kad_post_header":false,"_kad_post_footer":false},"product_brand":[],"product_cat":[21,180,57],"product_tag":[],"class_list":{"0":"post-3837","1":"product","2":"type-product","3":"status-publish","4":"has-post-thumbnail","6":"product_cat-valged-veinid","7":"product_cat-veinid","8":"product_cat-prantsuse-1","10":"first","11":"instock","12":"taxable","13":"shipping-taxable","14":"purchasable","15":"product-type-simple","16":"entry","17":"content-bg","18":"loop-entry"},"acf":[],"_links":{"self":[{"href":"https:\/\/mydrink.ee\/fi\/wp-json\/wp\/v2\/product\/3837","targetHints":{"allow":["GET"]}}],"collection":[{"href":"https:\/\/mydrink.ee\/fi\/wp-json\/wp\/v2\/product"}],"about":[{"href":"https:\/\/mydrink.ee\/fi\/wp-json\/wp\/v2\/types\/product"}],"wp:featuredmedia":[{"embeddable":true,"href":"https:\/\/mydrink.ee\/fi\/wp-json\/wp\/v2\/media\/3836"}],"wp:attachment":[{"href":"https:\/\/mydrink.ee\/fi\/wp-json\/wp\/v2\/media?parent=3837"}],"wp:term":[{"taxonomy":"product_brand","embeddable":true,"href":"https:\/\/mydrink.ee\/fi\/wp-json\/wp\/v2\/product_brand?post=3837"},{"taxonomy":"product_cat","embeddable":true,"href":"https:\/\/mydrink.ee\/fi\/wp-json\/wp\/v2\/product_cat?post=3837"},{"taxonomy":"product_tag","embeddable":true,"href":"https:\/\/mydrink.ee\/fi\/wp-json\/wp\/v2\/product_tag?post=3837"}],"curies":[{"name":"wp","href":"https:\/\/api.w.org\/{rel}","templated":true}]}}