{"id":3839,"date":"2017-09-14T23:43:20","date_gmt":"2017-09-14T20:43:20","guid":{"rendered":"https:\/\/mydrink.ee\/product\/m-chapoutier-condrieu-invitare-viognier-21-13-5-75cl\/"},"modified":"2017-09-14T23:43:20","modified_gmt":"2017-09-14T20:43:20","slug":"m-chapoutier-condrieu-invitare-viognier-21-13-5-75cl","status":"publish","type":"product","link":"https:\/\/mydrink.ee\/fi\/product\/m-chapoutier-condrieu-invitare-viognier-21-13-5-75cl\/","title":{"rendered":"M.CHAPOUTIER CONDRIEU INVITARE VIOGNIER \u00b421 13,5% 75CL"},"content":{"rendered":"<div class=\"main-wrap-helper clear\">\n<div class=\"main-content-section\">\n<div class=\"product-details-section\">\n<div class=\"product-details-article\">\n<div class=\"grid\">\n<div class=\"col-7-10\">\n<div class=\"product-details-desc\">\n<h2>Kirjeldus<\/h2>\n<p>Apellatsioon: AOP Condrieu<\/p>\n<p>Pinnas: Kiltkivi, graniit<\/p>\n<p>Arengupotentsiaal:\u00a0 4-6 aastat alates korjeaastast.<\/p>\n<p>Tootja: Michel Chapoutier<\/p>\n<\/div>\n<\/div>\n<\/div>\n<\/div>\n<\/div>\n<\/div>\n<\/div>","protected":false},"excerpt":{"rendered":"<p>Aastak\u00e4ik: 2015<br \/>\nTooteliik: Kaitstud p\u00e4ritolunimetusega vein<br \/>\nMagususe aste: Kuiv<br \/>\nP\u00e4ritolumaa: Prantsusmaa<br \/>\nPiirkond: Rh\u00f2ne Valley (P\u00f5hja-Rhone)<br \/>\nViinamarjasort: 100% Viognier<br \/>\nValmistamine: Viinamarjad korjatakse k\u00e4sitsi, sorteeritakse, eemaldatakse varred. Viinamarjad pressitakse ja veinivirre j\u00e4\u00e4b seisma 48 tunniks, edasi toimub k\u00e4\u00e4ritamine toimub kontrollitud temperatuuril 16-18\u00b0C juures terasvaatides. Vein laagerdub 8 kuud p\u00e4rmisettel terasvaadis ja 15% uutes tammevaatides.<br \/>\nV\u00e4rvus: V\u00e4rvus on kuldkollane, kirgas, viskoossus keskmisest k\u00f5rgem.<br \/>\nAroom: Aroom on v\u00e4rske, tunda k\u00fcpseid kollaseid troopilisi puuvilju, virsikuid, aprikoose ananassi, lit\u0161imarju, valgeid lilli.<br \/>\nMaitse: Maitse on kuiv, keskmise t\u00e4idlusega, tunda k\u00fcpseid troopilisi puuvilju, \u00fclek\u00fcpsenud heledaid luuvilju, v\u00e4rskeid \u00fcrte ja tsitruselist happesust. J\u00e4relmaitse kreemjalt puuviljane.<br \/>\nToidusoovitus: Mereannid, r\u00f6stitud v\u00f5i grillitud kanaliha, sea-ja vasikaliha, Aasia k\u00f6\u00f6k, v\u00fcrtsikate roogade juurde, juustuvalik.<br \/>\nServeerimistemperatuur: jahutatult 10-12\u00b0C Bordeaux t\u00fc\u00fcpi valgeveini klaasist.<br \/>\nSaadaolevad m\u00f5\u00f5dud: 75 cl <\/p>","protected":false},"featured_media":3838,"template":"","meta":{"_acf_changed":false,"_kadence_starter_templates_imported_post":false,"_kad_post_transparent":"","_kad_post_title":"","_kad_post_layout":"","_kad_post_sidebar_id":"","_kad_post_content_style":"","_kad_post_vertical_padding":"","_kad_post_feature":"","_kad_post_feature_position":"","_kad_post_header":false,"_kad_post_footer":false},"product_brand":[],"product_cat":[21,180,57],"product_tag":[],"class_list":{"0":"post-3839","1":"product","2":"type-product","3":"status-publish","4":"has-post-thumbnail","6":"product_cat-valged-veinid","7":"product_cat-veinid","8":"product_cat-prantsuse-1","10":"first","11":"instock","12":"taxable","13":"shipping-taxable","14":"purchasable","15":"product-type-simple","16":"entry","17":"content-bg","18":"loop-entry"},"acf":[],"_links":{"self":[{"href":"https:\/\/mydrink.ee\/fi\/wp-json\/wp\/v2\/product\/3839","targetHints":{"allow":["GET"]}}],"collection":[{"href":"https:\/\/mydrink.ee\/fi\/wp-json\/wp\/v2\/product"}],"about":[{"href":"https:\/\/mydrink.ee\/fi\/wp-json\/wp\/v2\/types\/product"}],"wp:featuredmedia":[{"embeddable":true,"href":"https:\/\/mydrink.ee\/fi\/wp-json\/wp\/v2\/media\/3838"}],"wp:attachment":[{"href":"https:\/\/mydrink.ee\/fi\/wp-json\/wp\/v2\/media?parent=3839"}],"wp:term":[{"taxonomy":"product_brand","embeddable":true,"href":"https:\/\/mydrink.ee\/fi\/wp-json\/wp\/v2\/product_brand?post=3839"},{"taxonomy":"product_cat","embeddable":true,"href":"https:\/\/mydrink.ee\/fi\/wp-json\/wp\/v2\/product_cat?post=3839"},{"taxonomy":"product_tag","embeddable":true,"href":"https:\/\/mydrink.ee\/fi\/wp-json\/wp\/v2\/product_tag?post=3839"}],"curies":[{"name":"wp","href":"https:\/\/api.w.org\/{rel}","templated":true}]}}