{"id":3843,"date":"2017-09-14T23:43:23","date_gmt":"2017-09-14T20:43:23","guid":{"rendered":"https:\/\/mydrink.ee\/product\/m-chapoutier-les-meysonniers-blanc-21-13-vol-75cl\/"},"modified":"2017-09-14T23:43:23","modified_gmt":"2017-09-14T20:43:23","slug":"m-chapoutier-les-meysonniers-blanc-21-13-vol-75cl","status":"publish","type":"product","link":"https:\/\/mydrink.ee\/fi\/product\/m-chapoutier-les-meysonniers-blanc-21-13-vol-75cl\/","title":{"rendered":"M.CHAPOUTIER LES MEYSONNIERS BLANC\u00b421 13% vol 75CL"},"content":{"rendered":"<div class=\"main-wrap-helper clear\">\n<div class=\"main-content-section\">\n<div class=\"product-details-section\">\n<div class=\"product-details-article\">\n<div class=\"grid\">\n<div class=\"col-7-10\">\n<div class=\"product-details-desc\">\n<h2>Kirjeldus<\/h2>\n<p>Apellatsioon: AOP Crozes-Hermitage<\/p>\n<p>Arengupotentsiaal: 5-8 aastat alates korjeaastast.<\/p>\n<p>Tootja: Michel Chapoutier<\/p>\n<\/div>\n<\/div>\n<\/div>\n<\/div>\n<\/div>\n<\/div>\n<\/div>","protected":false},"excerpt":{"rendered":"<p>Aastak\u00e4ik: 2016<br \/>\nTooteliik: Kaitstud p\u00e4ritolunimetusega vein<br \/>\nMagususe aste: Kuiv<br \/>\nP\u00e4ritolumaa: Prantsusmaa<br \/>\nPiirkond: Rh\u00f2ne Valley (P\u00f5hja-Rhone)<br \/>\nViinamarjasort: 100% Marsanne<br \/>\nValmistamine: Les Meysonniers\u201c Crozes-Hermitage Marsanne viinapuud on v\u00e4hemalt 20-40.a. vanused ja n\u00f5lvad paiknevad m\u00e4e l\u00f5unasuunal. Viinamarjad korjatakse k\u00e4sitsi, sorteeritakse, eemaldatakse varred. Veinivirde k\u00e4\u00e4ritamine toimub kontrollitud temperatuuril terasvaatides.<br \/>\nV\u00e4rvus: V\u00e4rvus on helekollane, keskmise viskoossusega.<br \/>\nAroom: Aroomis on tunda kollaseid puuvilju, k\u00fcpseid virsikuid, melonit, pirne, r\u00f6stitud p\u00e4hkleid, floraalseid noote.<br \/>\nMaitse: Maitse on kuiv, keskmise t\u00e4idlusega, veini happesus keskmine, tunda kollaseid puuvilju, mineraalsust, tsitruselisi, \u00fcrdisust ja valget pipart. J\u00e4relmaitse kestev ja v\u00e4rskelt tsitruseline.<br \/>\nToidusoovitus: Erinevad mereannid, karbilised, homaarid, kanaliha, vasika- ja sealiha juurde, aasia k\u00f6\u00f6k, juustuvalik.<br \/>\nServeerimistemperatuur: jahutatult 10-12\u00b0C Bordeaux t\u00fc\u00fcpi valgeveini klaasist.<br \/>\nSaadaolevad m\u00f5\u00f5dud: 75 cl <\/p>","protected":false},"featured_media":3842,"template":"","meta":{"_acf_changed":false,"_kadence_starter_templates_imported_post":false,"_kad_post_transparent":"","_kad_post_title":"","_kad_post_layout":"","_kad_post_sidebar_id":"","_kad_post_content_style":"","_kad_post_vertical_padding":"","_kad_post_feature":"","_kad_post_feature_position":"","_kad_post_header":false,"_kad_post_footer":false},"product_brand":[],"product_cat":[21,180,57],"product_tag":[],"class_list":{"0":"post-3843","1":"product","2":"type-product","3":"status-publish","4":"has-post-thumbnail","6":"product_cat-valged-veinid","7":"product_cat-veinid","8":"product_cat-prantsuse-1","10":"first","11":"instock","12":"taxable","13":"shipping-taxable","14":"purchasable","15":"product-type-simple","16":"entry","17":"content-bg","18":"loop-entry"},"acf":[],"_links":{"self":[{"href":"https:\/\/mydrink.ee\/fi\/wp-json\/wp\/v2\/product\/3843","targetHints":{"allow":["GET"]}}],"collection":[{"href":"https:\/\/mydrink.ee\/fi\/wp-json\/wp\/v2\/product"}],"about":[{"href":"https:\/\/mydrink.ee\/fi\/wp-json\/wp\/v2\/types\/product"}],"wp:featuredmedia":[{"embeddable":true,"href":"https:\/\/mydrink.ee\/fi\/wp-json\/wp\/v2\/media\/3842"}],"wp:attachment":[{"href":"https:\/\/mydrink.ee\/fi\/wp-json\/wp\/v2\/media?parent=3843"}],"wp:term":[{"taxonomy":"product_brand","embeddable":true,"href":"https:\/\/mydrink.ee\/fi\/wp-json\/wp\/v2\/product_brand?post=3843"},{"taxonomy":"product_cat","embeddable":true,"href":"https:\/\/mydrink.ee\/fi\/wp-json\/wp\/v2\/product_cat?post=3843"},{"taxonomy":"product_tag","embeddable":true,"href":"https:\/\/mydrink.ee\/fi\/wp-json\/wp\/v2\/product_tag?post=3843"}],"curies":[{"name":"wp","href":"https:\/\/api.w.org\/{rel}","templated":true}]}}