{"id":3897,"date":"2017-10-07T23:35:52","date_gmt":"2017-10-07T20:35:52","guid":{"rendered":"https:\/\/mydrink.ee\/product\/dourthe-no1-bordeaux-red-75cl\/"},"modified":"2017-10-07T23:35:52","modified_gmt":"2017-10-07T20:35:52","slug":"dourthe-no1-bordeaux-red-75cl","status":"publish","type":"product","link":"https:\/\/mydrink.ee\/fi\/product\/dourthe-no1-bordeaux-red-75cl\/","title":{"rendered":"DOURTHE NO1 BORDEAUX RED 14% 75CL"},"content":{"rendered":"<div class=\"main-wrap-helper clear\">\n<div class=\"main-content-section\">\n<div class=\"product-details-section\">\n<div class=\"product-details-article\">\n<div class=\"grid\">\n<div class=\"col-7-10\">\n<div class=\"product-details-desc\">\n<p>Tootja: CVBG Dourthe Kressmann<br \/>Korje: Viinamarjad korjatakse k\u00e4sitsi, sorteeritakse, eemaldatakse varred, fermentatsioon toimub terasvaatides 8-12 p\u00e4eva temperatuuril 24-26\u00b0C.<br \/>Valmistamine: Vein laagerdub 12 kuud uutes Prantuse tammevaatides (225l) ja osa veinist laagerdub 80HL suurustes tammevaatides.<br \/>Arengupotentsiaal: 10 aastat alates korjeaastast.<\/p>\n<p><\/p>\n<\/div>\n<\/div>\n<\/div>\n<\/div>\n<\/div>\n<\/div>\n<\/div>","protected":false},"excerpt":{"rendered":"<p>Tooteliik: Kaitstud p\u00e4ritolunimetusega vein<br \/>\nAastak\u00e4ik: 2015<br \/>\nMaht: 75CL<br \/>\nAlkoholisisaldus: 13%<br \/>\nP\u00e4ritolumaa: Prantsusmaa<br \/>\nPiirkond: AOC Bordeaux<br \/>\nViinamarjasort: Merlot, Cabernet Sauvignon, Petit Verdot<br \/>\nV\u00e4rvus: Rubiinpunane, intensiivne.<br \/>\nAroom: Tunda on k\u00fcpseid musti marju, musts\u00f5straid, p\u00f5ldmarju, musti ploome, piima\u0161okolaadi ja veidi piprasust.<br \/>\nMaitse: Kuiv, t\u00e4idlane, kompleksne, tunda k\u00fcpseid musti marju, kuivatatud ploome, j\u00e4relmaitses pehmed tanniinid.<br \/>\nToidusoovitus: Veiseliha, lamba-ja ulukilihast valmistatud roogade juurde, juustuvalik.<br \/>\nServeerimistemperatuur: 16-18\u00b0C Bordeaux t\u00fc\u00fcpi punaveini klaasist.<\/p>","protected":false},"featured_media":3896,"template":"","meta":{"_acf_changed":false,"_kadence_starter_templates_imported_post":false,"_kad_post_transparent":"","_kad_post_title":"","_kad_post_layout":"","_kad_post_sidebar_id":"","_kad_post_content_style":"","_kad_post_vertical_padding":"","_kad_post_feature":"","_kad_post_feature_position":"","_kad_post_header":false,"_kad_post_footer":false},"product_brand":[],"product_cat":[20,180,32],"product_tag":[],"class_list":{"0":"post-3897","1":"product","2":"type-product","3":"status-publish","4":"has-post-thumbnail","6":"product_cat-punased-veinid","7":"product_cat-veinid","8":"product_cat-prantsuse","10":"first","11":"instock","12":"taxable","13":"shipping-taxable","14":"purchasable","15":"product-type-simple","16":"entry","17":"content-bg","18":"loop-entry"},"acf":[],"_links":{"self":[{"href":"https:\/\/mydrink.ee\/fi\/wp-json\/wp\/v2\/product\/3897","targetHints":{"allow":["GET"]}}],"collection":[{"href":"https:\/\/mydrink.ee\/fi\/wp-json\/wp\/v2\/product"}],"about":[{"href":"https:\/\/mydrink.ee\/fi\/wp-json\/wp\/v2\/types\/product"}],"wp:featuredmedia":[{"embeddable":true,"href":"https:\/\/mydrink.ee\/fi\/wp-json\/wp\/v2\/media\/3896"}],"wp:attachment":[{"href":"https:\/\/mydrink.ee\/fi\/wp-json\/wp\/v2\/media?parent=3897"}],"wp:term":[{"taxonomy":"product_brand","embeddable":true,"href":"https:\/\/mydrink.ee\/fi\/wp-json\/wp\/v2\/product_brand?post=3897"},{"taxonomy":"product_cat","embeddable":true,"href":"https:\/\/mydrink.ee\/fi\/wp-json\/wp\/v2\/product_cat?post=3897"},{"taxonomy":"product_tag","embeddable":true,"href":"https:\/\/mydrink.ee\/fi\/wp-json\/wp\/v2\/product_tag?post=3897"}],"curies":[{"name":"wp","href":"https:\/\/api.w.org\/{rel}","templated":true}]}}