{"id":3968,"date":"2018-04-12T20:42:13","date_gmt":"2018-04-12T17:42:13","guid":{"rendered":"https:\/\/mydrink.ee\/product\/peter-lehmann-botrytis-semillon-17-11-37-5cl\/"},"modified":"2018-04-12T20:42:13","modified_gmt":"2018-04-12T17:42:13","slug":"peter-lehmann-botrytis-semillon-17-11-37-5cl","status":"publish","type":"product","link":"https:\/\/mydrink.ee\/fi\/product\/peter-lehmann-botrytis-semillon-17-11-37-5cl\/","title":{"rendered":"PETER LEHMANN BOTRYTIS SEMILLON\u00b417 11% 37.5CL"},"content":{"rendered":"<p style=\"margin-bottom: 1.47em; line-height: 1.8; color: #000000; font-family: open-sans, sans-serif; font-size: 14px; font-style: normal; font-variant-ligatures: normal; font-variant-caps: normal; font-weight: 400; letter-spacing: normal; orphans: 2; text-align: justify; text-indent: 0px; text-transform: none; white-space: normal; widows: 2; word-spacing: 0px; -webkit-text-stroke-width: 0px; background-color: #ffffff; text-decoration-style: initial; text-decoration-color: initial;\">Tootja: Peter Lehmann<br \/>Arengupotentsiaal: 20 aastat alates korjeaastat.<\/p>","protected":false},"excerpt":{"rendered":"<p>Tooteliik: Dessertvein<br \/>\nMagususe aste: Magus<br \/>\nP\u00e4ritolumaa: Austraalia<br \/>\nPiirkond: L\u00f5una-Austraalia, Barossa Valley<br \/>\nViinamarjasort: 100% Semillon<br \/>\nValmistamine: Viinamarjad pressitakse, veinivirre on kestakontaktis 24 tundi. J\u00e4rgmisel p\u00e4eval eraldatakse kestad veinivirdest ning toimub kontrollitud temperatuuril k\u00fclm fermentatsioon.<br \/>\nV\u00e4rvus: V\u00e4rvus on kuldkollane, kirgas.<br \/>\nAroom: Aroomis on tunda k\u00fcpseid troopilisi puuvilju, kuivatatud aprikoose, magusaid tsitruselisi, veidi r\u00f6stitud mandleid.<br \/>\nMaitse: Maitse on magus, t\u00e4idlane, keskmise happesusega, Tunda kuivatatud puuvilju, aprikoose, ananassi, apelsinisukaadi, mesilasvaha. J\u00e4relmaitse on pikk ja puuviljane.<br \/>\nToidusoovitus: Dessertide (koorep\u00f5hised magustoidud) juurde, Creme Brul\u00e8e, hanemaks (foie gras), sinihallitusjuustud.<br \/>\nServeerimistemperatuur: jahutatult 7-9\u00b0C Bordeaux t\u00fc\u00fcpi valgeveini klaasist.<\/p>","protected":false},"featured_media":3967,"template":"","meta":{"_acf_changed":false,"_kadence_starter_templates_imported_post":false,"_kad_post_transparent":"","_kad_post_title":"","_kad_post_layout":"","_kad_post_sidebar_id":"","_kad_post_content_style":"","_kad_post_vertical_padding":"","_kad_post_feature":"","_kad_post_feature_position":"","_kad_post_header":false,"_kad_post_footer":false},"product_brand":[],"product_cat":[53,21],"product_tag":[],"class_list":{"0":"post-3968","1":"product","2":"type-product","3":"status-publish","4":"has-post-thumbnail","6":"product_cat-austraalia-1","7":"product_cat-valged-veinid","9":"first","10":"instock","11":"taxable","12":"shipping-taxable","13":"purchasable","14":"product-type-simple","15":"entry","16":"content-bg","17":"loop-entry"},"acf":[],"_links":{"self":[{"href":"https:\/\/mydrink.ee\/fi\/wp-json\/wp\/v2\/product\/3968","targetHints":{"allow":["GET"]}}],"collection":[{"href":"https:\/\/mydrink.ee\/fi\/wp-json\/wp\/v2\/product"}],"about":[{"href":"https:\/\/mydrink.ee\/fi\/wp-json\/wp\/v2\/types\/product"}],"wp:featuredmedia":[{"embeddable":true,"href":"https:\/\/mydrink.ee\/fi\/wp-json\/wp\/v2\/media\/3967"}],"wp:attachment":[{"href":"https:\/\/mydrink.ee\/fi\/wp-json\/wp\/v2\/media?parent=3968"}],"wp:term":[{"taxonomy":"product_brand","embeddable":true,"href":"https:\/\/mydrink.ee\/fi\/wp-json\/wp\/v2\/product_brand?post=3968"},{"taxonomy":"product_cat","embeddable":true,"href":"https:\/\/mydrink.ee\/fi\/wp-json\/wp\/v2\/product_cat?post=3968"},{"taxonomy":"product_tag","embeddable":true,"href":"https:\/\/mydrink.ee\/fi\/wp-json\/wp\/v2\/product_tag?post=3968"}],"curies":[{"name":"wp","href":"https:\/\/api.w.org\/{rel}","templated":true}]}}