{"id":4027,"date":"2018-07-18T20:31:09","date_gmt":"2018-07-18T17:31:09","guid":{"rendered":"https:\/\/mydrink.ee\/product\/martin-millers-westbournestrength-45-2-70cl\/"},"modified":"2018-07-18T20:31:09","modified_gmt":"2018-07-18T17:31:09","slug":"martin-millers-westbournestrength-45-2-70cl","status":"publish","type":"product","link":"https:\/\/mydrink.ee\/fi\/product\/martin-millers-westbournestrength-45-2-70cl\/","title":{"rendered":"MARTIN MILLERS WESTBOURNESTRENGTH 45,2% 70CL"},"content":{"rendered":"<h2 style=\"font-weight: 300; margin-bottom: 1.1em; font-size: 30px; color: #0c4692; font-family: open-sans, sans-serif; font-style: normal; font-variant-ligatures: normal; font-variant-caps: normal; letter-spacing: normal; orphans: 2; text-align: justify; text-indent: 0px; text-transform: none; white-space: normal; widows: 2; word-spacing: 0px; -webkit-text-stroke-width: 0px; background-color: #ffffff; text-decoration-style: initial; text-decoration-color: initial;\">Kirjeldus<\/h2>\n<p style=\"margin-bottom: 1.47em; line-height: 1.8; margin-top: -15px; color: #000000; font-family: open-sans, sans-serif; font-size: 14px; font-style: normal; font-variant-ligatures: normal; font-variant-caps: normal; font-weight: 400; letter-spacing: normal; orphans: 2; text-align: justify; text-indent: 0px; text-transform: none; white-space: normal; widows: 2; word-spacing: 0px; -webkit-text-stroke-width: 0px; background-color: #ffffff; text-decoration-style: initial; text-decoration-color: initial;\"><span style=\"color: #000000; font-family: Calibri;\">S\u00fcndinud armastusest, kinnisideest ning t\u00fckike hullusest \u2013 Martin Miller\u2019s Gin loodi 1999 t\u00f5elise d\u017einni-armastaja Martin Milleri ning tema kahe s\u00f5bra David Bromige ja Andreas Versteegh poolt.<br \/>Martin Miller\u2019s Gin on esimene kaasaegne preemium d\u017einn maailmas. Vaatamata oma noorele vanusele on Martin Miller\u2019s Gin viimase k\u00fcmne aasta jooksul v\u00f5itnud maailmas enim auhindu.<\/span><\/p>\n<p style=\"margin-bottom: 1.47em; line-height: 1.8; color: #000000; font-family: open-sans, sans-serif; font-size: 14px; font-style: normal; font-variant-ligatures: normal; font-variant-caps: normal; font-weight: 400; letter-spacing: normal; orphans: 2; text-align: justify; text-indent: 0px; text-transform: none; white-space: normal; widows: 2; word-spacing: 0px; -webkit-text-stroke-width: 0px; background-color: #ffffff; text-decoration-style: initial; text-decoration-color: initial;\"><a href=\"http:\/\/www.martinmillersgin.com\/awards\/\" style=\"background: transparent; color: #083f88; text-decoration: none;\" rel=\"noopener\"><img loading=\"lazy\" decoding=\"async\" alt=\"\" class=\"alignnone wp-image-13924\" height=\"106\" src=\"http:\/\/tridens.ee\/wp-content\/uploads\/2018\/07\/mmg_Logo-and-medals-300x158.jpg\" style=\"border: 0px;\" width=\"200\" \/><\/a><\/p>\n<p style=\"margin-bottom: 1.47em; line-height: 1.8; color: #000000; font-family: open-sans, sans-serif; font-size: 14px; font-style: normal; font-variant-ligatures: normal; font-variant-caps: normal; font-weight: 400; letter-spacing: normal; orphans: 2; text-align: justify; text-indent: 0px; text-transform: none; white-space: normal; widows: 2; word-spacing: 0px; -webkit-text-stroke-width: 0px; background-color: #ffffff; text-decoration-style: initial; text-decoration-color: initial;\">Martin Miller\u2019s d\u017einni valmistamisel kasutatakse k\u00fcmmet erinevat \u00fcrti, mille hulka kuuluvad: kadakamari, koriander, angeelika-, lagritsa- ja iirisejuur, kassiakoor, muskaatp\u00e4hkel, apelsinikoor, sidrunikoor, laimi\u00f5li.<br \/>Toodetakse<span>\u00a0<\/span><em>pot still<\/em><span>\u00a0<\/span>(padadestillaatsioon) meetodil kahest erinevast destillaadist \u2013 tsitruselised destilleeritakse eraldi \u00fclej\u00e4\u00e4nud \u00fcrtidest.<br \/>Seej\u00e4rel kaks erinevat destillaati segatakse ja matsereeritakse ehk leotatakse veel v\u00e4hemalt 10 p\u00e4eva. Selline kahekordne protsess annab tootele tsitruseviljadest tuleneva v\u00e4rskuse, mis puudub teistel d\u017einnidel.<br \/>Kui destilleerimine on l\u00e4bi, r\u00e4ndab d\u017einn 3000 miili ja j\u00f5uab Borgarnes\u2019i \u2013 k\u00fclla, mis asub Islandi l\u00e4\u00e4nerannikul, kus sellele lisatakse puhtaim vesi maailmas. Vesi p\u00e4rineb sulanud liustikest, mis on looduslikult filtreeritud vulkaaniliste kivimite poolt.<\/p>\n<p style=\"margin-bottom: 1.47em; line-height: 1.8; color: #000000; font-family: open-sans, sans-serif; font-size: 14px; font-style: normal; font-variant-ligatures: normal; font-variant-caps: normal; font-weight: 400; letter-spacing: normal; orphans: 2; text-align: justify; text-indent: 0px; text-transform: none; white-space: normal; widows: 2; word-spacing: 0px; -webkit-text-stroke-width: 0px; background-color: #ffffff; text-decoration-style: initial; text-decoration-color: initial;\">Serveerimisviis: Ideaalne d\u017einn klassikaliste kokteilide ja martinide valmistamiseks.<\/p>","protected":false},"excerpt":{"rendered":"<p>Tooteliik: Gin<br \/>\nP\u00e4ritolumaa: Inglismaa<br \/>\nAlkoholisisaldus: 45,2%<br \/>\nV\u00e4rvus: V\u00e4rvitu, selge.<br \/>\nAroom: Kadakas, kassiakoor, muskaatp\u00e4hkel.<br \/>\nMaitse: Rikkalik ja v\u00fcrtsine, domineerib kadakamari. V\u00fcrtsidest t\u00f5usevad esile kassia ja muskaatp\u00e4hkel.<\/p>","protected":false},"featured_media":4026,"template":"","meta":{"_acf_changed":false,"_kadence_starter_templates_imported_post":false,"_kad_post_transparent":"","_kad_post_title":"","_kad_post_layout":"","_kad_post_sidebar_id":"","_kad_post_content_style":"","_kad_post_vertical_padding":"","_kad_post_feature":"","_kad_post_feature_position":"","_kad_post_header":false,"_kad_post_footer":false},"product_brand":[],"product_cat":[39,26],"product_tag":[],"class_list":{"0":"post-4027","1":"product","2":"type-product","3":"status-publish","4":"has-post-thumbnail","6":"product_cat-gin","7":"product_cat-kange-alkohol","9":"first","10":"instock","11":"taxable","12":"shipping-taxable","13":"purchasable","14":"product-type-simple","15":"entry","16":"content-bg","17":"loop-entry"},"acf":[],"_links":{"self":[{"href":"https:\/\/mydrink.ee\/fi\/wp-json\/wp\/v2\/product\/4027","targetHints":{"allow":["GET"]}}],"collection":[{"href":"https:\/\/mydrink.ee\/fi\/wp-json\/wp\/v2\/product"}],"about":[{"href":"https:\/\/mydrink.ee\/fi\/wp-json\/wp\/v2\/types\/product"}],"wp:featuredmedia":[{"embeddable":true,"href":"https:\/\/mydrink.ee\/fi\/wp-json\/wp\/v2\/media\/4026"}],"wp:attachment":[{"href":"https:\/\/mydrink.ee\/fi\/wp-json\/wp\/v2\/media?parent=4027"}],"wp:term":[{"taxonomy":"product_brand","embeddable":true,"href":"https:\/\/mydrink.ee\/fi\/wp-json\/wp\/v2\/product_brand?post=4027"},{"taxonomy":"product_cat","embeddable":true,"href":"https:\/\/mydrink.ee\/fi\/wp-json\/wp\/v2\/product_cat?post=4027"},{"taxonomy":"product_tag","embeddable":true,"href":"https:\/\/mydrink.ee\/fi\/wp-json\/wp\/v2\/product_tag?post=4027"}],"curies":[{"name":"wp","href":"https:\/\/api.w.org\/{rel}","templated":true}]}}