{"id":4097,"date":"2018-11-21T21:38:08","date_gmt":"2018-11-21T19:38:08","guid":{"rendered":"https:\/\/mydrink.ee\/product\/piper-heidsieck-champagne-brut12-20cl\/"},"modified":"2025-11-27T12:32:08","modified_gmt":"2025-11-27T10:32:08","slug":"piper-heidsieck-champagne-brut12-20cl","status":"publish","type":"product","link":"https:\/\/mydrink.ee\/fi\/product\/piper-heidsieck-champagne-brut12-20cl\/","title":{"rendered":"PIPER HEIDSIECK CHAMPAGNE BRUT12% 20CL"},"content":{"rendered":"<p style=\"margin-bottom: 1.47em; line-height: 1.8; margin-top: -15px; color: #000000; font-family: open-sans, sans-serif; font-size: 14px; font-style: normal; font-variant-ligatures: normal; font-variant-caps: normal; font-weight: 400; letter-spacing: normal; orphans: 2; text-indent: 0px; text-transform: none; white-space: normal; widows: 2; word-spacing: 0px; -webkit-text-stroke-width: 0px; background-color: #ffffff; text-decoration-style: initial; text-decoration-color: initial;\"><span style=\"font-size: x-small;\"><strong style=\"font-weight: bold;\">Piper Heidsieck Cuvee Brut<\/strong>\u00a0on v\u00e4ga heas tasakaalus \u0161ampanja. Iseloomustab eelk\u00f5ige mineraalne isikup\u00e4ra.<\/span><br \/><span style=\"font-size: x-small;\">Piper-Heidsieck Brut \u0161ampanja veinide vahekord: Pinot Noir 55%, Pinot Meunier 30%, Chardonnay 15%.<br \/><\/span><span style=\"font-size: x-small;\"><strong style=\"font-weight: bold;\">Jaanuaris 2015 lisandus suurep\u00e4rane uudis!<br \/><\/strong><strong style=\"font-weight: bold;\">PIPER-HEIDSIECK<\/strong> on s\u00f5lminud Oscarite gala ametliku \u0161ampanjalepingu.<br \/><\/span><span style=\"font-size: x-small;\"><em>Piper-Heidsiecki veinifirma asutas <strong style=\"font-weight: bold;\">16. juulil 1785<\/strong> Florens-Louis Heidsieck. \u00dcks erakordne \u0161ampanja p\u00fchendati Prantsuse kuningannale Marie-Antoniette\u2019le ning selle auks anti Florens-Louis Heidsieckile v\u00f5imalus kuningannale oma \u0161ampanjasid esitleda. Sellest sai alguse Piper-Heidsiecki \u0161ampanjade eduk\u00e4ik.<br \/><\/em><\/span><span style=\"font-size: x-small;\"><em>Punase etiketiga Piper-Heidsieck on maailma \u00fcks tuntumatest ja hinnatumatest \u0161ampanja kaubam\u00e4rkidest. Seda tuntakse esmajoones t\u00e4nu paljudele filmit\u00e4htedele, nagu n\u00e4iteks <strong style=\"font-weight: bold;\">Marilyn Monroe\u2019le<\/strong>, kellele Piper-Heidsieck oli lemmik\u0161ampanja. Piper-Heidsiecki \u0161ampanjad segatakse kokku eri aastak\u00e4ikude veinidest, mis on valmistatud k\u00f5igist kolmest Champagne\u2019i piirkonna <\/em><em>viinamarja sordist.<br \/><\/em><\/span><span style=\"font-size: x-small;\"><em>Piper-Heidsiecki veinimeister Regis Camus on v\u00f5itnud viimase k\u00fcmne aasta jooksul kaheksa korda International Wine Challenge\u2019i auhinna kui parim Champagne\u2019i piirkonna veinimeister (Winemaker of the Year).<br \/><\/em><\/span><span style=\"font-size: x-small;\"><em>Ongoing Extravaganza Since 1785<\/em><\/span><\/p>","protected":false},"excerpt":{"rendered":"<p>Tooteliik: Shampanja<br \/>\nSaadaolevad m\u00f5\u00f5dud: 20CL<br \/>\nMagususe aste. Kuiv<br \/>\nP\u00e4ritolumaa: Prantsusmaa<br \/>\nPiirkond: Champagne<br \/>\nAlkoholisisaldus: 12%<br \/>\nKogus kastis: 24 pdl<br \/>\nV\u00e4rvus: V\u00e4ga kirgas ja samas \u00f5rn kuldne toon.<br \/>\nAroom: V\u00e4rsked kevadlilled, kuid eriti tunda viirpuu aroomi. Puuviljased \u00f5una ja pirni aroomid, kergelt r\u00f6stitud sidruni aroom.<br \/>\nMaitse: Elulisus ja v\u00e4rskus. Tsitruse noodid viivad teatud k\u00fcpsuseni. T\u00e4idlus ja mineraalsed n\u00fcansid annavad joogile veelgi isikup\u00e4rasema iseloomu.<\/p>","protected":false},"featured_media":4096,"template":"","meta":{"_acf_changed":false,"_kadence_starter_templates_imported_post":false,"_kad_post_transparent":"","_kad_post_title":"","_kad_post_layout":"","_kad_post_sidebar_id":"","_kad_post_content_style":"","_kad_post_vertical_padding":"","_kad_post_feature":"","_kad_post_feature_position":"","_kad_post_header":false,"_kad_post_footer":false},"product_brand":[],"product_cat":[122,24],"product_tag":[],"class_list":{"0":"post-4097","1":"product","2":"type-product","3":"status-publish","4":"has-post-thumbnail","6":"product_cat-shampanjad","7":"product_cat-vahuveinid","9":"first","10":"instock","11":"taxable","12":"shipping-taxable","13":"purchasable","14":"product-type-simple","15":"entry","16":"content-bg","17":"loop-entry"},"acf":[],"_links":{"self":[{"href":"https:\/\/mydrink.ee\/fi\/wp-json\/wp\/v2\/product\/4097","targetHints":{"allow":["GET"]}}],"collection":[{"href":"https:\/\/mydrink.ee\/fi\/wp-json\/wp\/v2\/product"}],"about":[{"href":"https:\/\/mydrink.ee\/fi\/wp-json\/wp\/v2\/types\/product"}],"wp:featuredmedia":[{"embeddable":true,"href":"https:\/\/mydrink.ee\/fi\/wp-json\/wp\/v2\/media\/4096"}],"wp:attachment":[{"href":"https:\/\/mydrink.ee\/fi\/wp-json\/wp\/v2\/media?parent=4097"}],"wp:term":[{"taxonomy":"product_brand","embeddable":true,"href":"https:\/\/mydrink.ee\/fi\/wp-json\/wp\/v2\/product_brand?post=4097"},{"taxonomy":"product_cat","embeddable":true,"href":"https:\/\/mydrink.ee\/fi\/wp-json\/wp\/v2\/product_cat?post=4097"},{"taxonomy":"product_tag","embeddable":true,"href":"https:\/\/mydrink.ee\/fi\/wp-json\/wp\/v2\/product_tag?post=4097"}],"curies":[{"name":"wp","href":"https:\/\/api.w.org\/{rel}","templated":true}]}}